{"id":1878,"date":"2020-07-21T19:03:52","date_gmt":"2020-07-21T19:03:52","guid":{"rendered":"https:\/\/www.edypro-online.com\/producto\/sin%20categor\u00eda\/zima-max-fierro\/"},"modified":"2025-03-11T08:00:13","modified_gmt":"2025-03-11T08:00:13","slug":"zima-max-fierro","status":"publish","type":"product","link":"https:\/\/www.edypro-online.com\/it\/producto\/correctores-especificos\/zima-max-fierro\/","title":{"rendered":"ZIMA MAX FIERRO"},"content":{"rendered":"<p><strong>ZIMA MAX FIERRO<\/strong> \u00e8 un correttore di carenze di Zinco, Manganese e Ferro con rapida assimilazione ed azione diretta nella prevenzione e correzione della carenza di questi elementi.<\/p>\n<p><strong>ZIMA MAX FIERRO<\/strong> \u00e8 un prodotto biotecnologico a lento cesione nella massa vegetativa che provoca la produzione e lo stoccaggio di importanti composti utilizzati dalla cellula vegetale. Questi composti svolgono un ruolo importante in processi come la fotosintesi, la sintesi di lipidi e amminoacidi, determinando il colore di frutti e fiori, tra le altre funzioni. In questo modo <strong>ZIMA MAX FIERRO<\/strong> fornisce alla pianta sufficienti riserve di zinco, manganese e ferro per assimilarle e utilizzarle secondo le proprie esigenze fisiologiche.<\/p>\n<p>Lo Zinco fornito da <strong>ZIMA MAX FIERRO<\/strong> influenza direttamente la sintesi degli acidi nucleici e la formazione delle proteine. <strong>ZIMA MAX FIERRO<\/strong> ha un effetto diretto sulla regolazione della crescita controllando il metabolismo dell&#8217;auxina.<\/p>\n<p>Il Manganese in <strong>ZIMA MAX FIERRO<\/strong> influenza direttamente l&#8217;attivazione di diversi enzimi, la sintesi della clorofilla, la fotosintesi e la riduzione dei nitrati.<\/p>\n<p>Il Ferro fornito da <strong>ZIMA MAX FIERRO<\/strong> \u00e8 ambivalente e ha un&#8217;elevata assimilazione radicale e fogliare. Il ferro \u00e8 un elemento essenziale per la sintesi della clorofilla, il cui pigmento verde \u00e8 responsabile della fotosintesi.<\/p>","protected":false},"excerpt":{"rendered":"<p>Miscela liquida di minerali micronutrienti: Manganese (Mn) e Zinco (Zn) con Ferro (Fe).<\/p>\n","protected":false},"featured_media":7960,"comment_status":"open","ping_status":"closed","template":"","meta":{"_acf_changed":false,"_seopress_robots_primary_cat":"none","_seopress_titles_title":"ZIMA MAX FIERRO | Producto Corrector Biotecnolog\u00eda","_seopress_titles_desc":"ZIMA MAX FIERRO es un producto corrector para las plantas que carecen de Zinc, Manganeso y Hierro. Compra en edypro-online ZIMA MAX FIERRO.","_seopress_robots_index":"","_uag_custom_page_level_css":"","site-sidebar-layout":"default","site-content-layout":"default","ast-site-content-layout":"default","site-content-style":"default","site-sidebar-style":"default","ast-global-header-display":"","ast-banner-title-visibility":"","ast-main-header-display":"","ast-hfb-above-header-display":"","ast-hfb-below-header-display":"","ast-hfb-mobile-header-display":"","site-post-title":"","ast-breadcrumbs-content":"","ast-featured-img":"","footer-sml-layout":"","ast-disable-related-posts":"","theme-transparent-header-meta":"default","adv-header-id-meta":"","stick-header-meta":"","header-above-stick-meta":"","header-main-stick-meta":"","header-below-stick-meta":"","astra-migrate-meta-layouts":"set","ast-page-background-enabled":"default","ast-page-background-meta":{"desktop":{"background-color":"","background-image":"","background-repeat":"repeat","background-position":"center center","background-size":"auto","background-attachment":"scroll","background-type":"","background-media":"","overlay-type":"","overlay-color":"","overlay-opacity":"","overlay-gradient":""},"tablet":{"background-color":"","background-image":"","background-repeat":"repeat","background-position":"center center","background-size":"auto","background-attachment":"scroll","background-type":"","background-media":"","overlay-type":"","overlay-color":"","overlay-opacity":"","overlay-gradient":""},"mobile":{"background-color":"","background-image":"","background-repeat":"repeat","background-position":"center center","background-size":"auto","background-attachment":"scroll","background-type":"","background-media":"","overlay-type":"","overlay-color":"","overlay-opacity":"","overlay-gradient":""}},"ast-content-background-meta":{"desktop":{"background-color":"var(--ast-global-color-5)","background-image":"","background-repeat":"repeat","background-position":"center center","background-size":"auto","background-attachment":"scroll","background-type":"","background-media":"","overlay-type":"","overlay-color":"","overlay-opacity":"","overlay-gradient":""},"tablet":{"background-color":"var(--ast-global-color-5)","background-image":"","background-repeat":"repeat","background-position":"center center","background-size":"auto","background-attachment":"scroll","background-type":"","background-media":"","overlay-type":"","overlay-color":"","overlay-opacity":"","overlay-gradient":""},"mobile":{"background-color":"var(--ast-global-color-5)","background-image":"","background-repeat":"repeat","background-position":"center center","background-size":"auto","background-attachment":"scroll","background-type":"","background-media":"","overlay-type":"","overlay-color":"","overlay-opacity":"","overlay-gradient":""}}},"product_brand":[],"product_cat":[181],"product_tag":[198,207],"class_list":{"0":"post-1878","1":"product","2":"type-product","3":"status-publish","4":"has-post-thumbnail","6":"product_cat-correctores-especificos","7":"product_tag-radicular","8":"product_tag-residuo-cero","9":"desktop-align-left","10":"tablet-align-left","11":"mobile-align-left","12":"ast-product-gallery-layout-horizontal","13":"ast-product-single-variable","14":"ast-product-tabs-layout-vertical","16":"first","17":"instock","18":"shipping-taxable","19":"product-type-variable"},"acf":[],"uagb_featured_image_src":{"full":["https:\/\/www.edypro-online.com\/wp-content\/uploads\/images\/secciones\/EvernoteSnapshot20180130163427X1.jpg",800,599,false],"thumbnail":["https:\/\/www.edypro-online.com\/wp-content\/uploads\/images\/secciones\/EvernoteSnapshot20180130163427X1.jpg",150,112,false],"medium":["https:\/\/www.edypro-online.com\/wp-content\/uploads\/images\/secciones\/EvernoteSnapshot20180130163427X1.jpg",300,225,false],"medium_large":["https:\/\/www.edypro-online.com\/wp-content\/uploads\/images\/secciones\/EvernoteSnapshot20180130163427X1.jpg",768,575,false],"large":["https:\/\/www.edypro-online.com\/wp-content\/uploads\/images\/secciones\/EvernoteSnapshot20180130163427X1.jpg",800,599,false],"1536x1536":["https:\/\/www.edypro-online.com\/wp-content\/uploads\/images\/secciones\/EvernoteSnapshot20180130163427X1.jpg",800,599,false],"2048x2048":["https:\/\/www.edypro-online.com\/wp-content\/uploads\/images\/secciones\/EvernoteSnapshot20180130163427X1.jpg",800,599,false],"woocommerce_thumbnail":["https:\/\/www.edypro-online.com\/wp-content\/uploads\/images\/secciones\/EvernoteSnapshot20180130163427X1-300x300.jpg",300,300,true],"woocommerce_single":["https:\/\/www.edypro-online.com\/wp-content\/uploads\/images\/secciones\/EvernoteSnapshot20180130163427X1.jpg",600,449,false],"woocommerce_gallery_thumbnail":["https:\/\/www.edypro-online.com\/wp-content\/uploads\/images\/secciones\/EvernoteSnapshot20180130163427X1-100x100.jpg",100,100,true],"web-stories-poster-portrait":["https:\/\/www.edypro-online.com\/wp-content\/uploads\/images\/secciones\/EvernoteSnapshot20180130163427X1.jpg",640,479,false],"web-stories-publisher-logo":["https:\/\/www.edypro-online.com\/wp-content\/uploads\/images\/secciones\/EvernoteSnapshot20180130163427X1.jpg",96,72,false],"web-stories-thumbnail":["https:\/\/www.edypro-online.com\/wp-content\/uploads\/images\/secciones\/EvernoteSnapshot20180130163427X1.jpg",150,112,false],"dgwt-wcas-product-suggestion":["https:\/\/www.edypro-online.com\/wp-content\/uploads\/images\/secciones\/EvernoteSnapshot20180130163427X1.jpg",64,48,false]},"uagb_author_info":{"display_name":"a3p","author_link":"https:\/\/www.edypro-online.com\/it\/author\/"},"uagb_comment_info":3,"uagb_excerpt":"Miscela liquida di minerali micronutrienti: Manganese (Mn) e Zinco (Zn) con Ferro (Fe).","_links":{"self":[{"href":"https:\/\/www.edypro-online.com\/it\/wp-json\/wp\/v2\/product\/1878","targetHints":{"allow":["GET"]}}],"collection":[{"href":"https:\/\/www.edypro-online.com\/it\/wp-json\/wp\/v2\/product"}],"about":[{"href":"https:\/\/www.edypro-online.com\/it\/wp-json\/wp\/v2\/types\/product"}],"replies":[{"embeddable":true,"href":"https:\/\/www.edypro-online.com\/it\/wp-json\/wp\/v2\/comments?post=1878"}],"wp:featuredmedia":[{"embeddable":true,"href":"https:\/\/www.edypro-online.com\/it\/wp-json\/wp\/v2\/media\/7960"}],"wp:attachment":[{"href":"https:\/\/www.edypro-online.com\/it\/wp-json\/wp\/v2\/media?parent=1878"}],"wp:term":[{"taxonomy":"product_brand","embeddable":true,"href":"https:\/\/www.edypro-online.com\/it\/wp-json\/wp\/v2\/product_brand?post=1878"},{"taxonomy":"product_cat","embeddable":true,"href":"https:\/\/www.edypro-online.com\/it\/wp-json\/wp\/v2\/product_cat?post=1878"},{"taxonomy":"product_tag","embeddable":true,"href":"https:\/\/www.edypro-online.com\/it\/wp-json\/wp\/v2\/product_tag?post=1878"}],"curies":[{"name":"wp","href":"https:\/\/api.w.org\/{rel}","templated":true}]}}