{"id":1817,"date":"2020-07-21T19:03:36","date_gmt":"2020-07-21T19:03:36","guid":{"rendered":"https:\/\/www.edypro-online.com\/producto\/sin%20categor\u00eda\/root-rice\/"},"modified":"2024-11-25T15:02:48","modified_gmt":"2024-11-25T15:02:48","slug":"root-rice","status":"publish","type":"product","link":"https:\/\/www.edypro-online.com\/it\/producto\/biotecnologia-de-precision\/root-rice\/","title":{"rendered":"ROOT RICE"},"content":{"rendered":"<p><strong>ROOT RICE\u00a0<\/strong>appartiene ad una nuova generazione di nutrienti specifici per il seme, essenziale per ottenere elevate prestazioni della coltura ed evitare mancanza di emergenza. La sua incorporazione aiuta la germinazione in condizioni meteorologiche avverse causate dalla mancanza di temperatura ed altre condizioni climatiche sfavorevoli, come la mancanza di luce. Favorisce inoltre la fissazione dell&#8217;azoto atmosferico da parte dei batteri azotofissatori, aumentando la resa delle colture.<\/p>\n<p><strong>ROOT RICE <\/strong>fornisce le sostanze nutritive necessarie al seme per avviare con forza il processo di germinazione. Nella sua azione, uniforma lo sviluppo vegetativo della coltura nelle sue prime fasi. <strong style=\"font-size: 16px;\">ROOT RICE<\/strong><span style=\"font-size: 16px;\">\u00a0\u00e8 essenziale\u00a0in Agricoltura di Precisione.<\/span><\/p>\n<p style=\"text-align: center;\"><strong>VANTAGGI E BENEFICI DI ROOT RICE:<\/strong><\/p>\n<ul>\n<li>Con\u00a0<strong>ROOT RICE<\/strong>\u00a0\u00e8 possibile ridurre la dose di semina fino al 20% per evitare un&#8217;eccesiva densit\u00e0 di piante per m<sup>2<\/sup>.<\/li>\n<li><strong>ROOT RICE<\/strong>\u00a0ottimizza la capacit\u00e0 di emergenza del germoplasma della semente.<\/li>\n<li>Aiuta la germinazione dei semi in condizioni atmosferiche avverse causate dalla mancanza di temperatura e di altre condizioni climatiche, quali la mancanza di luce.<\/li>\n<li><strong>ROOT RICE<\/strong>\u00a0fornisce uno sviluppo rapido del sistema radicale che permette alle piante di ancorarsi al terreno limitando i problemi di sradicamento da vento.<\/li>\n<li>Con il rapido sviluppo della vegetazione, la coltura copre il terreno in pochi giorni limitando le problematiche legate all&#8217;instaurazione delle\u00a0alghe o altri agenti biotici. Gli uccelli tendono a non sostare nelle zone di\u00a0riso trattato con\u00a0<strong>ROOT RICE<\/strong>.<\/li>\n<li>Nelle semine anticipate le sementi trattate con\u00a0<strong>ROOT RICE<\/strong>\u00a0mostrano un rapido sviluppo limitando i danni generati da Chironomidi.<\/li>\n<li>Le piante trattate con\u00a0<strong>ROOT RICE<\/strong>\u00a0ed\u00a0<a href=\"http:\/\/www.rice-solutions.com\/soluzioni\/edyfuit-arroz_1\"><strong>EDYFRUIT ARROZ<\/strong><\/a>\u00a0mostrano importante miglioramento fisiologico.<\/li>\n<\/ul>\n<p><strong>IMPORTANTE<\/strong>:\u00a0<em>L<\/em><em>&#8216;<\/em><em>applicazione di\u00a0<\/em><strong>ROOT RICE<\/strong><em>\u00a0permette un continuo e costante sviluppo radicale e fogliare della coltura, nelle fasi iniziali uniforma lo sviluppo e migliora la competizione verso le infestanti. Questo ci permette di anticipare l&#8217;applicazione dei primi diserbanti per il controllo delle infestanti in una fase precoce.\u00a0Inoltre, garantisce che la pianta di riso sopporti meglio la\u00a0fitotossicit\u00e0 dei deserbanti e recupero dei danni causati all&#8217;apparato radicale.<\/em><\/p>","protected":false},"excerpt":{"rendered":"<p>Miscela liquida di micronutrienti Boro (B), Manganese (Mn) e Zinco (Zn)<\/p>\n<p>Stimolazione della germinazione dei semi e radicamento delle piante di riso.<\/p>\n<p>Consentito per l`agricoltura biologica (Registro SIAN).<\/p>\n","protected":false},"featured_media":1818,"comment_status":"open","ping_status":"closed","template":"","meta":{"_acf_changed":false,"_seopress_robots_primary_cat":"none","_seopress_titles_title":"Root Rice | Biotecnolog\u00eda Precisi\u00f3n | Activaci\u00f3n del Cultivo","_seopress_titles_desc":"","_seopress_robots_index":"","_uag_custom_page_level_css":"","site-sidebar-layout":"default","site-content-layout":"default","ast-site-content-layout":"default","site-content-style":"default","site-sidebar-style":"default","ast-global-header-display":"","ast-banner-title-visibility":"","ast-main-header-display":"","ast-hfb-above-header-display":"","ast-hfb-below-header-display":"","ast-hfb-mobile-header-display":"","site-post-title":"","ast-breadcrumbs-content":"","ast-featured-img":"","footer-sml-layout":"","ast-disable-related-posts":"","theme-transparent-header-meta":"default","adv-header-id-meta":"","stick-header-meta":"","header-above-stick-meta":"","header-main-stick-meta":"","header-below-stick-meta":"","astra-migrate-meta-layouts":"set","ast-page-background-enabled":"default","ast-page-background-meta":{"desktop":{"background-color":"","background-image":"","background-repeat":"repeat","background-position":"center center","background-size":"auto","background-attachment":"scroll","background-type":"","background-media":"","overlay-type":"","overlay-color":"","overlay-opacity":"","overlay-gradient":""},"tablet":{"background-color":"","background-image":"","background-repeat":"repeat","background-position":"center center","background-size":"auto","background-attachment":"scroll","background-type":"","background-media":"","overlay-type":"","overlay-color":"","overlay-opacity":"","overlay-gradient":""},"mobile":{"background-color":"","background-image":"","background-repeat":"repeat","background-position":"center center","background-size":"auto","background-attachment":"scroll","background-type":"","background-media":"","overlay-type":"","overlay-color":"","overlay-opacity":"","overlay-gradient":""}},"ast-content-background-meta":{"desktop":{"background-color":"var(--ast-global-color-5)","background-image":"","background-repeat":"repeat","background-position":"center center","background-size":"auto","background-attachment":"scroll","background-type":"","background-media":"","overlay-type":"","overlay-color":"","overlay-opacity":"","overlay-gradient":""},"tablet":{"background-color":"var(--ast-global-color-5)","background-image":"","background-repeat":"repeat","background-position":"center center","background-size":"auto","background-attachment":"scroll","background-type":"","background-media":"","overlay-type":"","overlay-color":"","overlay-opacity":"","overlay-gradient":""},"mobile":{"background-color":"var(--ast-global-color-5)","background-image":"","background-repeat":"repeat","background-position":"center center","background-size":"auto","background-attachment":"scroll","background-type":"","background-media":"","overlay-type":"","overlay-color":"","overlay-opacity":"","overlay-gradient":""}}},"product_brand":[],"product_cat":[180,204],"product_tag":[206,205],"class_list":{"0":"post-1817","1":"product","2":"type-product","3":"status-publish","4":"has-post-thumbnail","6":"product_cat-biotecnologia-de-precision","7":"product_cat-tratamiento-de-semillas","8":"product_tag-ecologico","9":"product_tag-tratamiento-semilla","10":"desktop-align-left","11":"tablet-align-left","12":"mobile-align-left","13":"ast-product-gallery-layout-horizontal","14":"ast-product-single-variable","15":"ast-product-tabs-layout-vertical","17":"first","18":"instock","19":"shipping-taxable","20":"product-type-variable"},"acf":[],"uagb_featured_image_src":{"full":["https:\/\/www.edypro-online.com\/wp-content\/uploads\/\/images\/productos\/TratadoconrootriceHatoBlancoSevilla.jpg",800,600,false],"thumbnail":["https:\/\/www.edypro-online.com\/wp-content\/uploads\/\/images\/productos\/TratadoconrootriceHatoBlancoSevilla.jpg",150,113,false],"medium":["https:\/\/www.edypro-online.com\/wp-content\/uploads\/\/images\/productos\/TratadoconrootriceHatoBlancoSevilla.jpg",300,225,false],"medium_large":["https:\/\/www.edypro-online.com\/wp-content\/uploads\/\/images\/productos\/TratadoconrootriceHatoBlancoSevilla.jpg",768,576,false],"large":["https:\/\/www.edypro-online.com\/wp-content\/uploads\/\/images\/productos\/TratadoconrootriceHatoBlancoSevilla.jpg",800,600,false],"1536x1536":["https:\/\/www.edypro-online.com\/wp-content\/uploads\/\/images\/productos\/TratadoconrootriceHatoBlancoSevilla.jpg",800,600,false],"2048x2048":["https:\/\/www.edypro-online.com\/wp-content\/uploads\/\/images\/productos\/TratadoconrootriceHatoBlancoSevilla.jpg",800,600,false],"woocommerce_thumbnail":["https:\/\/www.edypro-online.com\/wp-content\/uploads\/\/images\/productos\/TratadoconrootriceHatoBlancoSevilla.jpg",300,225,false],"woocommerce_single":["https:\/\/www.edypro-online.com\/wp-content\/uploads\/\/images\/productos\/TratadoconrootriceHatoBlancoSevilla.jpg",600,450,false],"woocommerce_gallery_thumbnail":["https:\/\/www.edypro-online.com\/wp-content\/uploads\/\/images\/productos\/TratadoconrootriceHatoBlancoSevilla.jpg",100,75,false],"web-stories-poster-portrait":["https:\/\/www.edypro-online.com\/wp-content\/uploads\/\/images\/productos\/TratadoconrootriceHatoBlancoSevilla.jpg",640,480,false],"web-stories-publisher-logo":["https:\/\/www.edypro-online.com\/wp-content\/uploads\/\/images\/productos\/TratadoconrootriceHatoBlancoSevilla.jpg",96,72,false],"web-stories-thumbnail":["https:\/\/www.edypro-online.com\/wp-content\/uploads\/\/images\/productos\/TratadoconrootriceHatoBlancoSevilla.jpg",150,113,false],"dgwt-wcas-product-suggestion":["https:\/\/www.edypro-online.com\/wp-content\/uploads\/\/images\/productos\/TratadoconrootriceHatoBlancoSevilla.jpg",64,48,false]},"uagb_author_info":{"display_name":"a3p","author_link":"https:\/\/www.edypro-online.com\/it\/author\/"},"uagb_comment_info":4,"uagb_excerpt":"Miscela liquida di micronutrienti Boro (B), Manganese (Mn) e Zinco (Zn) Stimolazione della germinazione dei semi e radicamento delle piante di riso. Consentito per l`agricoltura biologica (Registro SIAN).","_links":{"self":[{"href":"https:\/\/www.edypro-online.com\/it\/wp-json\/wp\/v2\/product\/1817","targetHints":{"allow":["GET"]}}],"collection":[{"href":"https:\/\/www.edypro-online.com\/it\/wp-json\/wp\/v2\/product"}],"about":[{"href":"https:\/\/www.edypro-online.com\/it\/wp-json\/wp\/v2\/types\/product"}],"replies":[{"embeddable":true,"href":"https:\/\/www.edypro-online.com\/it\/wp-json\/wp\/v2\/comments?post=1817"}],"wp:featuredmedia":[{"embeddable":true,"href":"https:\/\/www.edypro-online.com\/it\/wp-json\/wp\/v2\/media\/1818"}],"wp:attachment":[{"href":"https:\/\/www.edypro-online.com\/it\/wp-json\/wp\/v2\/media?parent=1817"}],"wp:term":[{"taxonomy":"product_brand","embeddable":true,"href":"https:\/\/www.edypro-online.com\/it\/wp-json\/wp\/v2\/product_brand?post=1817"},{"taxonomy":"product_cat","embeddable":true,"href":"https:\/\/www.edypro-online.com\/it\/wp-json\/wp\/v2\/product_cat?post=1817"},{"taxonomy":"product_tag","embeddable":true,"href":"https:\/\/www.edypro-online.com\/it\/wp-json\/wp\/v2\/product_tag?post=1817"}],"curies":[{"name":"wp","href":"https:\/\/api.w.org\/{rel}","templated":true}]}}