{"id":1763,"date":"2020-07-21T19:03:22","date_gmt":"2020-07-21T19:03:22","guid":{"rendered":"https:\/\/www.edypro-online.com\/producto\/sin%20categor\u00eda\/fer-ecologico\/"},"modified":"2025-03-11T08:21:11","modified_gmt":"2025-03-11T08:21:11","slug":"fer-ecologico","status":"publish","type":"product","link":"https:\/\/www.edypro-online.com\/it\/producto\/biotecnologia-de-fertilizacion\/fer-ecologico\/","title":{"rendered":"FER ECOLOGICO"},"content":{"rendered":"<p><strong>FER ECOL\u00d3GICO<\/strong> appartiene a una nuova generazione di concimi senza residui sviluppati da <strong>EDYPRO<\/strong> a base di sostanza organica le cui propriet\u00e0 sono di estrema importanza per la corretta evoluzione della coltura.<\/p>\n<p>La sua applicazione continua \u00e8 consigliata come fertilizzante di base per la buona evoluzione della coltura. Agisce sul complesso argillo-umico e ha un&#8217;ottima assimilazione anche in condizioni sfavorevoli causate da acque dure o saline.<\/p>\n<p><strong>FER ECOL\u00d3GICO<\/strong> \u00e8 un fertilizzante progettato per essere utilizzato nelle colture di Agricoltura Biologica come fonte di nutrienti altamente assimilabili nel complesso argillo-umico.\u00a0La sua formulazione specifica gli conferisce una magnifica assimilazione e migliora in modo notevole quando il pH del terreno \u00e8 leggermente acido.<\/p>\n<p>La sua applicazione \u00e8 consigliata nei terreni in cui si incontrano difficolt\u00e0 nell&#8217;assimilazione dei fertilizzanti convenzionali a causa della scarsa attivit\u00e0 del complesso argillo-umico o per l&#8217;utilizzo di acqua salina.<\/p>\n<p><img loading=\"lazy\" decoding=\"async\" class=\"alignnone wp-image-8305 aligncenter\" src=\"https:\/\/www.edypro-online.com\/wp-content\/uploads\/2020\/07\/Grafico-FER-ECOLOGICO-it-1024x710.jpg\" alt=\"\" width=\"701\" height=\"486\" srcset=\"https:\/\/www.edypro-online.com\/wp-content\/uploads\/2020\/07\/Grafico-FER-ECOLOGICO-it-1024x710.jpg 1024w, https:\/\/www.edypro-online.com\/wp-content\/uploads\/2020\/07\/Grafico-FER-ECOLOGICO-it-300x208.jpg 300w, https:\/\/www.edypro-online.com\/wp-content\/uploads\/2020\/07\/Grafico-FER-ECOLOGICO-it-768x533.jpg 768w, https:\/\/www.edypro-online.com\/wp-content\/uploads\/2020\/07\/Grafico-FER-ECOLOGICO-it-600x416.jpg 600w, https:\/\/www.edypro-online.com\/wp-content\/uploads\/2020\/07\/Grafico-FER-ECOLOGICO-it-64x44.jpg 64w, https:\/\/www.edypro-online.com\/wp-content\/uploads\/2020\/07\/Grafico-FER-ECOLOGICO-it.jpg 1162w\" sizes=\"auto, (max-width: 701px) 100vw, 701px\" \/><\/p>","protected":false},"excerpt":{"rendered":"<p>CONCIME ORGANICO NK 6.2-3 LIQUIDO PER APPLICAZIONE DI RADICI<\/p>\n<p>CONCIME IDROSOLUBILE<\/p>\n<p>Iscritto nel Registro Spagnolo dei prodotti fertilizzanti con il numero: F0003942\/2029.<\/p>\n<p>Fertilizzante utilizzabile in agricoltura biologica secondo lo standard UNE 142500.<\/p>\n<p><img loading=\"lazy\" decoding=\"async\" class=\"alignnone size-thumbnail wp-image-11709\" src=\"https:\/\/www.edypro-online.com\/wp-content\/uploads\/2020\/07\/logo-CAAE-INSUMOS-UNE-142500-01-150x150.png\" alt=\"\" width=\"150\" height=\"150\" srcset=\"https:\/\/www.edypro-online.com\/wp-content\/uploads\/2020\/07\/logo-CAAE-INSUMOS-UNE-142500-01-150x150.png 150w, https:\/\/www.edypro-online.com\/wp-content\/uploads\/2020\/07\/logo-CAAE-INSUMOS-UNE-142500-01-300x300.png 300w, https:\/\/www.edypro-online.com\/wp-content\/uploads\/2020\/07\/logo-CAAE-INSUMOS-UNE-142500-01-100x100.png 100w, https:\/\/www.edypro-online.com\/wp-content\/uploads\/2020\/07\/logo-CAAE-INSUMOS-UNE-142500-01-96x96.png 96w, https:\/\/www.edypro-online.com\/wp-content\/uploads\/2020\/07\/logo-CAAE-INSUMOS-UNE-142500-01-64x64.png 64w, https:\/\/www.edypro-online.com\/wp-content\/uploads\/2020\/07\/logo-CAAE-INSUMOS-UNE-142500-01.png 591w\" sizes=\"auto, (max-width: 150px) 100vw, 150px\" \/><\/p>\n","protected":false},"featured_media":8300,"comment_status":"open","ping_status":"closed","template":"","meta":{"_acf_changed":false,"_seopress_robots_primary_cat":"none","_seopress_titles_title":"","_seopress_titles_desc":"","_seopress_robots_index":"","_uag_custom_page_level_css":"","site-sidebar-layout":"default","site-content-layout":"default","ast-site-content-layout":"default","site-content-style":"default","site-sidebar-style":"default","ast-global-header-display":"","ast-banner-title-visibility":"","ast-main-header-display":"","ast-hfb-above-header-display":"","ast-hfb-below-header-display":"","ast-hfb-mobile-header-display":"","site-post-title":"","ast-breadcrumbs-content":"","ast-featured-img":"","footer-sml-layout":"","ast-disable-related-posts":"","theme-transparent-header-meta":"default","adv-header-id-meta":"","stick-header-meta":"","header-above-stick-meta":"","header-main-stick-meta":"","header-below-stick-meta":"","astra-migrate-meta-layouts":"set","ast-page-background-enabled":"default","ast-page-background-meta":{"desktop":{"background-color":"","background-image":"","background-repeat":"repeat","background-position":"center center","background-size":"auto","background-attachment":"scroll","background-type":"","background-media":"","overlay-type":"","overlay-color":"","overlay-opacity":"","overlay-gradient":""},"tablet":{"background-color":"","background-image":"","background-repeat":"repeat","background-position":"center center","background-size":"auto","background-attachment":"scroll","background-type":"","background-media":"","overlay-type":"","overlay-color":"","overlay-opacity":"","overlay-gradient":""},"mobile":{"background-color":"","background-image":"","background-repeat":"repeat","background-position":"center center","background-size":"auto","background-attachment":"scroll","background-type":"","background-media":"","overlay-type":"","overlay-color":"","overlay-opacity":"","overlay-gradient":""}},"ast-content-background-meta":{"desktop":{"background-color":"var(--ast-global-color-5)","background-image":"","background-repeat":"repeat","background-position":"center center","background-size":"auto","background-attachment":"scroll","background-type":"","background-media":"","overlay-type":"","overlay-color":"","overlay-opacity":"","overlay-gradient":""},"tablet":{"background-color":"var(--ast-global-color-5)","background-image":"","background-repeat":"repeat","background-position":"center center","background-size":"auto","background-attachment":"scroll","background-type":"","background-media":"","overlay-type":"","overlay-color":"","overlay-opacity":"","overlay-gradient":""},"mobile":{"background-color":"var(--ast-global-color-5)","background-image":"","background-repeat":"repeat","background-position":"center center","background-size":"auto","background-attachment":"scroll","background-type":"","background-media":"","overlay-type":"","overlay-color":"","overlay-opacity":"","overlay-gradient":""}}},"product_brand":[],"product_cat":[179],"product_tag":[206,198],"class_list":{"0":"post-1763","1":"product","2":"type-product","3":"status-publish","4":"has-post-thumbnail","6":"product_cat-biotecnologia-de-fertilizacion","7":"product_tag-ecologico","8":"product_tag-radicular","9":"desktop-align-left","10":"tablet-align-left","11":"mobile-align-left","12":"ast-product-gallery-layout-horizontal","13":"ast-product-single-variable","14":"ast-product-tabs-layout-vertical","16":"first","17":"instock","18":"shipping-taxable","19":"product-type-variable"},"acf":[],"uagb_featured_image_src":{"full":["https:\/\/www.edypro-online.com\/wp-content\/uploads\/2020\/07\/FER-ECOLOGICO-4-scaled.jpg",2560,1920,false],"thumbnail":["https:\/\/www.edypro-online.com\/wp-content\/uploads\/2020\/07\/FER-ECOLOGICO-4-150x150.jpg",150,150,true],"medium":["https:\/\/www.edypro-online.com\/wp-content\/uploads\/2020\/07\/FER-ECOLOGICO-4-300x225.jpg",300,225,true],"medium_large":["https:\/\/www.edypro-online.com\/wp-content\/uploads\/2020\/07\/FER-ECOLOGICO-4-768x576.jpg",768,576,true],"large":["https:\/\/www.edypro-online.com\/wp-content\/uploads\/2020\/07\/FER-ECOLOGICO-4-1024x768.jpg",1024,768,true],"1536x1536":["https:\/\/www.edypro-online.com\/wp-content\/uploads\/2020\/07\/FER-ECOLOGICO-4-1536x1152.jpg",1536,1152,true],"2048x2048":["https:\/\/www.edypro-online.com\/wp-content\/uploads\/2020\/07\/FER-ECOLOGICO-4-2048x1536.jpg",2048,1536,true],"woocommerce_thumbnail":["https:\/\/www.edypro-online.com\/wp-content\/uploads\/2020\/07\/FER-ECOLOGICO-4-300x300.jpg",300,300,true],"woocommerce_single":["https:\/\/www.edypro-online.com\/wp-content\/uploads\/2020\/07\/FER-ECOLOGICO-4-600x450.jpg",600,450,true],"woocommerce_gallery_thumbnail":["https:\/\/www.edypro-online.com\/wp-content\/uploads\/2020\/07\/FER-ECOLOGICO-4-100x100.jpg",100,100,true],"web-stories-poster-portrait":["https:\/\/www.edypro-online.com\/wp-content\/uploads\/2020\/07\/FER-ECOLOGICO-4-scaled.jpg",640,480,false],"web-stories-publisher-logo":["https:\/\/www.edypro-online.com\/wp-content\/uploads\/2020\/07\/FER-ECOLOGICO-4-scaled.jpg",96,72,false],"web-stories-thumbnail":["https:\/\/www.edypro-online.com\/wp-content\/uploads\/2020\/07\/FER-ECOLOGICO-4-scaled.jpg",150,113,false],"dgwt-wcas-product-suggestion":["https:\/\/www.edypro-online.com\/wp-content\/uploads\/2020\/07\/FER-ECOLOGICO-4-64x48.jpg",64,48,true]},"uagb_author_info":{"display_name":"a3p","author_link":"https:\/\/www.edypro-online.com\/it\/author\/"},"uagb_comment_info":3,"uagb_excerpt":"CONCIME ORGANICO NK 6.2-3 LIQUIDO PER APPLICAZIONE DI RADICI CONCIME IDROSOLUBILE Iscritto nel Registro Spagnolo dei prodotti fertilizzanti con il numero: F0003942\/2029. Fertilizzante utilizzabile in agricoltura biologica secondo lo standard UNE 142500.","_links":{"self":[{"href":"https:\/\/www.edypro-online.com\/it\/wp-json\/wp\/v2\/product\/1763","targetHints":{"allow":["GET"]}}],"collection":[{"href":"https:\/\/www.edypro-online.com\/it\/wp-json\/wp\/v2\/product"}],"about":[{"href":"https:\/\/www.edypro-online.com\/it\/wp-json\/wp\/v2\/types\/product"}],"replies":[{"embeddable":true,"href":"https:\/\/www.edypro-online.com\/it\/wp-json\/wp\/v2\/comments?post=1763"}],"wp:featuredmedia":[{"embeddable":true,"href":"https:\/\/www.edypro-online.com\/it\/wp-json\/wp\/v2\/media\/8300"}],"wp:attachment":[{"href":"https:\/\/www.edypro-online.com\/it\/wp-json\/wp\/v2\/media?parent=1763"}],"wp:term":[{"taxonomy":"product_brand","embeddable":true,"href":"https:\/\/www.edypro-online.com\/it\/wp-json\/wp\/v2\/product_brand?post=1763"},{"taxonomy":"product_cat","embeddable":true,"href":"https:\/\/www.edypro-online.com\/it\/wp-json\/wp\/v2\/product_cat?post=1763"},{"taxonomy":"product_tag","embeddable":true,"href":"https:\/\/www.edypro-online.com\/it\/wp-json\/wp\/v2\/product_tag?post=1763"}],"curies":[{"name":"wp","href":"https:\/\/api.w.org\/{rel}","templated":true}]}}