{"id":1717,"date":"2020-07-21T19:03:13","date_gmt":"2020-07-21T19:03:13","guid":{"rendered":"https:\/\/www.edypro-online.com\/producto\/sin%20categor\u00eda\/edyfruit-arroz\/"},"modified":"2024-11-25T15:06:14","modified_gmt":"2024-11-25T15:06:14","slug":"edyfruit-arroz","status":"publish","type":"product","link":"https:\/\/www.edypro-online.com\/it\/producto\/biotecnologia-de-precision\/edyfruit-arroz\/","title":{"rendered":"EDYFRUIT ARROZ"},"content":{"rendered":"<p><strong>EDYFRUIT ARROZ<\/strong>\u00a0stimola i fattori produttivi delle piante, portandola a un ritmo di sviluppo corretto\u00a0per esprimere\u00a0il massimo potenziale produttivo. \u00c8 attivatore radicale e aumenta il numero di culmi fertili per pianta.<\/p>\n<p><strong>EDYFRUIT ARROZ<\/strong>\u00a0\u00e9 composto da sostanze naturali che bilanciano lo sviluppo vegetativo delle piante evitando comportamenti scorretti in fase di sviluppo delle colture, tra cui:<\/p>\n<ul>\n<li>Accestimento scarso.<\/li>\n<li>La fecondazione incompleta delle spighette.<\/li>\n<li>Chicchi immaturi o fallanze.<\/li>\n<li>Allenamento pre-raccolta.<\/li>\n<\/ul>\n<p><strong>EDYFRUIT ARROZ<\/strong> promuove la sintesi proteica e la formazione di carboidrati. Inoltre induce la fertilizzazione e l&#8217;accumulo delle riservi nelle spighette durante la fase di maturazione lattea. Attua come attivatore dei processi fisiologici che regolano il sviluppo della coltura e impedisce il declino di sviluppo vegetativo, mantenendo nella coltura un adeguato equilibrio produttivo.<\/p>\n<p>Questa combinazione favorisce la produzione di grani grandi e ben configurati, aumenta la percentuale di grani interi, migliora la qualit\u00e0 industriale e la qualit\u00e0 culinaria.<\/p>\n<p><strong>EDYFRUIT ARROZ<\/strong>\u00a0ha assorbimento fogliare e radicale.<\/p>\n<p>&nbsp;<\/p>\n<p style=\"text-align: center;\"><strong>\u00a0VANTAGGI E BENEFICI:<\/strong><\/p>\n<ul>\n<li><strong>Attivatore dei fattori produttivi della pianta di riso.<\/strong><\/li>\n<li>Prodotto con assimilazione\u00a0<strong>Radicale e Fogliare.<\/strong><\/li>\n<li><strong>Moltiplicare<\/strong>\u00a0il sistema radicale\u00a0<strong>generando potente apparato radicale con un alto livello di peli radicali assorbenti.<\/strong><\/li>\n<li><strong>Aumenta il numero di culmi di accestimento fertili<\/strong>\u00a0per pianta uniformando il loro sviluppo e comportamento.<\/li>\n<li><strong>Aumenta<\/strong>\u00a0il tasso di\u00a0<strong>assimilazione dei fertilizzanti utilizzati<\/strong>.<\/li>\n<li>Rafforza l&#8217;evoluzione fisiologica del raccolto standardizzando l&#8217;aspetto delle spighette e la loro fertilizzazione.<\/li>\n<li><strong>Intensifica la fotosintesi giornaliera,<\/strong>\u00a0aumentando la formazione di carboidrati da parte della pianta.<\/li>\n<li><strong>Aumenta la dimensione dei grani<\/strong>\u00a0e migliora il peso specifico.<\/li>\n<li><strong>Prolunga la vita della pianta nella fase de maturazione lattea<\/strong>, riducendo il numero di grani di piccole dimensioni e configurati incorrettamente.<\/li>\n<li><strong>Uniforma la maturazione<\/strong>\u00a0dei grani e delle pannocchie.<\/li>\n<li>Prodotto consentito in\u00a0<strong>Agricoltura Biologica<\/strong>.<\/li>\n<\/ul>\n<p style=\"text-align: center;\"><strong>\u00a0Se quello che stai cercando \u00e8 un buon risultato finale, il tuo migliore alleato \u00e8\u00a0EDYFRUIT ARROZ.<\/strong><\/p>\n<p>https:\/\/www.youtube.com\/watch?v=PBwa7EM6USA&amp;t=5s","protected":false},"excerpt":{"rendered":"<p>PRODOTTO SPECIALE BIOREGOLATORE DELLO SVILUPPO DEL RISO<\/p>\n<p>MISCELA DI MICROELEMENTI:\u00a0Boro (B) acido, Manganese (Mn) solfato, Molibdeno (Mo) sodio e Zinco (Zn) cloruro.<\/p>\n<p><span style=\"font-size: 16px; font-style: normal; font-weight: 400;\">Consentito in agricoltura biologica<\/span><\/p>\n<ul>\n<li>Aumenta la fotosintesi giornaliera.<\/li>\n<li>Migliora la produzione in kg. per superficie.<\/li>\n<li>Aumenta la consistenza e il peso dei chicchi.<\/li>\n<li>Riduce il &#8220;alettamento&#8221;.<\/li>\n<li>Uniforma la maturazione del chicco delle pannocchie.<\/li>\n<\/ul>\n","protected":false},"featured_media":1718,"comment_status":"open","ping_status":"closed","template":"","meta":{"_acf_changed":false,"_seopress_robots_primary_cat":"none","_seopress_titles_title":"EDYFRUIT ARROZ | Biotecnolog\u00eda Precisi\u00f3n | Activaci\u00f3n del Cultivo","_seopress_titles_desc":"","_seopress_robots_index":"","_uag_custom_page_level_css":"","site-sidebar-layout":"default","site-content-layout":"default","ast-site-content-layout":"default","site-content-style":"default","site-sidebar-style":"default","ast-global-header-display":"","ast-banner-title-visibility":"","ast-main-header-display":"","ast-hfb-above-header-display":"","ast-hfb-below-header-display":"","ast-hfb-mobile-header-display":"","site-post-title":"","ast-breadcrumbs-content":"","ast-featured-img":"","footer-sml-layout":"","ast-disable-related-posts":"","theme-transparent-header-meta":"default","adv-header-id-meta":"","stick-header-meta":"","header-above-stick-meta":"","header-main-stick-meta":"","header-below-stick-meta":"","astra-migrate-meta-layouts":"set","ast-page-background-enabled":"default","ast-page-background-meta":{"desktop":{"background-color":"","background-image":"","background-repeat":"repeat","background-position":"center center","background-size":"auto","background-attachment":"scroll","background-type":"","background-media":"","overlay-type":"","overlay-color":"","overlay-opacity":"","overlay-gradient":""},"tablet":{"background-color":"","background-image":"","background-repeat":"repeat","background-position":"center center","background-size":"auto","background-attachment":"scroll","background-type":"","background-media":"","overlay-type":"","overlay-color":"","overlay-opacity":"","overlay-gradient":""},"mobile":{"background-color":"","background-image":"","background-repeat":"repeat","background-position":"center center","background-size":"auto","background-attachment":"scroll","background-type":"","background-media":"","overlay-type":"","overlay-color":"","overlay-opacity":"","overlay-gradient":""}},"ast-content-background-meta":{"desktop":{"background-color":"var(--ast-global-color-5)","background-image":"","background-repeat":"repeat","background-position":"center center","background-size":"auto","background-attachment":"scroll","background-type":"","background-media":"","overlay-type":"","overlay-color":"","overlay-opacity":"","overlay-gradient":""},"tablet":{"background-color":"var(--ast-global-color-5)","background-image":"","background-repeat":"repeat","background-position":"center center","background-size":"auto","background-attachment":"scroll","background-type":"","background-media":"","overlay-type":"","overlay-color":"","overlay-opacity":"","overlay-gradient":""},"mobile":{"background-color":"var(--ast-global-color-5)","background-image":"","background-repeat":"repeat","background-position":"center center","background-size":"auto","background-attachment":"scroll","background-type":"","background-media":"","overlay-type":"","overlay-color":"","overlay-opacity":"","overlay-gradient":""}}},"product_brand":[],"product_cat":[180],"product_tag":[206,197],"class_list":{"0":"post-1717","1":"product","2":"type-product","3":"status-publish","4":"has-post-thumbnail","6":"product_cat-biotecnologia-de-precision","7":"product_tag-ecologico","8":"product_tag-foliar","9":"desktop-align-left","10":"tablet-align-left","11":"mobile-align-left","12":"ast-product-gallery-layout-horizontal","13":"ast-product-single-variable","14":"ast-product-tabs-layout-vertical","16":"first","17":"instock","18":"shipping-taxable","19":"product-type-variable"},"acf":[],"uagb_featured_image_src":{"full":["https:\/\/www.edypro-online.com\/wp-content\/uploads\/\/images\/productos\/MomentoXXptimoaplicaciXXn.jpg",800,600,false],"thumbnail":["https:\/\/www.edypro-online.com\/wp-content\/uploads\/\/images\/productos\/MomentoXXptimoaplicaciXXn.jpg",150,113,false],"medium":["https:\/\/www.edypro-online.com\/wp-content\/uploads\/\/images\/productos\/MomentoXXptimoaplicaciXXn.jpg",300,225,false],"medium_large":["https:\/\/www.edypro-online.com\/wp-content\/uploads\/\/images\/productos\/MomentoXXptimoaplicaciXXn.jpg",768,576,false],"large":["https:\/\/www.edypro-online.com\/wp-content\/uploads\/\/images\/productos\/MomentoXXptimoaplicaciXXn.jpg",800,600,false],"1536x1536":["https:\/\/www.edypro-online.com\/wp-content\/uploads\/\/images\/productos\/MomentoXXptimoaplicaciXXn.jpg",800,600,false],"2048x2048":["https:\/\/www.edypro-online.com\/wp-content\/uploads\/\/images\/productos\/MomentoXXptimoaplicaciXXn.jpg",800,600,false],"woocommerce_thumbnail":["https:\/\/www.edypro-online.com\/wp-content\/uploads\/\/images\/productos\/MomentoXXptimoaplicaciXXn.jpg",300,225,false],"woocommerce_single":["https:\/\/www.edypro-online.com\/wp-content\/uploads\/\/images\/productos\/MomentoXXptimoaplicaciXXn.jpg",600,450,false],"woocommerce_gallery_thumbnail":["https:\/\/www.edypro-online.com\/wp-content\/uploads\/\/images\/productos\/MomentoXXptimoaplicaciXXn.jpg",100,75,false],"web-stories-poster-portrait":["https:\/\/www.edypro-online.com\/wp-content\/uploads\/\/images\/productos\/MomentoXXptimoaplicaciXXn.jpg",640,480,false],"web-stories-publisher-logo":["https:\/\/www.edypro-online.com\/wp-content\/uploads\/\/images\/productos\/MomentoXXptimoaplicaciXXn.jpg",96,72,false],"web-stories-thumbnail":["https:\/\/www.edypro-online.com\/wp-content\/uploads\/\/images\/productos\/MomentoXXptimoaplicaciXXn.jpg",150,113,false],"dgwt-wcas-product-suggestion":["https:\/\/www.edypro-online.com\/wp-content\/uploads\/\/images\/productos\/MomentoXXptimoaplicaciXXn.jpg",64,48,false]},"uagb_author_info":{"display_name":"a3p","author_link":"https:\/\/www.edypro-online.com\/it\/author\/"},"uagb_comment_info":2,"uagb_excerpt":"PRODOTTO SPECIALE BIOREGOLATORE DELLO SVILUPPO DEL RISO MISCELA DI MICROELEMENTI:\u00a0Boro (B) acido, Manganese (Mn) solfato, Molibdeno (Mo) sodio e Zinco (Zn) cloruro. Consentito in agricoltura biologica Aumenta la fotosintesi giornaliera. Migliora la produzione in kg. per superficie. Aumenta la consistenza e il peso dei chicchi. Riduce il \"alettamento\". Uniforma la maturazione del chicco delle pannocchie.","_links":{"self":[{"href":"https:\/\/www.edypro-online.com\/it\/wp-json\/wp\/v2\/product\/1717","targetHints":{"allow":["GET"]}}],"collection":[{"href":"https:\/\/www.edypro-online.com\/it\/wp-json\/wp\/v2\/product"}],"about":[{"href":"https:\/\/www.edypro-online.com\/it\/wp-json\/wp\/v2\/types\/product"}],"replies":[{"embeddable":true,"href":"https:\/\/www.edypro-online.com\/it\/wp-json\/wp\/v2\/comments?post=1717"}],"wp:featuredmedia":[{"embeddable":true,"href":"https:\/\/www.edypro-online.com\/it\/wp-json\/wp\/v2\/media\/1718"}],"wp:attachment":[{"href":"https:\/\/www.edypro-online.com\/it\/wp-json\/wp\/v2\/media?parent=1717"}],"wp:term":[{"taxonomy":"product_brand","embeddable":true,"href":"https:\/\/www.edypro-online.com\/it\/wp-json\/wp\/v2\/product_brand?post=1717"},{"taxonomy":"product_cat","embeddable":true,"href":"https:\/\/www.edypro-online.com\/it\/wp-json\/wp\/v2\/product_cat?post=1717"},{"taxonomy":"product_tag","embeddable":true,"href":"https:\/\/www.edypro-online.com\/it\/wp-json\/wp\/v2\/product_tag?post=1717"}],"curies":[{"name":"wp","href":"https:\/\/api.w.org\/{rel}","templated":true}]}}