{"id":1642,"date":"2020-07-21T19:02:55","date_gmt":"2020-07-21T19:02:55","guid":{"rendered":"https:\/\/www.edypro-online.com\/producto\/sin%20categor\u00eda\/coupe-regeneracion-plus\/"},"modified":"2025-03-11T09:08:15","modified_gmt":"2025-03-11T09:08:15","slug":"coupe-regeneracion-plus","status":"publish","type":"product","link":"https:\/\/www.edypro-online.com\/it\/producto\/biotecnologia-de-precision\/coupe-regeneracion-plus\/","title":{"rendered":"COUP\u00c9 REGENERACI\u00d3N Plus"},"content":{"rendered":"<p><strong style=\"text-align: justify\">COUP\u00c9 REGENERACI\u00d3N\u00a0Plus<\/strong> \u00e8\u00a0progettato per ripristinare la fertilit\u00e0 del suolo riattivando la sua fauna microbica con il suo <strong>effetto prebiotico.<\/strong><\/p>\n<p>Il suolo \u00e8 la base del successo in agricoltura, la fornitura di suoli attivi e ben rigenerati \u00e8 la migliore garanzia di successo prima di iniziare un nuovo raccolto.<\/p>\n<p><strong>COUP\u00c9 <strong style=\"text-align: justify\">REGENERACI\u00d3N<\/strong> Plus<\/strong> \u00e8 destinato alla preparazione del terreno in fase di pre-semina, di impianto o di coltura affermata. Il terreno rigenerato con <strong>COUP\u00c9 <strong style=\"text-align: justify\">REGENERACI\u00d3N<\/strong> Plus<\/strong> aumenta la sua capacit\u00e0 di scambio cationico e migliora la sua struttura fisica.<\/p>\n<p>Essendo un prebiotico, <strong>COUP\u00c9 <strong style=\"text-align: justify\">REGENERACI\u00d3N<\/strong> Plus<\/strong> consente la supercompensazione del microbioma del suolo, ripristinandone la ricchezza\/fertilit\u00e0 e la struttura:<\/p>\n<ul>\n<li><strong>attiva lo scambio cationico<\/strong> e libera micro e macronutrienti essenziali.<\/li>\n<li>promuove un avvio robusto della coltura.<\/li>\n<li><strong>corregge gli squilibri del sistema pianta-suolo.\u00a0 \u00a0<\/strong><\/li>\n<li><strong>elimina i sali tossici<\/strong> agendo come igienizzante del sistema suolo-radice.<\/li>\n<li><strong>promuove lo sviluppo di radici primarie, secondarie e terziarie<\/strong> aumentando la biodisponibilit\u00e0 dei nutrienti nella rizosfera.<\/li>\n<li><strong>ripara lo squilibrio delle popolazioni di microrganismi<\/strong> che circondano la radice (rizosfera) aumentando la comparsa di peli assorbenti e radici secondarie.<\/li>\n<\/ul>\n<p><\/p>","protected":false},"excerpt":{"rendered":"<p>Rigeneratore dei terreni di coltivazione, ad azione rapida.<\/p>\n<p>Borlanda liquida.<\/p>\n<p>Consentito in Agricultura Biologica<\/p>\n","protected":false},"featured_media":11848,"comment_status":"open","ping_status":"closed","template":"","meta":{"_acf_changed":false,"_seopress_robots_primary_cat":"none","_seopress_titles_title":"COUP\u00c9 REGENERACI\u00d3N Plus | Biotecnolog\u00eda Precisi\u00f3n | Activaci\u00f3n del Cultivo","_seopress_titles_desc":"","_seopress_robots_index":"","_uag_custom_page_level_css":"","site-sidebar-layout":"default","site-content-layout":"default","ast-site-content-layout":"default","site-content-style":"default","site-sidebar-style":"default","ast-global-header-display":"","ast-banner-title-visibility":"","ast-main-header-display":"","ast-hfb-above-header-display":"","ast-hfb-below-header-display":"","ast-hfb-mobile-header-display":"","site-post-title":"","ast-breadcrumbs-content":"","ast-featured-img":"","footer-sml-layout":"","ast-disable-related-posts":"","theme-transparent-header-meta":"default","adv-header-id-meta":"","stick-header-meta":"","header-above-stick-meta":"","header-main-stick-meta":"","header-below-stick-meta":"","astra-migrate-meta-layouts":"set","ast-page-background-enabled":"default","ast-page-background-meta":{"desktop":{"background-color":"","background-image":"","background-repeat":"repeat","background-position":"center center","background-size":"auto","background-attachment":"scroll","background-type":"","background-media":"","overlay-type":"","overlay-color":"","overlay-opacity":"","overlay-gradient":""},"tablet":{"background-color":"","background-image":"","background-repeat":"repeat","background-position":"center center","background-size":"auto","background-attachment":"scroll","background-type":"","background-media":"","overlay-type":"","overlay-color":"","overlay-opacity":"","overlay-gradient":""},"mobile":{"background-color":"","background-image":"","background-repeat":"repeat","background-position":"center center","background-size":"auto","background-attachment":"scroll","background-type":"","background-media":"","overlay-type":"","overlay-color":"","overlay-opacity":"","overlay-gradient":""}},"ast-content-background-meta":{"desktop":{"background-color":"var(--ast-global-color-5)","background-image":"","background-repeat":"repeat","background-position":"center center","background-size":"auto","background-attachment":"scroll","background-type":"","background-media":"","overlay-type":"","overlay-color":"","overlay-opacity":"","overlay-gradient":""},"tablet":{"background-color":"var(--ast-global-color-5)","background-image":"","background-repeat":"repeat","background-position":"center center","background-size":"auto","background-attachment":"scroll","background-type":"","background-media":"","overlay-type":"","overlay-color":"","overlay-opacity":"","overlay-gradient":""},"mobile":{"background-color":"var(--ast-global-color-5)","background-image":"","background-repeat":"repeat","background-position":"center center","background-size":"auto","background-attachment":"scroll","background-type":"","background-media":"","overlay-type":"","overlay-color":"","overlay-opacity":"","overlay-gradient":""}}},"product_brand":[],"product_cat":[180],"product_tag":[206,198],"class_list":{"0":"post-1642","1":"product","2":"type-product","3":"status-publish","4":"has-post-thumbnail","6":"product_cat-biotecnologia-de-precision","7":"product_tag-ecologico","8":"product_tag-radicular","9":"desktop-align-left","10":"tablet-align-left","11":"mobile-align-left","12":"ast-product-gallery-layout-horizontal","13":"ast-product-single-variable","14":"ast-product-tabs-layout-vertical","16":"first","17":"instock","18":"shipping-taxable","19":"product-type-variable"},"acf":[],"uagb_featured_image_src":{"full":["https:\/\/www.edypro-online.com\/wp-content\/uploads\/2020\/07\/IMG_4168-scaled.jpg",2560,1920,false],"thumbnail":["https:\/\/www.edypro-online.com\/wp-content\/uploads\/2020\/07\/IMG_4168-150x150.jpg",150,150,true],"medium":["https:\/\/www.edypro-online.com\/wp-content\/uploads\/2020\/07\/IMG_4168-300x225.jpg",300,225,true],"medium_large":["https:\/\/www.edypro-online.com\/wp-content\/uploads\/2020\/07\/IMG_4168-768x576.jpg",768,576,true],"large":["https:\/\/www.edypro-online.com\/wp-content\/uploads\/2020\/07\/IMG_4168-1024x768.jpg",1024,768,true],"1536x1536":["https:\/\/www.edypro-online.com\/wp-content\/uploads\/2020\/07\/IMG_4168-1536x1152.jpg",1536,1152,true],"2048x2048":["https:\/\/www.edypro-online.com\/wp-content\/uploads\/2020\/07\/IMG_4168-2048x1536.jpg",2048,1536,true],"woocommerce_thumbnail":["https:\/\/www.edypro-online.com\/wp-content\/uploads\/2020\/07\/IMG_4168-300x300.jpg",300,300,true],"woocommerce_single":["https:\/\/www.edypro-online.com\/wp-content\/uploads\/2020\/07\/IMG_4168-600x450.jpg",600,450,true],"woocommerce_gallery_thumbnail":["https:\/\/www.edypro-online.com\/wp-content\/uploads\/2020\/07\/IMG_4168-100x100.jpg",100,100,true],"web-stories-poster-portrait":["https:\/\/www.edypro-online.com\/wp-content\/uploads\/2020\/07\/IMG_4168-640x853.jpg",640,853,true],"web-stories-publisher-logo":["https:\/\/www.edypro-online.com\/wp-content\/uploads\/2020\/07\/IMG_4168-96x96.jpg",96,96,true],"web-stories-thumbnail":["https:\/\/www.edypro-online.com\/wp-content\/uploads\/2020\/07\/IMG_4168-150x113.jpg",150,113,true],"dgwt-wcas-product-suggestion":["https:\/\/www.edypro-online.com\/wp-content\/uploads\/2020\/07\/IMG_4168-64x48.jpg",64,48,true]},"uagb_author_info":{"display_name":"a3p","author_link":"https:\/\/www.edypro-online.com\/it\/author\/"},"uagb_comment_info":5,"uagb_excerpt":"Rigeneratore dei terreni di coltivazione, ad azione rapida. Borlanda liquida. Consentito in Agricultura Biologica","_links":{"self":[{"href":"https:\/\/www.edypro-online.com\/it\/wp-json\/wp\/v2\/product\/1642","targetHints":{"allow":["GET"]}}],"collection":[{"href":"https:\/\/www.edypro-online.com\/it\/wp-json\/wp\/v2\/product"}],"about":[{"href":"https:\/\/www.edypro-online.com\/it\/wp-json\/wp\/v2\/types\/product"}],"replies":[{"embeddable":true,"href":"https:\/\/www.edypro-online.com\/it\/wp-json\/wp\/v2\/comments?post=1642"}],"wp:featuredmedia":[{"embeddable":true,"href":"https:\/\/www.edypro-online.com\/it\/wp-json\/wp\/v2\/media\/11848"}],"wp:attachment":[{"href":"https:\/\/www.edypro-online.com\/it\/wp-json\/wp\/v2\/media?parent=1642"}],"wp:term":[{"taxonomy":"product_brand","embeddable":true,"href":"https:\/\/www.edypro-online.com\/it\/wp-json\/wp\/v2\/product_brand?post=1642"},{"taxonomy":"product_cat","embeddable":true,"href":"https:\/\/www.edypro-online.com\/it\/wp-json\/wp\/v2\/product_cat?post=1642"},{"taxonomy":"product_tag","embeddable":true,"href":"https:\/\/www.edypro-online.com\/it\/wp-json\/wp\/v2\/product_tag?post=1642"}],"curies":[{"name":"wp","href":"https:\/\/api.w.org\/{rel}","templated":true}]}}