{"id":1617,"date":"2020-07-21T19:02:50","date_gmt":"2020-07-21T19:02:50","guid":{"rendered":"https:\/\/www.edypro-online.com\/producto\/sin%20categor\u00eda\/ferroman-5\/"},"modified":"2022-08-11T08:48:30","modified_gmt":"2022-08-11T08:48:30","slug":"ferroman-5","status":"publish","type":"product","link":"https:\/\/www.edypro-online.com\/it\/producto\/correctores-especificos\/ferroman-5\/","title":{"rendered":"FERROMAN 5%"},"content":{"rendered":"<p><strong>FERROMAN<\/strong> \u00e8 un prodotto specifico per correggere la clorosi ferrica in qualsiasi tipo di coltura.<\/p>\n<p><strong>FERROMAN<\/strong> \u00e8 una formulazione di microgranuli ad alta solubilit\u00e0 in acqua, a base dell&#8217;agente chelante EDDHA, che gli conferisce una grande stabilit\u00e0 sia nei terreni acidi che in quelli alcalini nell&#8217;intervallo di pH da 4,5 a 11. I microgranuli <strong>FERROMAN<\/strong> sono molto facili da dissolvere e non creano polvere, grumi, schiuma o sedimentazione.<\/p>\n<p>La formulazione chelata (Fe) EDDHA garantisce una perfetta assimilazione da parte delle radici.<\/p>","protected":false},"excerpt":{"rendered":"<p>Ferro chelato in forma di microgranuli ad alta solubilit\u00e0 in acqua, correttore della clorosi ferrica.<\/p>\n","protected":false},"featured_media":8523,"comment_status":"open","ping_status":"closed","template":"","meta":{"_acf_changed":false,"_seopress_robots_primary_cat":"none","_seopress_titles_title":"Ferroman 5% | Comprar Ferroman | Soluci\u00f3n para C\u00edtricos, Frutales y Hortalizas | EDYPRO","_seopress_titles_desc":"En EDYPRO disponemos de Ferroman 5%, producto espec\u00edfico para corregir la clorosis f\u00e9rrica en cualquier tipo de cultivo. Ferroman es de f\u00e1cil disoluci\u00f3n, \u00a1pru\u00e9balo con EDYPRO!","_seopress_robots_index":"","_uag_custom_page_level_css":"","site-sidebar-layout":"default","site-content-layout":"default","ast-site-content-layout":"default","site-content-style":"default","site-sidebar-style":"default","ast-global-header-display":"","ast-banner-title-visibility":"","ast-main-header-display":"","ast-hfb-above-header-display":"","ast-hfb-below-header-display":"","ast-hfb-mobile-header-display":"","site-post-title":"","ast-breadcrumbs-content":"","ast-featured-img":"","footer-sml-layout":"","ast-disable-related-posts":"","theme-transparent-header-meta":"default","adv-header-id-meta":"","stick-header-meta":"","header-above-stick-meta":"","header-main-stick-meta":"","header-below-stick-meta":"","astra-migrate-meta-layouts":"default","ast-page-background-enabled":"default","ast-page-background-meta":{"desktop":{"background-color":"","background-image":"","background-repeat":"repeat","background-position":"center center","background-size":"auto","background-attachment":"scroll","background-type":"","background-media":"","overlay-type":"","overlay-color":"","overlay-opacity":"","overlay-gradient":""},"tablet":{"background-color":"","background-image":"","background-repeat":"repeat","background-position":"center center","background-size":"auto","background-attachment":"scroll","background-type":"","background-media":"","overlay-type":"","overlay-color":"","overlay-opacity":"","overlay-gradient":""},"mobile":{"background-color":"","background-image":"","background-repeat":"repeat","background-position":"center center","background-size":"auto","background-attachment":"scroll","background-type":"","background-media":"","overlay-type":"","overlay-color":"","overlay-opacity":"","overlay-gradient":""}},"ast-content-background-meta":{"desktop":{"background-color":"var(--ast-global-color-5)","background-image":"","background-repeat":"repeat","background-position":"center center","background-size":"auto","background-attachment":"scroll","background-type":"","background-media":"","overlay-type":"","overlay-color":"","overlay-opacity":"","overlay-gradient":""},"tablet":{"background-color":"var(--ast-global-color-5)","background-image":"","background-repeat":"repeat","background-position":"center center","background-size":"auto","background-attachment":"scroll","background-type":"","background-media":"","overlay-type":"","overlay-color":"","overlay-opacity":"","overlay-gradient":""},"mobile":{"background-color":"var(--ast-global-color-5)","background-image":"","background-repeat":"repeat","background-position":"center center","background-size":"auto","background-attachment":"scroll","background-type":"","background-media":"","overlay-type":"","overlay-color":"","overlay-opacity":"","overlay-gradient":""}}},"product_brand":[],"product_cat":[181],"product_tag":[198],"class_list":{"0":"post-1617","1":"product","2":"type-product","3":"status-publish","4":"has-post-thumbnail","6":"product_cat-correctores-especificos","7":"product_tag-radicular","8":"desktop-align-left","9":"tablet-align-left","10":"mobile-align-left","11":"ast-product-gallery-layout-horizontal","12":"ast-product-tabs-layout-vertical","14":"first","15":"instock","16":"shipping-taxable","17":"product-type-simple"},"acf":[],"uagb_featured_image_src":{"full":["https:\/\/www.edypro-online.com\/wp-content\/uploads\/2020\/07\/Ferroman-5-scaled.jpg",2560,1920,false],"thumbnail":["https:\/\/www.edypro-online.com\/wp-content\/uploads\/2020\/07\/Ferroman-5-150x150.jpg",150,150,true],"medium":["https:\/\/www.edypro-online.com\/wp-content\/uploads\/2020\/07\/Ferroman-5-300x225.jpg",300,225,true],"medium_large":["https:\/\/www.edypro-online.com\/wp-content\/uploads\/2020\/07\/Ferroman-5-768x576.jpg",768,576,true],"large":["https:\/\/www.edypro-online.com\/wp-content\/uploads\/2020\/07\/Ferroman-5-1024x768.jpg",1024,768,true],"1536x1536":["https:\/\/www.edypro-online.com\/wp-content\/uploads\/2020\/07\/Ferroman-5-1536x1152.jpg",1536,1152,true],"2048x2048":["https:\/\/www.edypro-online.com\/wp-content\/uploads\/2020\/07\/Ferroman-5-2048x1536.jpg",2048,1536,true],"woocommerce_thumbnail":["https:\/\/www.edypro-online.com\/wp-content\/uploads\/2020\/07\/Ferroman-5-300x300.jpg",300,300,true],"woocommerce_single":["https:\/\/www.edypro-online.com\/wp-content\/uploads\/2020\/07\/Ferroman-5-600x450.jpg",600,450,true],"woocommerce_gallery_thumbnail":["https:\/\/www.edypro-online.com\/wp-content\/uploads\/2020\/07\/Ferroman-5-100x100.jpg",100,100,true],"web-stories-poster-portrait":["https:\/\/www.edypro-online.com\/wp-content\/uploads\/2020\/07\/Ferroman-5-scaled.jpg",640,480,false],"web-stories-publisher-logo":["https:\/\/www.edypro-online.com\/wp-content\/uploads\/2020\/07\/Ferroman-5-scaled.jpg",96,72,false],"web-stories-thumbnail":["https:\/\/www.edypro-online.com\/wp-content\/uploads\/2020\/07\/Ferroman-5-scaled.jpg",150,113,false],"dgwt-wcas-product-suggestion":["https:\/\/www.edypro-online.com\/wp-content\/uploads\/2020\/07\/Ferroman-5-64x48.jpg",64,48,true]},"uagb_author_info":{"display_name":"a3p","author_link":"https:\/\/www.edypro-online.com\/it\/author\/"},"uagb_comment_info":0,"uagb_excerpt":"Ferro chelato in forma di microgranuli ad alta solubilit\u00e0 in acqua, correttore della clorosi ferrica.","_links":{"self":[{"href":"https:\/\/www.edypro-online.com\/it\/wp-json\/wp\/v2\/product\/1617","targetHints":{"allow":["GET"]}}],"collection":[{"href":"https:\/\/www.edypro-online.com\/it\/wp-json\/wp\/v2\/product"}],"about":[{"href":"https:\/\/www.edypro-online.com\/it\/wp-json\/wp\/v2\/types\/product"}],"replies":[{"embeddable":true,"href":"https:\/\/www.edypro-online.com\/it\/wp-json\/wp\/v2\/comments?post=1617"}],"wp:featuredmedia":[{"embeddable":true,"href":"https:\/\/www.edypro-online.com\/it\/wp-json\/wp\/v2\/media\/8523"}],"wp:attachment":[{"href":"https:\/\/www.edypro-online.com\/it\/wp-json\/wp\/v2\/media?parent=1617"}],"wp:term":[{"taxonomy":"product_brand","embeddable":true,"href":"https:\/\/www.edypro-online.com\/it\/wp-json\/wp\/v2\/product_brand?post=1617"},{"taxonomy":"product_cat","embeddable":true,"href":"https:\/\/www.edypro-online.com\/it\/wp-json\/wp\/v2\/product_cat?post=1617"},{"taxonomy":"product_tag","embeddable":true,"href":"https:\/\/www.edypro-online.com\/it\/wp-json\/wp\/v2\/product_tag?post=1617"}],"curies":[{"name":"wp","href":"https:\/\/api.w.org\/{rel}","templated":true}]}}