{"id":1606,"date":"2020-07-21T19:02:48","date_gmt":"2020-07-21T19:02:48","guid":{"rendered":"https:\/\/www.edypro-online.com\/producto\/sin%20categor\u00eda\/soja-cuaje\/"},"modified":"2024-11-25T15:07:51","modified_gmt":"2024-11-25T15:07:51","slug":"soja-cuaje","status":"publish","type":"product","link":"https:\/\/www.edypro-online.com\/it\/producto\/biotecnologia-de-precision\/soja-cuaje\/","title":{"rendered":"SOJA CUAJE"},"content":{"rendered":"<p><strong>SOJA CUAJE<\/strong> \u00e8 una miscela liquida di micronutrienti che agisce come correttore di carenze, riequilibrando l&#8217;evoluzione della pianta.<\/p>\n<p><b>SOJA CUAJE <\/b><b>va a <\/b><b>influenzare<\/b><b>:<\/b><\/p>\n<ul>\n<li><b>Fertilit\u00e0<\/b><b> del <\/b><b>polline<\/b>.<\/li>\n<li>Percentuale di fecondazione dei fiori.<\/li>\n<li>Rapido accumulo di sostanze di riserva nell<b>\u2019<\/b>ovario in seguito alla fecondazione.<\/li>\n<li>Una grande uniformit\u00e0 nel numero di grani fertilizzati per baccello.<\/li>\n<li>Incremento de produzione attraverso <b>l\u2019aumento del numero di baccelli produttivi.<\/b><\/li>\n<li>Internodi pi\u00f9 corti e regola la crescita della pianta.<\/li>\n<\/ul>\n<p><\/p>","protected":false},"excerpt":{"rendered":"<p>MISCELA LIQUIDA DI MICRONUTRIENTI: BORO (B), MANGANESE (Mn), MOLIBDENO (Mo) E ZINCO (Zn)<\/p>\n<p>Consentito per l`agricoltura biologica (Registro SIAN).<\/p>\n","protected":false},"featured_media":1607,"comment_status":"open","ping_status":"closed","template":"","meta":{"_acf_changed":false,"_seopress_robots_primary_cat":"none","_seopress_titles_title":"SOJA CUAJE | Biotecnolog\u00eda Precisi\u00f3n | Activaci\u00f3n del Cultivo","_seopress_titles_desc":"","_seopress_robots_index":"","_uag_custom_page_level_css":"","site-sidebar-layout":"default","site-content-layout":"default","ast-site-content-layout":"default","site-content-style":"default","site-sidebar-style":"default","ast-global-header-display":"","ast-banner-title-visibility":"","ast-main-header-display":"","ast-hfb-above-header-display":"","ast-hfb-below-header-display":"","ast-hfb-mobile-header-display":"","site-post-title":"","ast-breadcrumbs-content":"","ast-featured-img":"","footer-sml-layout":"","ast-disable-related-posts":"","theme-transparent-header-meta":"default","adv-header-id-meta":"","stick-header-meta":"","header-above-stick-meta":"","header-main-stick-meta":"","header-below-stick-meta":"","astra-migrate-meta-layouts":"set","ast-page-background-enabled":"default","ast-page-background-meta":{"desktop":{"background-color":"","background-image":"","background-repeat":"repeat","background-position":"center center","background-size":"auto","background-attachment":"scroll","background-type":"","background-media":"","overlay-type":"","overlay-color":"","overlay-opacity":"","overlay-gradient":""},"tablet":{"background-color":"","background-image":"","background-repeat":"repeat","background-position":"center center","background-size":"auto","background-attachment":"scroll","background-type":"","background-media":"","overlay-type":"","overlay-color":"","overlay-opacity":"","overlay-gradient":""},"mobile":{"background-color":"","background-image":"","background-repeat":"repeat","background-position":"center center","background-size":"auto","background-attachment":"scroll","background-type":"","background-media":"","overlay-type":"","overlay-color":"","overlay-opacity":"","overlay-gradient":""}},"ast-content-background-meta":{"desktop":{"background-color":"var(--ast-global-color-5)","background-image":"","background-repeat":"repeat","background-position":"center center","background-size":"auto","background-attachment":"scroll","background-type":"","background-media":"","overlay-type":"","overlay-color":"","overlay-opacity":"","overlay-gradient":""},"tablet":{"background-color":"var(--ast-global-color-5)","background-image":"","background-repeat":"repeat","background-position":"center center","background-size":"auto","background-attachment":"scroll","background-type":"","background-media":"","overlay-type":"","overlay-color":"","overlay-opacity":"","overlay-gradient":""},"mobile":{"background-color":"var(--ast-global-color-5)","background-image":"","background-repeat":"repeat","background-position":"center center","background-size":"auto","background-attachment":"scroll","background-type":"","background-media":"","overlay-type":"","overlay-color":"","overlay-opacity":"","overlay-gradient":""}}},"product_brand":[],"product_cat":[180],"product_tag":[206,197],"class_list":{"0":"post-1606","1":"product","2":"type-product","3":"status-publish","4":"has-post-thumbnail","6":"product_cat-biotecnologia-de-precision","7":"product_tag-ecologico","8":"product_tag-foliar","9":"desktop-align-left","10":"tablet-align-left","11":"mobile-align-left","12":"ast-product-gallery-layout-horizontal","13":"ast-product-single-variable","14":"ast-product-tabs-layout-vertical","16":"first","17":"instock","18":"shipping-taxable","19":"product-type-variable"},"acf":[],"uagb_featured_image_src":{"full":["https:\/\/www.edypro-online.com\/wp-content\/uploads\/\/images\/productos\/IMG_3659.jpg",800,600,false],"thumbnail":["https:\/\/www.edypro-online.com\/wp-content\/uploads\/\/images\/productos\/IMG_3659.jpg",150,113,false],"medium":["https:\/\/www.edypro-online.com\/wp-content\/uploads\/\/images\/productos\/IMG_3659.jpg",300,225,false],"medium_large":["https:\/\/www.edypro-online.com\/wp-content\/uploads\/\/images\/productos\/IMG_3659.jpg",768,576,false],"large":["https:\/\/www.edypro-online.com\/wp-content\/uploads\/\/images\/productos\/IMG_3659.jpg",800,600,false],"1536x1536":["https:\/\/www.edypro-online.com\/wp-content\/uploads\/\/images\/productos\/IMG_3659.jpg",800,600,false],"2048x2048":["https:\/\/www.edypro-online.com\/wp-content\/uploads\/\/images\/productos\/IMG_3659.jpg",800,600,false],"woocommerce_thumbnail":["https:\/\/www.edypro-online.com\/wp-content\/uploads\/\/images\/productos\/IMG_3659.jpg",300,225,false],"woocommerce_single":["https:\/\/www.edypro-online.com\/wp-content\/uploads\/\/images\/productos\/IMG_3659.jpg",600,450,false],"woocommerce_gallery_thumbnail":["https:\/\/www.edypro-online.com\/wp-content\/uploads\/\/images\/productos\/IMG_3659.jpg",100,75,false],"web-stories-poster-portrait":["https:\/\/www.edypro-online.com\/wp-content\/uploads\/\/images\/productos\/IMG_3659.jpg",640,480,false],"web-stories-publisher-logo":["https:\/\/www.edypro-online.com\/wp-content\/uploads\/\/images\/productos\/IMG_3659.jpg",96,72,false],"web-stories-thumbnail":["https:\/\/www.edypro-online.com\/wp-content\/uploads\/\/images\/productos\/IMG_3659.jpg",150,113,false],"dgwt-wcas-product-suggestion":["https:\/\/www.edypro-online.com\/wp-content\/uploads\/\/images\/productos\/IMG_3659.jpg",64,48,false]},"uagb_author_info":{"display_name":"a3p","author_link":"https:\/\/www.edypro-online.com\/it\/author\/"},"uagb_comment_info":0,"uagb_excerpt":"MISCELA LIQUIDA DI MICRONUTRIENTI: BORO (B), MANGANESE (Mn), MOLIBDENO (Mo) E ZINCO (Zn) Consentito per l`agricoltura biologica (Registro SIAN).","_links":{"self":[{"href":"https:\/\/www.edypro-online.com\/it\/wp-json\/wp\/v2\/product\/1606","targetHints":{"allow":["GET"]}}],"collection":[{"href":"https:\/\/www.edypro-online.com\/it\/wp-json\/wp\/v2\/product"}],"about":[{"href":"https:\/\/www.edypro-online.com\/it\/wp-json\/wp\/v2\/types\/product"}],"replies":[{"embeddable":true,"href":"https:\/\/www.edypro-online.com\/it\/wp-json\/wp\/v2\/comments?post=1606"}],"wp:featuredmedia":[{"embeddable":true,"href":"https:\/\/www.edypro-online.com\/it\/wp-json\/wp\/v2\/media\/1607"}],"wp:attachment":[{"href":"https:\/\/www.edypro-online.com\/it\/wp-json\/wp\/v2\/media?parent=1606"}],"wp:term":[{"taxonomy":"product_brand","embeddable":true,"href":"https:\/\/www.edypro-online.com\/it\/wp-json\/wp\/v2\/product_brand?post=1606"},{"taxonomy":"product_cat","embeddable":true,"href":"https:\/\/www.edypro-online.com\/it\/wp-json\/wp\/v2\/product_cat?post=1606"},{"taxonomy":"product_tag","embeddable":true,"href":"https:\/\/www.edypro-online.com\/it\/wp-json\/wp\/v2\/product_tag?post=1606"}],"curies":[{"name":"wp","href":"https:\/\/api.w.org\/{rel}","templated":true}]}}