{"id":1586,"date":"2020-07-21T19:02:44","date_gmt":"2020-07-21T19:02:44","guid":{"rendered":"https:\/\/www.edypro-online.com\/producto\/sin%20categor\u00eda\/organovital-plus\/"},"modified":"2024-11-25T15:08:33","modified_gmt":"2024-11-25T15:08:33","slug":"organovital-plus","status":"publish","type":"product","link":"https:\/\/www.edypro-online.com\/it\/producto\/biotecnologia-de-precision\/organovital-plus\/","title":{"rendered":"ORGANOVITAL PLUS"},"content":{"rendered":"<p><strong>ORGANOVITAL PLUS<\/strong> \u00e8 uno stimolante con capacit\u00e0 nutritive, che agisce potenziando l&#8217;attivit\u00e0 della coltura. La sua perfetta combinazione di aminoacidi, materia organica ed elementi nutritivi lo rende un prodotto efficace che prevede le carenze di questi macro e microelementi e facilita l&#8217;assimilazione di tutti gli concimi, sbloccando i composti minerali.<\/p>\n<p>L&#8217;effetto principale che <strong>ORGANOVITAL<\/strong>\u00a0<strong>PLUS<\/strong> produce nelle colture \u00e8 una rapida rigenerazione vitale delle stesse, stimolando il potente sviluppo fogliare e radicale e migliorandone l&#8217;attivit\u00e0.<\/p>\n<p><strong>VANTAGGI DI ORGANOVITAL PLUS:<\/strong><\/p>\n<ul>\n<li>Facile da applicare con acqua di irrigazione.<\/li>\n<li>Rapida risposta della pianta, con conseguente potente sviluppo dell&#8217;apparato radicale e fogliare.<\/li>\n<li>Azione antistress e vigorizante.<\/li>\n<li>Effetto di rigenerante delle radici.<\/li>\n<li>Aumenta l&#8217;efficacia dei fertilizzanti convenzionali ottimizzando i loro contributi.<\/li>\n<\/ul>\n<p><strong>ORGANOVITAL PLUS<\/strong> stimola lo sviluppo vegetativo provocando una crescita equilibrata e permanente. Il suo utilizzo \u00e8 consigliato durante tutto il ciclo vegetativo, come misura di supporto (trapianto, fioritura, ingrasso &#8230;) o per recuperare le colture da situazioni avverse (gelate, siccit\u00e0, parassiti &#8230;).<\/p>","protected":false},"excerpt":{"rendered":"<p>Fertilizzante con amminoacidi NK (Mg) 6,8-3,2 (2) con micronutrienti<\/p>\n<p>Fertilizzante idrosolubile<\/p>\n<p>Miglioratore dell&#8217;attivit\u00e0 delle colture.<\/p>\n<p><span lang=\"CA\"><img decoding=\"async\" src=\"\/images\/iconos\/Residuo cero2.png\" alt=\"residuo cero\" width=\"60\" \/><\/span><\/p>\n","protected":false},"featured_media":1588,"comment_status":"open","ping_status":"closed","template":"","meta":{"_acf_changed":false,"_seopress_robots_primary_cat":"none","_seopress_titles_title":"ORGANOVITAL PLUS | Biotecnolog\u00eda Precisi\u00f3n | Activaci\u00f3n del Cultivo","_seopress_titles_desc":"","_seopress_robots_index":"","_uag_custom_page_level_css":"","site-sidebar-layout":"default","site-content-layout":"default","ast-site-content-layout":"default","site-content-style":"default","site-sidebar-style":"default","ast-global-header-display":"","ast-banner-title-visibility":"","ast-main-header-display":"","ast-hfb-above-header-display":"","ast-hfb-below-header-display":"","ast-hfb-mobile-header-display":"","site-post-title":"","ast-breadcrumbs-content":"","ast-featured-img":"","footer-sml-layout":"","ast-disable-related-posts":"","theme-transparent-header-meta":"default","adv-header-id-meta":"","stick-header-meta":"","header-above-stick-meta":"","header-main-stick-meta":"","header-below-stick-meta":"","astra-migrate-meta-layouts":"set","ast-page-background-enabled":"default","ast-page-background-meta":{"desktop":{"background-color":"","background-image":"","background-repeat":"repeat","background-position":"center center","background-size":"auto","background-attachment":"scroll","background-type":"","background-media":"","overlay-type":"","overlay-color":"","overlay-opacity":"","overlay-gradient":""},"tablet":{"background-color":"","background-image":"","background-repeat":"repeat","background-position":"center center","background-size":"auto","background-attachment":"scroll","background-type":"","background-media":"","overlay-type":"","overlay-color":"","overlay-opacity":"","overlay-gradient":""},"mobile":{"background-color":"","background-image":"","background-repeat":"repeat","background-position":"center center","background-size":"auto","background-attachment":"scroll","background-type":"","background-media":"","overlay-type":"","overlay-color":"","overlay-opacity":"","overlay-gradient":""}},"ast-content-background-meta":{"desktop":{"background-color":"var(--ast-global-color-5)","background-image":"","background-repeat":"repeat","background-position":"center center","background-size":"auto","background-attachment":"scroll","background-type":"","background-media":"","overlay-type":"","overlay-color":"","overlay-opacity":"","overlay-gradient":""},"tablet":{"background-color":"var(--ast-global-color-5)","background-image":"","background-repeat":"repeat","background-position":"center center","background-size":"auto","background-attachment":"scroll","background-type":"","background-media":"","overlay-type":"","overlay-color":"","overlay-opacity":"","overlay-gradient":""},"mobile":{"background-color":"var(--ast-global-color-5)","background-image":"","background-repeat":"repeat","background-position":"center center","background-size":"auto","background-attachment":"scroll","background-type":"","background-media":"","overlay-type":"","overlay-color":"","overlay-opacity":"","overlay-gradient":""}}},"product_brand":[],"product_cat":[180],"product_tag":[198,207],"class_list":{"0":"post-1586","1":"product","2":"type-product","3":"status-publish","4":"has-post-thumbnail","6":"product_cat-biotecnologia-de-precision","7":"product_tag-radicular","8":"product_tag-residuo-cero","9":"desktop-align-left","10":"tablet-align-left","11":"mobile-align-left","12":"ast-product-gallery-layout-horizontal","13":"ast-product-single-variable","14":"ast-product-tabs-layout-vertical","16":"first","17":"instock","18":"shipping-taxable","19":"product-type-variable"},"acf":[],"uagb_featured_image_src":{"full":["https:\/\/www.edypro-online.com\/wp-content\/uploads\/\/images\/productos\/2_17.jpg",800,600,false],"thumbnail":["https:\/\/www.edypro-online.com\/wp-content\/uploads\/\/images\/productos\/2_17.jpg",150,113,false],"medium":["https:\/\/www.edypro-online.com\/wp-content\/uploads\/\/images\/productos\/2_17.jpg",300,225,false],"medium_large":["https:\/\/www.edypro-online.com\/wp-content\/uploads\/\/images\/productos\/2_17.jpg",768,576,false],"large":["https:\/\/www.edypro-online.com\/wp-content\/uploads\/\/images\/productos\/2_17.jpg",800,600,false],"1536x1536":["https:\/\/www.edypro-online.com\/wp-content\/uploads\/\/images\/productos\/2_17.jpg",800,600,false],"2048x2048":["https:\/\/www.edypro-online.com\/wp-content\/uploads\/\/images\/productos\/2_17.jpg",800,600,false],"woocommerce_thumbnail":["https:\/\/www.edypro-online.com\/wp-content\/uploads\/\/images\/productos\/2_17.jpg",300,225,false],"woocommerce_single":["https:\/\/www.edypro-online.com\/wp-content\/uploads\/\/images\/productos\/2_17.jpg",600,450,false],"woocommerce_gallery_thumbnail":["https:\/\/www.edypro-online.com\/wp-content\/uploads\/\/images\/productos\/2_17.jpg",100,75,false],"web-stories-poster-portrait":["https:\/\/www.edypro-online.com\/wp-content\/uploads\/\/images\/productos\/2_17.jpg",640,480,false],"web-stories-publisher-logo":["https:\/\/www.edypro-online.com\/wp-content\/uploads\/\/images\/productos\/2_17.jpg",96,72,false],"web-stories-thumbnail":["https:\/\/www.edypro-online.com\/wp-content\/uploads\/\/images\/productos\/2_17.jpg",150,113,false],"dgwt-wcas-product-suggestion":["https:\/\/www.edypro-online.com\/wp-content\/uploads\/\/images\/productos\/2_17.jpg",64,48,false]},"uagb_author_info":{"display_name":"a3p","author_link":"https:\/\/www.edypro-online.com\/it\/author\/"},"uagb_comment_info":0,"uagb_excerpt":"Fertilizzante con amminoacidi NK (Mg) 6,8-3,2 (2) con micronutrienti Fertilizzante idrosolubile Miglioratore dell'attivit\u00e0 delle colture.","_links":{"self":[{"href":"https:\/\/www.edypro-online.com\/it\/wp-json\/wp\/v2\/product\/1586","targetHints":{"allow":["GET"]}}],"collection":[{"href":"https:\/\/www.edypro-online.com\/it\/wp-json\/wp\/v2\/product"}],"about":[{"href":"https:\/\/www.edypro-online.com\/it\/wp-json\/wp\/v2\/types\/product"}],"replies":[{"embeddable":true,"href":"https:\/\/www.edypro-online.com\/it\/wp-json\/wp\/v2\/comments?post=1586"}],"wp:featuredmedia":[{"embeddable":true,"href":"https:\/\/www.edypro-online.com\/it\/wp-json\/wp\/v2\/media\/1588"}],"wp:attachment":[{"href":"https:\/\/www.edypro-online.com\/it\/wp-json\/wp\/v2\/media?parent=1586"}],"wp:term":[{"taxonomy":"product_brand","embeddable":true,"href":"https:\/\/www.edypro-online.com\/it\/wp-json\/wp\/v2\/product_brand?post=1586"},{"taxonomy":"product_cat","embeddable":true,"href":"https:\/\/www.edypro-online.com\/it\/wp-json\/wp\/v2\/product_cat?post=1586"},{"taxonomy":"product_tag","embeddable":true,"href":"https:\/\/www.edypro-online.com\/it\/wp-json\/wp\/v2\/product_tag?post=1586"}],"curies":[{"name":"wp","href":"https:\/\/api.w.org\/{rel}","templated":true}]}}