{"id":1555,"date":"2020-07-21T19:02:39","date_gmt":"2020-07-21T19:02:39","guid":{"rendered":"https:\/\/www.edypro-online.com\/producto\/sin%20categor\u00eda\/madur-fruit-radicular\/"},"modified":"2025-03-11T09:19:22","modified_gmt":"2025-03-11T09:19:22","slug":"madur-fruit-radicular","status":"publish","type":"product","link":"https:\/\/www.edypro-online.com\/it\/producto\/biotecnologia-de-precision\/madur-fruit-radicular\/","title":{"rendered":"MADUR FRUIT RADICULAR"},"content":{"rendered":"<p><strong>MADUR FRUIT RADICULAR<\/strong> \u00e8 un prodotto a base di Biotecnologie sviluppato con l&#8217;obiettivo di creare condizioni biologiche ottimali nella coltura in modo che il processo di maturazione avvenga nel pi\u00f9 breve tempo possibile.<\/p>\n<p>La maturazione \u00e8 il processo fisiologico attraverso il quale i frutti assumono l&#8217;appropriata colorazione esterna e le loro caratteristiche organolettiche ottimali, in particolare la concentrazione di acidi liberi e solidi solubili totali (\u00baBrix) nel succo.<\/p>\n<p><strong>MADUR FRUIT RADICULAR<\/strong> attiva i geni responsabili delle trasformazioni che avvengono durante la maturazione:<\/p>\n<ul>\n<li>Degradazione della clorofilla e comparsa di pigmenti gialli chiamati caroteni; e rosso, chiamato antociani.<\/li>\n<li>Degradazione della pectina che forma la struttura.<\/li>\n<li>Trasformazione dell&#8217;amido in zuccheri e diminuzione dell&#8217;acidit\u00e0, nonch\u00e9 perdita di astringenza.<\/li>\n<\/ul>\n<p><\/p>","protected":false},"excerpt":{"rendered":"<p>Soluzione NPK 2-9-9 con Boro (B) per applicazione radicolare.<\/p>\n<p>Attivatore dei processi metabolici della maturazione dei frutti.<\/p>\n<p><img decoding=\"async\" src=\"\/images\/iconos\/Residuo cero2.png\" alt=\"residuo cero\" width=\"60\" \/><\/p>\n","protected":false},"featured_media":1556,"comment_status":"open","ping_status":"closed","template":"","meta":{"_acf_changed":false,"_seopress_robots_primary_cat":"none","_seopress_titles_title":"MADUR FRUIT RADICULAR | Biotecnolog\u00eda Precisi\u00f3n | Activaci\u00f3n del Cultivo","_seopress_titles_desc":"","_seopress_robots_index":"","_uag_custom_page_level_css":"","site-sidebar-layout":"default","site-content-layout":"default","ast-site-content-layout":"default","site-content-style":"default","site-sidebar-style":"default","ast-global-header-display":"","ast-banner-title-visibility":"","ast-main-header-display":"","ast-hfb-above-header-display":"","ast-hfb-below-header-display":"","ast-hfb-mobile-header-display":"","site-post-title":"","ast-breadcrumbs-content":"","ast-featured-img":"","footer-sml-layout":"","ast-disable-related-posts":"","theme-transparent-header-meta":"default","adv-header-id-meta":"","stick-header-meta":"","header-above-stick-meta":"","header-main-stick-meta":"","header-below-stick-meta":"","astra-migrate-meta-layouts":"set","ast-page-background-enabled":"default","ast-page-background-meta":{"desktop":{"background-color":"","background-image":"","background-repeat":"repeat","background-position":"center center","background-size":"auto","background-attachment":"scroll","background-type":"","background-media":"","overlay-type":"","overlay-color":"","overlay-opacity":"","overlay-gradient":""},"tablet":{"background-color":"","background-image":"","background-repeat":"repeat","background-position":"center center","background-size":"auto","background-attachment":"scroll","background-type":"","background-media":"","overlay-type":"","overlay-color":"","overlay-opacity":"","overlay-gradient":""},"mobile":{"background-color":"","background-image":"","background-repeat":"repeat","background-position":"center center","background-size":"auto","background-attachment":"scroll","background-type":"","background-media":"","overlay-type":"","overlay-color":"","overlay-opacity":"","overlay-gradient":""}},"ast-content-background-meta":{"desktop":{"background-color":"var(--ast-global-color-5)","background-image":"","background-repeat":"repeat","background-position":"center center","background-size":"auto","background-attachment":"scroll","background-type":"","background-media":"","overlay-type":"","overlay-color":"","overlay-opacity":"","overlay-gradient":""},"tablet":{"background-color":"var(--ast-global-color-5)","background-image":"","background-repeat":"repeat","background-position":"center center","background-size":"auto","background-attachment":"scroll","background-type":"","background-media":"","overlay-type":"","overlay-color":"","overlay-opacity":"","overlay-gradient":""},"mobile":{"background-color":"var(--ast-global-color-5)","background-image":"","background-repeat":"repeat","background-position":"center center","background-size":"auto","background-attachment":"scroll","background-type":"","background-media":"","overlay-type":"","overlay-color":"","overlay-opacity":"","overlay-gradient":""}}},"product_brand":[],"product_cat":[180],"product_tag":[198,207],"class_list":{"0":"post-1555","1":"product","2":"type-product","3":"status-publish","4":"has-post-thumbnail","6":"product_cat-biotecnologia-de-precision","7":"product_tag-radicular","8":"product_tag-residuo-cero","9":"desktop-align-left","10":"tablet-align-left","11":"mobile-align-left","12":"ast-product-gallery-layout-horizontal","13":"ast-product-single-variable","14":"ast-product-tabs-layout-vertical","16":"first","17":"instock","18":"shipping-taxable","19":"product-type-variable"},"acf":[],"uagb_featured_image_src":{"full":["https:\/\/www.edypro-online.com\/wp-content\/uploads\/\/images\/productos\/RitmodemaduraciXXnenpimiento.jpg",800,296,false],"thumbnail":["https:\/\/www.edypro-online.com\/wp-content\/uploads\/\/images\/productos\/RitmodemaduraciXXnenpimiento.jpg",150,56,false],"medium":["https:\/\/www.edypro-online.com\/wp-content\/uploads\/\/images\/productos\/RitmodemaduraciXXnenpimiento.jpg",300,111,false],"medium_large":["https:\/\/www.edypro-online.com\/wp-content\/uploads\/\/images\/productos\/RitmodemaduraciXXnenpimiento.jpg",768,284,false],"large":["https:\/\/www.edypro-online.com\/wp-content\/uploads\/\/images\/productos\/RitmodemaduraciXXnenpimiento.jpg",800,296,false],"1536x1536":["https:\/\/www.edypro-online.com\/wp-content\/uploads\/\/images\/productos\/RitmodemaduraciXXnenpimiento.jpg",800,296,false],"2048x2048":["https:\/\/www.edypro-online.com\/wp-content\/uploads\/\/images\/productos\/RitmodemaduraciXXnenpimiento.jpg",800,296,false],"woocommerce_thumbnail":["https:\/\/www.edypro-online.com\/wp-content\/uploads\/\/images\/productos\/RitmodemaduraciXXnenpimiento.jpg",300,111,false],"woocommerce_single":["https:\/\/www.edypro-online.com\/wp-content\/uploads\/\/images\/productos\/RitmodemaduraciXXnenpimiento.jpg",600,222,false],"woocommerce_gallery_thumbnail":["https:\/\/www.edypro-online.com\/wp-content\/uploads\/\/images\/productos\/RitmodemaduraciXXnenpimiento.jpg",100,37,false],"web-stories-poster-portrait":["https:\/\/www.edypro-online.com\/wp-content\/uploads\/\/images\/productos\/RitmodemaduraciXXnenpimiento.jpg",640,237,false],"web-stories-publisher-logo":["https:\/\/www.edypro-online.com\/wp-content\/uploads\/\/images\/productos\/RitmodemaduraciXXnenpimiento.jpg",96,36,false],"web-stories-thumbnail":["https:\/\/www.edypro-online.com\/wp-content\/uploads\/\/images\/productos\/RitmodemaduraciXXnenpimiento.jpg",150,56,false],"dgwt-wcas-product-suggestion":["https:\/\/www.edypro-online.com\/wp-content\/uploads\/\/images\/productos\/RitmodemaduraciXXnenpimiento.jpg",64,24,false]},"uagb_author_info":{"display_name":"a3p","author_link":"https:\/\/www.edypro-online.com\/it\/author\/"},"uagb_comment_info":0,"uagb_excerpt":"Soluzione NPK 2-9-9 con Boro (B) per applicazione radicolare. Attivatore dei processi metabolici della maturazione dei frutti.","_links":{"self":[{"href":"https:\/\/www.edypro-online.com\/it\/wp-json\/wp\/v2\/product\/1555","targetHints":{"allow":["GET"]}}],"collection":[{"href":"https:\/\/www.edypro-online.com\/it\/wp-json\/wp\/v2\/product"}],"about":[{"href":"https:\/\/www.edypro-online.com\/it\/wp-json\/wp\/v2\/types\/product"}],"replies":[{"embeddable":true,"href":"https:\/\/www.edypro-online.com\/it\/wp-json\/wp\/v2\/comments?post=1555"}],"wp:featuredmedia":[{"embeddable":true,"href":"https:\/\/www.edypro-online.com\/it\/wp-json\/wp\/v2\/media\/1556"}],"wp:attachment":[{"href":"https:\/\/www.edypro-online.com\/it\/wp-json\/wp\/v2\/media?parent=1555"}],"wp:term":[{"taxonomy":"product_brand","embeddable":true,"href":"https:\/\/www.edypro-online.com\/it\/wp-json\/wp\/v2\/product_brand?post=1555"},{"taxonomy":"product_cat","embeddable":true,"href":"https:\/\/www.edypro-online.com\/it\/wp-json\/wp\/v2\/product_cat?post=1555"},{"taxonomy":"product_tag","embeddable":true,"href":"https:\/\/www.edypro-online.com\/it\/wp-json\/wp\/v2\/product_tag?post=1555"}],"curies":[{"name":"wp","href":"https:\/\/api.w.org\/{rel}","templated":true}]}}