{"id":1542,"date":"2020-07-21T19:02:36","date_gmt":"2020-07-21T19:02:36","guid":{"rendered":"https:\/\/www.edypro-online.com\/producto\/sin%20categor\u00eda\/max-quality\/"},"modified":"2025-01-22T12:01:49","modified_gmt":"2025-01-22T12:01:49","slug":"max-quality","status":"publish","type":"product","link":"https:\/\/www.edypro-online.com\/it\/producto\/biotecnologia-de-precision\/max-quality\/","title":{"rendered":"MAX QUALITY"},"content":{"rendered":"<p><strong>MAX QUALITY<\/strong> \u00e8 un prodotto biotecnologico migliorato che aumenta la generazione di fotoassimilati attraverso la fotosintesi e la loro incorporazione nel floema.<\/p>\n<p>La componente biotecnologica di <strong>MAX QUALITY<\/strong> ne consente l&#8217;applicazione nelle fasi iniziali dell&#8217;infoltimento, in agrumi e agrumi con l&#8217;80-100% di petali caduti.<\/p>\n<p>Nella fase I dell&#8217;accrescimento <strong>MAX QUALITY<\/strong> provoca un aumento dell&#8217;<strong>apporto e dell&#8217;accumulo di metaboliti\/carboidrati nel frutto da parte dell&#8217;albero<\/strong> attraverso la fotosintesi quotidiana.<\/p>\n<p>Agisce sulla<strong> configurazione morfologica esterna del frutto, aumentandone e standardizzandone le dimensioni,<\/strong> portando il frutto alle caratteristiche morfologiche ottimali della variet\u00e0, conferendogli la forma geneticamente predeterminata.<\/p>\n<p>Attiva la divisione cellulare nella crosta, ottenendo una qualit\u00e0 eccellente nelle fasi successive.<\/p>\n<p>Nella fase II, la formulazione <strong>MAX QUALITY<\/strong> promuove l&#8217;<strong>attivazione dei geni responsabili dell&#8217;aumento delle parti interne e ha un impatto sulle caratteristiche qualitative interne:<\/strong><\/p>\n<ul>\n<li>Aumento del contenuto di succo (nella frutta e negli agrumi) o di oli vegetali (negli oliveti),<\/li>\n<li>Accentua il contrasto tra zuccheri e acidit\u00e0 che conferisce al frutto un gusto attraente.<\/li>\n<\/ul>\n<p><\/p>","protected":false},"excerpt":{"rendered":"<p>Miscela liquida di micronutrienti minerali: Boro (B), Manganese (Mn) e Molibdeno (Mo).<\/p>\n<p>Fertilizzante utilizzabile in agricoltura biologica secondo lo standard UNE 142500.<\/p>\n<p><img loading=\"lazy\" decoding=\"async\" class=\"alignnone size-thumbnail wp-image-11709\" src=\"https:\/\/www.edypro-online.com\/wp-content\/uploads\/2020\/07\/logo-CAAE-INSUMOS-UNE-142500-01-150x150.png\" alt=\"\" width=\"150\" height=\"150\" srcset=\"https:\/\/www.edypro-online.com\/wp-content\/uploads\/2020\/07\/logo-CAAE-INSUMOS-UNE-142500-01-150x150.png 150w, https:\/\/www.edypro-online.com\/wp-content\/uploads\/2020\/07\/logo-CAAE-INSUMOS-UNE-142500-01-300x300.png 300w, https:\/\/www.edypro-online.com\/wp-content\/uploads\/2020\/07\/logo-CAAE-INSUMOS-UNE-142500-01-100x100.png 100w, https:\/\/www.edypro-online.com\/wp-content\/uploads\/2020\/07\/logo-CAAE-INSUMOS-UNE-142500-01-96x96.png 96w, https:\/\/www.edypro-online.com\/wp-content\/uploads\/2020\/07\/logo-CAAE-INSUMOS-UNE-142500-01-64x64.png 64w, https:\/\/www.edypro-online.com\/wp-content\/uploads\/2020\/07\/logo-CAAE-INSUMOS-UNE-142500-01.png 591w\" sizes=\"auto, (max-width: 150px) 100vw, 150px\" \/><\/p>\n","protected":false},"featured_media":7885,"comment_status":"open","ping_status":"closed","template":"","meta":{"_acf_changed":false,"_seopress_robots_primary_cat":"none","_seopress_titles_title":"MAX QUALITY | Biotecnolog\u00eda Precisi\u00f3n | Activaci\u00f3n del Cultivo","_seopress_titles_desc":"","_seopress_robots_index":"","_uag_custom_page_level_css":"","site-sidebar-layout":"default","site-content-layout":"default","ast-site-content-layout":"default","site-content-style":"default","site-sidebar-style":"default","ast-global-header-display":"","ast-banner-title-visibility":"","ast-main-header-display":"","ast-hfb-above-header-display":"","ast-hfb-below-header-display":"","ast-hfb-mobile-header-display":"","site-post-title":"","ast-breadcrumbs-content":"","ast-featured-img":"","footer-sml-layout":"","ast-disable-related-posts":"","theme-transparent-header-meta":"default","adv-header-id-meta":"","stick-header-meta":"","header-above-stick-meta":"","header-main-stick-meta":"","header-below-stick-meta":"","astra-migrate-meta-layouts":"set","ast-page-background-enabled":"default","ast-page-background-meta":{"desktop":{"background-color":"","background-image":"","background-repeat":"repeat","background-position":"center center","background-size":"auto","background-attachment":"scroll","background-type":"","background-media":"","overlay-type":"","overlay-color":"","overlay-opacity":"","overlay-gradient":""},"tablet":{"background-color":"","background-image":"","background-repeat":"repeat","background-position":"center center","background-size":"auto","background-attachment":"scroll","background-type":"","background-media":"","overlay-type":"","overlay-color":"","overlay-opacity":"","overlay-gradient":""},"mobile":{"background-color":"","background-image":"","background-repeat":"repeat","background-position":"center center","background-size":"auto","background-attachment":"scroll","background-type":"","background-media":"","overlay-type":"","overlay-color":"","overlay-opacity":"","overlay-gradient":""}},"ast-content-background-meta":{"desktop":{"background-color":"var(--ast-global-color-5)","background-image":"","background-repeat":"repeat","background-position":"center center","background-size":"auto","background-attachment":"scroll","background-type":"","background-media":"","overlay-type":"","overlay-color":"","overlay-opacity":"","overlay-gradient":""},"tablet":{"background-color":"var(--ast-global-color-5)","background-image":"","background-repeat":"repeat","background-position":"center center","background-size":"auto","background-attachment":"scroll","background-type":"","background-media":"","overlay-type":"","overlay-color":"","overlay-opacity":"","overlay-gradient":""},"mobile":{"background-color":"var(--ast-global-color-5)","background-image":"","background-repeat":"repeat","background-position":"center center","background-size":"auto","background-attachment":"scroll","background-type":"","background-media":"","overlay-type":"","overlay-color":"","overlay-opacity":"","overlay-gradient":""}}},"product_brand":[],"product_cat":[180],"product_tag":[206,197],"class_list":{"0":"post-1542","1":"product","2":"type-product","3":"status-publish","4":"has-post-thumbnail","6":"product_cat-biotecnologia-de-precision","7":"product_tag-ecologico","8":"product_tag-foliar","9":"desktop-align-left","10":"tablet-align-left","11":"mobile-align-left","12":"ast-product-gallery-layout-horizontal","13":"ast-product-single-variable","14":"ast-product-tabs-layout-vertical","16":"first","17":"instock","18":"shipping-taxable","19":"product-type-variable"},"acf":[],"uagb_featured_image_src":{"full":["https:\/\/www.edypro-online.com\/wp-content\/uploads\/images\/secciones\/buena1.jpg",448,299,false],"thumbnail":["https:\/\/www.edypro-online.com\/wp-content\/uploads\/images\/secciones\/buena1.jpg",150,100,false],"medium":["https:\/\/www.edypro-online.com\/wp-content\/uploads\/images\/secciones\/buena1.jpg",300,200,false],"medium_large":["https:\/\/www.edypro-online.com\/wp-content\/uploads\/images\/secciones\/buena1.jpg",448,299,false],"large":["https:\/\/www.edypro-online.com\/wp-content\/uploads\/images\/secciones\/buena1.jpg",448,299,false],"1536x1536":["https:\/\/www.edypro-online.com\/wp-content\/uploads\/images\/secciones\/buena1.jpg",448,299,false],"2048x2048":["https:\/\/www.edypro-online.com\/wp-content\/uploads\/images\/secciones\/buena1.jpg",448,299,false],"woocommerce_thumbnail":["https:\/\/www.edypro-online.com\/wp-content\/uploads\/images\/secciones\/buena1.jpg",300,200,false],"woocommerce_single":["https:\/\/www.edypro-online.com\/wp-content\/uploads\/images\/secciones\/buena1.jpg",448,299,false],"woocommerce_gallery_thumbnail":["https:\/\/www.edypro-online.com\/wp-content\/uploads\/images\/secciones\/buena1-100x100.jpg",100,100,true],"web-stories-poster-portrait":["https:\/\/www.edypro-online.com\/wp-content\/uploads\/images\/secciones\/buena1.jpg",448,299,false],"web-stories-publisher-logo":["https:\/\/www.edypro-online.com\/wp-content\/uploads\/images\/secciones\/buena1.jpg",96,64,false],"web-stories-thumbnail":["https:\/\/www.edypro-online.com\/wp-content\/uploads\/images\/secciones\/buena1.jpg",150,100,false],"dgwt-wcas-product-suggestion":["https:\/\/www.edypro-online.com\/wp-content\/uploads\/images\/secciones\/buena1.jpg",64,43,false]},"uagb_author_info":{"display_name":"a3p","author_link":"https:\/\/www.edypro-online.com\/it\/author\/"},"uagb_comment_info":7,"uagb_excerpt":"Miscela liquida di micronutrienti minerali: Boro (B), Manganese (Mn) e Molibdeno (Mo). Fertilizzante utilizzabile in agricoltura biologica secondo lo standard UNE 142500.","_links":{"self":[{"href":"https:\/\/www.edypro-online.com\/it\/wp-json\/wp\/v2\/product\/1542","targetHints":{"allow":["GET"]}}],"collection":[{"href":"https:\/\/www.edypro-online.com\/it\/wp-json\/wp\/v2\/product"}],"about":[{"href":"https:\/\/www.edypro-online.com\/it\/wp-json\/wp\/v2\/types\/product"}],"replies":[{"embeddable":true,"href":"https:\/\/www.edypro-online.com\/it\/wp-json\/wp\/v2\/comments?post=1542"}],"wp:featuredmedia":[{"embeddable":true,"href":"https:\/\/www.edypro-online.com\/it\/wp-json\/wp\/v2\/media\/7885"}],"wp:attachment":[{"href":"https:\/\/www.edypro-online.com\/it\/wp-json\/wp\/v2\/media?parent=1542"}],"wp:term":[{"taxonomy":"product_brand","embeddable":true,"href":"https:\/\/www.edypro-online.com\/it\/wp-json\/wp\/v2\/product_brand?post=1542"},{"taxonomy":"product_cat","embeddable":true,"href":"https:\/\/www.edypro-online.com\/it\/wp-json\/wp\/v2\/product_cat?post=1542"},{"taxonomy":"product_tag","embeddable":true,"href":"https:\/\/www.edypro-online.com\/it\/wp-json\/wp\/v2\/product_tag?post=1542"}],"curies":[{"name":"wp","href":"https:\/\/api.w.org\/{rel}","templated":true}]}}