{"id":1491,"date":"2020-07-21T19:02:26","date_gmt":"2020-07-21T19:02:26","guid":{"rendered":"https:\/\/www.edypro-online.com\/producto\/sin%20categor\u00eda\/edypro-humectante\/"},"modified":"2025-03-11T09:30:56","modified_gmt":"2025-03-11T09:30:56","slug":"edypro-humectante","status":"publish","type":"product","link":"https:\/\/www.edypro-online.com\/it\/producto\/biotecnologia-de-precision\/edypro-humectante\/","title":{"rendered":"EDYPRO HUMECTANTE"},"content":{"rendered":"<p><strong>EDYPRO HUMECTANTE<\/strong> \u00e8 studiato per rompere la tensione superficiale dell&#8217;acqua e consentire in modo semplice e veloce di inumidire il terreno di coltivazione, formando il nuovo bulbo in un&#8217;ampia direzione orizzontale (tappi in fibra di cocco pressata, ecc.) In modo veloce, risparmiando acqua E tempo. Allo stesso tempo permette all&#8217;idratazione di essere uniforme, equilibrata e regolare.<\/p>\n<p><strong>EDYPRO HUMECTANTE<\/strong> fornisce all&#8217;acqua la facilit\u00e0 di essere distribuita attraverso il labirinto del terreno o la fibra compattata, svolgendo anche un&#8217;opera di spostamento degli ioni sodio che aderiscono alle particelle del terreno, spostandole verso strati pi\u00f9 profondi a cui le radici delle piante non arrivano.<\/p>\n<p><strong>EDYPRO HUMECTANTE<\/strong> genera il labirinto dello spostamento orizzontale dell&#8217;acqua nel terreno di coltivazione.<\/p>\n<p>Permette di esercitare dinamiche di microirrigazione (irrigazione ad impulso) dove la pianta ha la quantit\u00e0 d&#8217;acqua ottimale nella parte superiore con la frequenza opportuna ed evita che il terreno si saturi e finisca in ristagno.<\/p>\n<p>Questo sistema \u00e8 stato creato per ottenere un notevole risparmio idrico.<\/p>","protected":false},"excerpt":{"rendered":"<p>Per un migliore radicamento della coltura e per risparmiare acqua, applicare <strong>EDYPRO HUMECTANTE<\/strong> in pre-trapianto<\/p>\n<p>SOLUZIONE DI FERTILIZZANTE NP 5-12<\/p>\n<p><img decoding=\"async\" src=\"\/images\/iconos\/Residuo cero2.png\" alt=\"residuo cero\" width=\"60\" \/><\/p>\n","protected":false},"featured_media":8344,"comment_status":"open","ping_status":"closed","template":"","meta":{"_acf_changed":false,"_seopress_robots_primary_cat":"none","_seopress_titles_title":"EDYPRO HUMECTANTE | Biotecnolog\u00eda Precisi\u00f3n | Activaci\u00f3n del Cultivo","_seopress_titles_desc":"","_seopress_robots_index":"","_uag_custom_page_level_css":"","site-sidebar-layout":"default","site-content-layout":"default","ast-site-content-layout":"default","site-content-style":"default","site-sidebar-style":"default","ast-global-header-display":"","ast-banner-title-visibility":"","ast-main-header-display":"","ast-hfb-above-header-display":"","ast-hfb-below-header-display":"","ast-hfb-mobile-header-display":"","site-post-title":"","ast-breadcrumbs-content":"","ast-featured-img":"","footer-sml-layout":"","ast-disable-related-posts":"","theme-transparent-header-meta":"default","adv-header-id-meta":"","stick-header-meta":"","header-above-stick-meta":"","header-main-stick-meta":"","header-below-stick-meta":"","astra-migrate-meta-layouts":"set","ast-page-background-enabled":"default","ast-page-background-meta":{"desktop":{"background-color":"","background-image":"","background-repeat":"repeat","background-position":"center center","background-size":"auto","background-attachment":"scroll","background-type":"","background-media":"","overlay-type":"","overlay-color":"","overlay-opacity":"","overlay-gradient":""},"tablet":{"background-color":"","background-image":"","background-repeat":"repeat","background-position":"center center","background-size":"auto","background-attachment":"scroll","background-type":"","background-media":"","overlay-type":"","overlay-color":"","overlay-opacity":"","overlay-gradient":""},"mobile":{"background-color":"","background-image":"","background-repeat":"repeat","background-position":"center center","background-size":"auto","background-attachment":"scroll","background-type":"","background-media":"","overlay-type":"","overlay-color":"","overlay-opacity":"","overlay-gradient":""}},"ast-content-background-meta":{"desktop":{"background-color":"var(--ast-global-color-5)","background-image":"","background-repeat":"repeat","background-position":"center center","background-size":"auto","background-attachment":"scroll","background-type":"","background-media":"","overlay-type":"","overlay-color":"","overlay-opacity":"","overlay-gradient":""},"tablet":{"background-color":"var(--ast-global-color-5)","background-image":"","background-repeat":"repeat","background-position":"center center","background-size":"auto","background-attachment":"scroll","background-type":"","background-media":"","overlay-type":"","overlay-color":"","overlay-opacity":"","overlay-gradient":""},"mobile":{"background-color":"var(--ast-global-color-5)","background-image":"","background-repeat":"repeat","background-position":"center center","background-size":"auto","background-attachment":"scroll","background-type":"","background-media":"","overlay-type":"","overlay-color":"","overlay-opacity":"","overlay-gradient":""}}},"product_brand":[],"product_cat":[180],"product_tag":[198,207],"class_list":{"0":"post-1491","1":"product","2":"type-product","3":"status-publish","4":"has-post-thumbnail","6":"product_cat-biotecnologia-de-precision","7":"product_tag-radicular","8":"product_tag-residuo-cero","9":"desktop-align-left","10":"tablet-align-left","11":"mobile-align-left","12":"ast-product-gallery-layout-horizontal","13":"ast-product-single-variable","14":"ast-product-tabs-layout-vertical","16":"first","17":"instock","18":"shipping-taxable","19":"product-type-variable"},"acf":[],"uagb_featured_image_src":{"full":["https:\/\/www.edypro-online.com\/wp-content\/uploads\/2020\/07\/Tratado-con-EDYPRO-HUMECTANTE2.jpg",1500,1125,false],"thumbnail":["https:\/\/www.edypro-online.com\/wp-content\/uploads\/2020\/07\/Tratado-con-EDYPRO-HUMECTANTE2-150x150.jpg",150,150,true],"medium":["https:\/\/www.edypro-online.com\/wp-content\/uploads\/2020\/07\/Tratado-con-EDYPRO-HUMECTANTE2-300x225.jpg",300,225,true],"medium_large":["https:\/\/www.edypro-online.com\/wp-content\/uploads\/2020\/07\/Tratado-con-EDYPRO-HUMECTANTE2-768x576.jpg",768,576,true],"large":["https:\/\/www.edypro-online.com\/wp-content\/uploads\/2020\/07\/Tratado-con-EDYPRO-HUMECTANTE2-1024x768.jpg",1024,768,true],"1536x1536":["https:\/\/www.edypro-online.com\/wp-content\/uploads\/2020\/07\/Tratado-con-EDYPRO-HUMECTANTE2.jpg",1500,1125,false],"2048x2048":["https:\/\/www.edypro-online.com\/wp-content\/uploads\/2020\/07\/Tratado-con-EDYPRO-HUMECTANTE2.jpg",1500,1125,false],"woocommerce_thumbnail":["https:\/\/www.edypro-online.com\/wp-content\/uploads\/2020\/07\/Tratado-con-EDYPRO-HUMECTANTE2-300x300.jpg",300,300,true],"woocommerce_single":["https:\/\/www.edypro-online.com\/wp-content\/uploads\/2020\/07\/Tratado-con-EDYPRO-HUMECTANTE2-600x450.jpg",600,450,true],"woocommerce_gallery_thumbnail":["https:\/\/www.edypro-online.com\/wp-content\/uploads\/2020\/07\/Tratado-con-EDYPRO-HUMECTANTE2-100x100.jpg",100,100,true],"web-stories-poster-portrait":["https:\/\/www.edypro-online.com\/wp-content\/uploads\/2020\/07\/Tratado-con-EDYPRO-HUMECTANTE2.jpg",640,480,false],"web-stories-publisher-logo":["https:\/\/www.edypro-online.com\/wp-content\/uploads\/2020\/07\/Tratado-con-EDYPRO-HUMECTANTE2.jpg",96,72,false],"web-stories-thumbnail":["https:\/\/www.edypro-online.com\/wp-content\/uploads\/2020\/07\/Tratado-con-EDYPRO-HUMECTANTE2.jpg",150,113,false],"dgwt-wcas-product-suggestion":["https:\/\/www.edypro-online.com\/wp-content\/uploads\/2020\/07\/Tratado-con-EDYPRO-HUMECTANTE2-64x48.jpg",64,48,true]},"uagb_author_info":{"display_name":"a3p","author_link":"https:\/\/www.edypro-online.com\/it\/author\/"},"uagb_comment_info":0,"uagb_excerpt":"Per un migliore radicamento della coltura e per risparmiare acqua, applicare EDYPRO HUMECTANTE in pre-trapianto SOLUZIONE DI FERTILIZZANTE NP 5-12","_links":{"self":[{"href":"https:\/\/www.edypro-online.com\/it\/wp-json\/wp\/v2\/product\/1491","targetHints":{"allow":["GET"]}}],"collection":[{"href":"https:\/\/www.edypro-online.com\/it\/wp-json\/wp\/v2\/product"}],"about":[{"href":"https:\/\/www.edypro-online.com\/it\/wp-json\/wp\/v2\/types\/product"}],"replies":[{"embeddable":true,"href":"https:\/\/www.edypro-online.com\/it\/wp-json\/wp\/v2\/comments?post=1491"}],"wp:featuredmedia":[{"embeddable":true,"href":"https:\/\/www.edypro-online.com\/it\/wp-json\/wp\/v2\/media\/8344"}],"wp:attachment":[{"href":"https:\/\/www.edypro-online.com\/it\/wp-json\/wp\/v2\/media?parent=1491"}],"wp:term":[{"taxonomy":"product_brand","embeddable":true,"href":"https:\/\/www.edypro-online.com\/it\/wp-json\/wp\/v2\/product_brand?post=1491"},{"taxonomy":"product_cat","embeddable":true,"href":"https:\/\/www.edypro-online.com\/it\/wp-json\/wp\/v2\/product_cat?post=1491"},{"taxonomy":"product_tag","embeddable":true,"href":"https:\/\/www.edypro-online.com\/it\/wp-json\/wp\/v2\/product_tag?post=1491"}],"curies":[{"name":"wp","href":"https:\/\/api.w.org\/{rel}","templated":true}]}}