{"id":37,"date":"2018-11-26T12:46:44","date_gmt":"2018-11-26T12:46:44","guid":{"rendered":"https:\/\/www.edypro-online.com\/projects\/"},"modified":"2023-05-03T11:10:15","modified_gmt":"2023-05-03T11:10:15","slug":"i-d-i","status":"publish","type":"page","link":"https:\/\/www.edypro-online.com\/it\/biotecnologiaagricola\/i-d-i\/","title":{"rendered":"I+D+i"},"content":{"rendered":"<section class=\"wp-block-uagb-section uagb-section__wrap uagb-section__background-image uagb-block-53050310\"><div class=\"uagb-section__overlay\"><\/div><div class=\"uagb-section__inner-wrap\">\n<div class=\"wp-block-uagb-advanced-heading uagb-block-1b9d388b\" id=\"uagb-adv-heading-e5c3184e-140b-41f9-a9ec-0b515a0e810d\"><h1 class=\"uagb-heading-text\">R+S+i<\/h1><p class=\"uagb-desc-text\"><\/p><\/div>\n<\/div><\/section>\n\n\n\n<section class=\"wp-block-uagb-section uagb-section__wrap uagb-section__background-undefined uagb-block-fe677df8\"><div class=\"uagb-section__overlay\"><\/div><div class=\"uagb-section__inner-wrap\">\n<div class=\"wp-block-columns has-2-columns is-layout-flex wp-container-core-columns-is-layout-28f84493 wp-block-columns-is-layout-flex\">\n<div class=\"wp-block-column is-layout-flow wp-block-column-is-layout-flow\">\n<figure class=\"wp-block-image size-large\"><img loading=\"lazy\" decoding=\"async\" width=\"1024\" height=\"768\" src=\"https:\/\/www.edypro-online.com\/wp-content\/uploads\/2021\/02\/Archivo_000-1024x768.jpeg\" alt=\"\" class=\"wp-image-9191\" srcset=\"https:\/\/www.edypro-online.com\/wp-content\/uploads\/2021\/02\/Archivo_000-1024x768.jpeg 1024w, https:\/\/www.edypro-online.com\/wp-content\/uploads\/2021\/02\/Archivo_000-300x225.jpeg 300w, https:\/\/www.edypro-online.com\/wp-content\/uploads\/2021\/02\/Archivo_000-768x576.jpeg 768w, https:\/\/www.edypro-online.com\/wp-content\/uploads\/2021\/02\/Archivo_000-1536x1152.jpeg 1536w, https:\/\/www.edypro-online.com\/wp-content\/uploads\/2021\/02\/Archivo_000-2048x1536.jpeg 2048w, https:\/\/www.edypro-online.com\/wp-content\/uploads\/2021\/02\/Archivo_000-600x450.jpeg 600w, https:\/\/www.edypro-online.com\/wp-content\/uploads\/2021\/02\/Archivo_000-64x48.jpeg 64w\" sizes=\"auto, (max-width: 1024px) 100vw, 1024px\" \/><\/figure>\n\n\n\n<div class=\"wp-block-uagb-advanced-heading uagb-block-ae3f085f\" id=\"uagb-adv-heading-376d0ff4-dbab-4ebc-81db-cea485a175ce\"><h4 class=\"uagb-heading-text\">ANALISI BIOLOGICO E FISIOLOGICO<\/h4><p class=\"uagb-desc-text\">In <strong>EDYPRO<\/strong> studiamo attentamente il funzionamento biologico e fisiologico delle specie vegetali. Analizziamo il suo stato fenologico e comportamento in base al ciclo colturale, per determinare i motivi per cui la specie ha un comportamento inappropriato rispetto all&#8217;obiettivo di qualit\u00e0 e produzione. <\/p><\/div>\n\n\n\n<div class=\"wp-block-uagb-advanced-heading uagb-block-ad1699b0\" id=\"uagb-adv-heading-ac7e336b-2e74-4c51-a3d1-8468a503b134\"><h5 class=\"uagb-heading-text\"> <br>Analizziamo le cause per le quali il raccolto sta avendo un comportamento inappropriato <br><\/h5><p class=\"uagb-desc-text\"><\/p><\/div>\n\n\n\n<figure class=\"wp-block-image size-large\"><img loading=\"lazy\" decoding=\"async\" width=\"1024\" height=\"715\" src=\"https:\/\/www.edypro-online.com\/wp-content\/uploads\/2021\/02\/IMG_1890-1024x715.png\" alt=\"\" class=\"wp-image-9194\" srcset=\"https:\/\/www.edypro-online.com\/wp-content\/uploads\/2021\/02\/IMG_1890-1024x715.png 1024w, https:\/\/www.edypro-online.com\/wp-content\/uploads\/2021\/02\/IMG_1890-300x210.png 300w, https:\/\/www.edypro-online.com\/wp-content\/uploads\/2021\/02\/IMG_1890-768x536.png 768w, https:\/\/www.edypro-online.com\/wp-content\/uploads\/2021\/02\/IMG_1890-1536x1073.png 1536w, https:\/\/www.edypro-online.com\/wp-content\/uploads\/2021\/02\/IMG_1890-2048x1431.png 2048w, https:\/\/www.edypro-online.com\/wp-content\/uploads\/2021\/02\/IMG_1890-600x419.png 600w, https:\/\/www.edypro-online.com\/wp-content\/uploads\/2021\/02\/IMG_1890-64x45.png 64w\" sizes=\"auto, (max-width: 1024px) 100vw, 1024px\" \/><\/figure>\n\n\n\n<div class=\"wp-block-uagb-advanced-heading uagb-block-a820eb7a\" id=\"uagb-adv-heading-9d16e1ea-7e49-4abd-9fe0-e79365453ec4\"><h4 class=\"uagb-heading-text\">ASSISTENZA TECNICA AL PROFESSIONISTA<\/h4><p class=\"uagb-desc-text\">Nell&#8217;agricoltura del presente e del futuro le colture devono essere gestite agendo in anticipo per evitare di cadere in situazioni di coltivazione inadeguate che causano bassa produzione e qualit\u00e0.<\/p><\/div>\n\n\n\n<div class=\"wp-block-uagb-advanced-heading uagb-block-43715ee0\" id=\"uagb-adv-heading-b3abee33-17e0-4960-be44-1baf8d874e52\"><h5 class=\"uagb-heading-text\"> <br>Prendiamo in considerazione tutti i fattori che determinano i raccolti  <\/h5><p class=\"uagb-desc-text\"><\/p><\/div>\n<\/div>\n\n\n\n<div class=\"wp-block-column is-layout-flow wp-block-column-is-layout-flow\">\n<figure class=\"wp-block-image size-large\"><img loading=\"lazy\" decoding=\"async\" width=\"1024\" height=\"768\" src=\"https:\/\/www.edypro-online.com\/wp-content\/uploads\/2020\/12\/procuaje-web.jpg\" alt=\"\" class=\"wp-image-8435\" srcset=\"https:\/\/www.edypro-online.com\/wp-content\/uploads\/2020\/12\/procuaje-web.jpg 1024w, https:\/\/www.edypro-online.com\/wp-content\/uploads\/2020\/12\/procuaje-web-300x225.jpg 300w, https:\/\/www.edypro-online.com\/wp-content\/uploads\/2020\/12\/procuaje-web-768x576.jpg 768w, https:\/\/www.edypro-online.com\/wp-content\/uploads\/2020\/12\/procuaje-web-600x450.jpg 600w, https:\/\/www.edypro-online.com\/wp-content\/uploads\/2020\/12\/procuaje-web-64x48.jpg 64w\" sizes=\"auto, (max-width: 1024px) 100vw, 1024px\" \/><\/figure>\n\n\n\n<div class=\"wp-block-uagb-advanced-heading uagb-block-e3067632\" id=\"uagb-adv-heading-e023d070-b7d4-4d2d-b19b-f1f68bf434a5\"><h4 class=\"uagb-heading-text\">AGIAMO SU GENI PRODUTTIVI<\/h4><p class=\"uagb-desc-text\">In questo modo la<strong> fisiologia vegetale <\/strong>ci permette di accedere alle cause che causano la mancanza di resa nelle colture. Da questa conclusione apriamo le linee di ricerca biotecnologiche per poter influenzare i fattori chiave di successo della coltura, in modo concreto e appropriato per ogni problema.<\/p><\/div>\n\n\n\n<div class=\"wp-block-uagb-advanced-heading uagb-block-3a1fa803\" id=\"uagb-adv-heading-94905fae-c1c5-4f17-a73b-e5a0863d62f8\"><h5 class=\"uagb-heading-text\"> <br>Influenziamo i fattori chiave di successo delle colture attraverso la biotecnologia <br><\/h5><p class=\"uagb-desc-text\"><\/p><\/div>\n\n\n\n<figure class=\"wp-block-image size-large is-resized\"><img loading=\"lazy\" decoding=\"async\" src=\"https:\/\/www.edypro-online.com\/wp-content\/uploads\/2020\/07\/analysis-2030265_1920-1024x683.jpg\" alt=\"\" class=\"wp-image-1354\" width=\"512\" height=\"342\" srcset=\"https:\/\/www.edypro-online.com\/wp-content\/uploads\/2020\/07\/analysis-2030265_1920-1024x683.jpg 1024w, https:\/\/www.edypro-online.com\/wp-content\/uploads\/2020\/07\/analysis-2030265_1920-64x43.jpg 64w, https:\/\/www.edypro-online.com\/wp-content\/uploads\/2020\/07\/analysis-2030265_1920-300x200.jpg 300w, https:\/\/www.edypro-online.com\/wp-content\/uploads\/2020\/07\/analysis-2030265_1920-768x512.jpg 768w, https:\/\/www.edypro-online.com\/wp-content\/uploads\/2020\/07\/analysis-2030265_1920-1536x1024.jpg 1536w, https:\/\/www.edypro-online.com\/wp-content\/uploads\/2020\/07\/analysis-2030265_1920-600x400.jpg 600w, https:\/\/www.edypro-online.com\/wp-content\/uploads\/2020\/07\/analysis-2030265_1920.jpg 1920w\" sizes=\"auto, (max-width: 512px) 100vw, 512px\" \/><\/figure>\n\n\n\n<div class=\"wp-block-uagb-advanced-heading uagb-block-5725a025\" id=\"uagb-adv-heading-624ee419-dac4-4c74-80b2-6867e86891a6\"><h4 class=\"uagb-heading-text\">R+S+i PER LA MASSIMA QUALIT\u00c0  <\/h4><p class=\"uagb-desc-text\">La biotecnologia di <strong>EDYPRO<\/strong> studia come creare forme di azione che attivino i sistemi naturali di autodifesa e cerca un modo per influenzare il miglioramento del funzionamento del sistema immunitario della pianta.<\/p><\/div>\n\n\n\n<div class=\"wp-block-uagb-advanced-heading uagb-block-1391cacc\" id=\"uagb-adv-heading-034e3f52-179e-4967-af08-120fd3e13a9d\"><h5 class=\"uagb-heading-text\"><br>Analizziamo e studiamo l&#8217;evoluzione e il comportamento di ogni specie per ottenere la massima qualit\u00e0 e produzione senza residui<\/h5><p class=\"uagb-desc-text\"><\/p><\/div>\n\n\n\n<p><\/p>\n<\/div>\n<\/div>\n\n\n\n<p><\/p>\n<\/div><\/section>\n\n\n\n<section class=\"wp-block-uagb-section uagb-section__wrap uagb-section__background-color uagb-block-e49b98e3\"><div class=\"uagb-section__overlay\"><\/div><div class=\"uagb-section__inner-wrap\">\n<div class=\"wp-block-columns has-2-columns is-layout-flex wp-container-core-columns-is-layout-28f84493 wp-block-columns-is-layout-flex\">\n<div class=\"wp-block-column is-layout-flow wp-block-column-is-layout-flow\">\n<div style=\"height:20px\" aria-hidden=\"true\" class=\"wp-block-spacer\"><\/div>\n\n\n\n<div class=\"wp-block-uagb-advanced-heading uagb-block-a153271c\" id=\"uagb-adv-heading-9f7c07e2-6d55-4e28-9725-11583c43f548\"><h3 class=\"uagb-heading-text\">Conosci le nostre soluzioni biotecnologiche<\/h3><p class=\"uagb-desc-text\"><\/p><\/div>\n<\/div>\n\n\n\n<div class=\"wp-block-column is-layout-flow wp-block-column-is-layout-flow\">\n<div class=\"wp-block-uagb-buttons uagb-buttons__outer-wrap uagb-block-b5f724ec\"><div class=\"uagb-buttons__wrap uagb-buttons-layout-wrap\">\n<div class=\"wp-block-uagb-buttons-child uagb-buttons__outer-wrap uagb-block-33c4dcd6\"><div class=\"uagb-button__wrapper\"><a class=\"uagb-buttons-repeater\" href=\"#productos\" rel=\"noopener noreferrer\" target=\"_self\"><div class=\"uagb-button__link\">Soluzioni biotecnologiche<\/div><\/a><\/div><\/div>\n<\/div><\/div>\n<\/div>\n<\/div>\n<\/div><\/section>","protected":false},"excerpt":{"rendered":"","protected":false},"author":1,"featured_media":0,"parent":353,"menu_order":0,"comment_status":"closed","ping_status":"closed","template":"","meta":{"_acf_changed":false,"_seopress_robots_primary_cat":"","_seopress_titles_title":"I+D+i en Biotecnolog\u00eda Agr\u00edcola | Edypro","_seopress_titles_desc":"Estudiamos e innovamos en biotecnolog\u00eda agr\u00edcola. Descubre como trabajamos en I+D+i en soluciones de biotecnolog\u00eda del cultivo","_seopress_robots_index":"","_uag_custom_page_level_css":"","site-sidebar-layout":"no-sidebar","site-content-layout":"page-builder","ast-site-content-layout":"default","site-content-style":"default","site-sidebar-style":"default","ast-global-header-display":"","ast-banner-title-visibility":"","ast-main-header-display":"","ast-hfb-above-header-display":"","ast-hfb-below-header-display":"","ast-hfb-mobile-header-display":"","site-post-title":"disabled","ast-breadcrumbs-content":"","ast-featured-img":"disabled","footer-sml-layout":"","ast-disable-related-posts":"","theme-transparent-header-meta":"enabled","adv-header-id-meta":"","stick-header-meta":"","header-above-stick-meta":"","header-main-stick-meta":"","header-below-stick-meta":"","astra-migrate-meta-layouts":"default","ast-page-background-enabled":"default","ast-page-background-meta":{"desktop":{"background-color":"","background-image":"","background-repeat":"repeat","background-position":"center center","background-size":"auto","background-attachment":"scroll","background-type":"","background-media":"","overlay-type":"","overlay-color":"","overlay-opacity":"","overlay-gradient":""},"tablet":{"background-color":"","background-image":"","background-repeat":"repeat","background-position":"center center","background-size":"auto","background-attachment":"scroll","background-type":"","background-media":"","overlay-type":"","overlay-color":"","overlay-opacity":"","overlay-gradient":""},"mobile":{"background-color":"","background-image":"","background-repeat":"repeat","background-position":"center center","background-size":"auto","background-attachment":"scroll","background-type":"","background-media":"","overlay-type":"","overlay-color":"","overlay-opacity":"","overlay-gradient":""}},"ast-content-background-meta":{"desktop":{"background-color":"var(--ast-global-color-5)","background-image":"","background-repeat":"repeat","background-position":"center center","background-size":"auto","background-attachment":"scroll","background-type":"","background-media":"","overlay-type":"","overlay-color":"","overlay-opacity":"","overlay-gradient":""},"tablet":{"background-color":"var(--ast-global-color-5)","background-image":"","background-repeat":"repeat","background-position":"center center","background-size":"auto","background-attachment":"scroll","background-type":"","background-media":"","overlay-type":"","overlay-color":"","overlay-opacity":"","overlay-gradient":""},"mobile":{"background-color":"var(--ast-global-color-5)","background-image":"","background-repeat":"repeat","background-position":"center center","background-size":"auto","background-attachment":"scroll","background-type":"","background-media":"","overlay-type":"","overlay-color":"","overlay-opacity":"","overlay-gradient":""}},"footnotes":""},"class_list":["post-37","page","type-page","status-publish","hentry"],"acf":[],"uagb_featured_image_src":{"full":false,"thumbnail":false,"medium":false,"medium_large":false,"large":false,"1536x1536":false,"2048x2048":false,"woocommerce_thumbnail":false,"woocommerce_single":false,"woocommerce_gallery_thumbnail":false,"web-stories-poster-portrait":false,"web-stories-publisher-logo":false,"web-stories-thumbnail":false,"dgwt-wcas-product-suggestion":false},"uagb_author_info":{"display_name":"a3p","author_link":"https:\/\/www.edypro-online.com\/it\/author\/a3p\/"},"uagb_comment_info":0,"uagb_excerpt":null,"_links":{"self":[{"href":"https:\/\/www.edypro-online.com\/it\/wp-json\/wp\/v2\/pages\/37","targetHints":{"allow":["GET"]}}],"collection":[{"href":"https:\/\/www.edypro-online.com\/it\/wp-json\/wp\/v2\/pages"}],"about":[{"href":"https:\/\/www.edypro-online.com\/it\/wp-json\/wp\/v2\/types\/page"}],"author":[{"embeddable":true,"href":"https:\/\/www.edypro-online.com\/it\/wp-json\/wp\/v2\/users\/1"}],"replies":[{"embeddable":true,"href":"https:\/\/www.edypro-online.com\/it\/wp-json\/wp\/v2\/comments?post=37"}],"version-history":[{"count":37,"href":"https:\/\/www.edypro-online.com\/it\/wp-json\/wp\/v2\/pages\/37\/revisions"}],"predecessor-version":[{"id":12080,"href":"https:\/\/www.edypro-online.com\/it\/wp-json\/wp\/v2\/pages\/37\/revisions\/12080"}],"up":[{"embeddable":true,"href":"https:\/\/www.edypro-online.com\/it\/wp-json\/wp\/v2\/pages\/353"}],"wp:attachment":[{"href":"https:\/\/www.edypro-online.com\/it\/wp-json\/wp\/v2\/media?parent=37"}],"curies":[{"name":"wp","href":"https:\/\/api.w.org\/{rel}","templated":true}]}}