{"id":35,"date":"2018-11-26T12:45:57","date_gmt":"2018-11-26T12:45:57","guid":{"rendered":"https:\/\/www.edypro-online.com\/about\/"},"modified":"2023-05-24T15:17:02","modified_gmt":"2023-05-24T15:17:02","slug":"quienes-somos-biotecnologia-en-valencia","status":"publish","type":"page","link":"https:\/\/www.edypro-online.com\/it\/biotecnologiaagricola\/quienes-somos-biotecnologia-en-valencia\/","title":{"rendered":"Chi Siamo"},"content":{"rendered":"<section class=\"wp-block-uagb-section uagb-section__wrap uagb-section__background-image uagb-block-d8ef48f9\"><div class=\"uagb-section__overlay\"><\/div><div class=\"uagb-section__inner-wrap\">\n<div class=\"wp-block-uagb-advanced-heading uagb-block-1c9ae9c0\" id=\"uagb-adv-heading-7fe9f17f-61ef-4e2a-b721-3f6feb0cd267\"><h1 class=\"uagb-heading-text\">SU EDYPRO<\/h1><p class=\"uagb-desc-text\"><\/p><\/div>\n<\/div><\/section>\n\n\n\n<section class=\"wp-block-uagb-section uagb-section__wrap uagb-section__background-undefined uagb-block-b5dd1f56\"><div class=\"uagb-section__overlay\"><\/div><div class=\"uagb-section__inner-wrap\">\n<div class=\"wp-block-columns has-2-columns is-layout-flex wp-container-core-columns-is-layout-28f84493 wp-block-columns-is-layout-flex\">\n<div class=\"wp-block-column is-layout-flow wp-block-column-is-layout-flow\">\n<div class=\"wp-block-uagb-advanced-heading uagb-block-c9b10841\" id=\"uagb-adv-heading-0c7487a0-0afc-4444-8f2a-925578a9b55d\"><h4 class=\"uagb-heading-text\">Agricoltura All&#8217;avanguardia <\/h4><p class=\"uagb-desc-text\"><strong>One touch of nature makes the whole world kin<\/strong><\/p><\/div>\n\n\n\n<div class=\"wp-block-uagb-advanced-heading uagb-block-0b216b38\" id=\"uagb-adv-heading-c677bda1-e7fd-49e8-b533-14ffd4516f57\"><h3 class=\"uagb-heading-text\">Impegnati a creare benessere per l&#8217;umanit\u00e0<\/h3><p class=\"uagb-desc-text\"><\/p><\/div>\n<\/div>\n\n\n\n<div class=\"wp-block-column is-layout-flow wp-block-column-is-layout-flow\">\n<div class=\"wp-block-uagb-advanced-heading uagb-block-836c0f72\" id=\"uagb-adv-heading-227e6b34-e242-4fa2-8d43-2e5ee0625cfc\"><h3 class=\"uagb-heading-text\">Dal 1996 EDYPRO si dedica allo studio, sviluppo e produzione di fertilizzanti biotecnologici<\/h3><p class=\"uagb-desc-text\"> <br>Dalla sua nascita nel 1996, EDYPRO \u00e8 un&#8217;azienda con sede a Valencia (Spagna) e dedita alla ricerca, sviluppo e produzione di prodotti biotecnologici da utilizzare nell&#8217;agricoltura d&#8217;avanguardia. Distribuiamo i nostri prodotti in Spagna, Portogallo, Francia e Italia.<br><br><strong>La nostra Mission: EDYPRO<\/strong> \u00e8 una societ\u00e0 dedicata allo Studio (E), Sviluppo (D) e Produzione (Pro) di fertilizzanti biotecnologici ad alto rendimento agronomico per un&#8217;agricoltura d&#8217;avanguardia.<br><br><strong>La nostra Visione:<\/strong> essere un&#8217;organizzazione di riferimento nella ricerca biotecnologica per un&#8217;agricoltura senza residui \/ agricoltura ecologica a livello nazionale e internazionale. <\/p><\/div>\n<\/div>\n<\/div>\n<\/div><\/section>\n\n\n\n<section class=\"wp-block-uagb-section uagb-section__wrap uagb-section__background-color uagb-block-a542bab4\"><div class=\"uagb-section__overlay\"><\/div><div class=\"uagb-section__inner-wrap\">\n<div class=\"wp-block-columns has-4-columns is-layout-flex wp-container-core-columns-is-layout-28f84493 wp-block-columns-is-layout-flex\">\n<div class=\"wp-block-column is-layout-flow wp-block-column-is-layout-flow\">\n<div class=\"wp-block-uagb-advanced-heading uagb-block-e3363258\" id=\"uagb-adv-heading-adb2c479-213a-43b6-883d-121928bb0887\"><h4 class=\"uagb-heading-text\"><strong>ALCUNI NUMERI<\/strong><\/h4><p class=\"uagb-desc-text\"><br><\/p><\/div>\n\n\n\n<div class=\"wp-block-uagb-advanced-heading uagb-block-5e66293b\" id=\"uagb-adv-heading-e3680824-6d7c-4d1a-b8ec-e4bd8d87a9f8\"><h3 class=\"uagb-heading-text\"><strong>EDYPRO ha<\/strong> <\/h3><p class=\"uagb-desc-text\"><\/p><\/div>\n<\/div>\n\n\n\n<div class=\"wp-block-column is-layout-flow wp-block-column-is-layout-flow\">\n<div class=\"wp-block-uagb-advanced-heading uagb-block-dba8d437\" id=\"uagb-adv-heading-0c39d734-f7c2-47fe-9e4d-8ac6f210b6f4\"><h1 class=\"uagb-heading-text\">2<\/h1><p class=\"uagb-desc-text\"> Laboratori di ricerca <\/p><\/div>\n\n\n\n<p><\/p>\n<\/div>\n\n\n\n<div class=\"wp-block-column is-layout-flow wp-block-column-is-layout-flow\">\n<div class=\"wp-block-uagb-advanced-heading uagb-block-ba416a83\" id=\"uagb-adv-heading-d72c6c75-1c74-45e3-ac7b-c169cfd9b351\"><h1 class=\"uagb-heading-text\">2<\/h1><p class=\"uagb-desc-text\"> Centri di produzione <\/p><\/div>\n<\/div>\n\n\n\n<div class=\"wp-block-column is-layout-flow wp-block-column-is-layout-flow\">\n<div class=\"wp-block-uagb-advanced-heading uagb-block-bff5c5f6\" id=\"uagb-adv-heading-5cebc623-3783-4a69-9d5e-436b572076a7\"><h1 class=\"uagb-heading-text\">3<\/h1><p class=\"uagb-desc-text\">Parcelle sperimentali<\/p><\/div>\n<\/div>\n<\/div>\n\n\n\n<hr class=\"wp-block-separator is-style-wide\"\/>\n\n\n\n<div class=\"wp-block-uagb-advanced-heading uagb-block-0cd30053\" id=\"uagb-adv-heading-d5089d02-3bb7-4fe8-aff9-6467523a9ecc\"><h3 class=\"uagb-heading-text\"> <br>In EDYPRO siamo specialisti in fisiologia vegetale. Indaghiamo le cause dell&#8217;atteggiamento inappropriato della coltura per anticiparlo, evitarlo o correggerlo.   <\/h3><p class=\"uagb-desc-text\"><\/p><\/div>\n\n\n\n<div style=\"height:50px\" aria-hidden=\"true\" class=\"wp-block-spacer\"><\/div>\n\n\n\n<div class=\"wp-block-columns has-3-columns is-layout-flex wp-container-core-columns-is-layout-28f84493 wp-block-columns-is-layout-flex\">\n<div class=\"wp-block-column is-layout-flow wp-block-column-is-layout-flow\">\n<div class=\"wp-block-uagb-advanced-heading uagb-block-b968754c\" id=\"uagb-adv-heading-f448937a-ab2f-4dc3-af0a-c9bfb0ed2d8e\"><h4 class=\"uagb-heading-text\">QUALIT\u00c0 IN TUTTO IL PROCESSO<\/h4><p class=\"uagb-desc-text\"><strong>EDYPRO<\/strong> lavora per ottenere la migliore qualit\u00e0 possibile nell&#8217;intero processo di produzione. Dal momento in cui il prodotto viene concepito, passando per la fase di laboratorio o di produzione, la qualit\u00e0 governa sempre tutte le sue fasi.<br><br>Oltre alla qualit\u00e0 dei nostri prodotti e alla loro efficacia, siamo preoccupati per l&#8217;impatto che l&#8217;attivit\u00e0 pu\u00f2 avere sull&#8217;ambiente. E per questo le nostre soluzioni biotecnologiche sono rispettose dell&#8217;ambiente e di elevate prestazioni agronomiche.   <\/p><\/div>\n<\/div>\n\n\n\n<div class=\"wp-block-column is-layout-flow wp-block-column-is-layout-flow\">\n<div class=\"wp-block-uagb-advanced-heading uagb-block-5ca5a185\" id=\"uagb-adv-heading-0aa53000-cd1d-4dca-9a46-524bba50ed77\"><h4 class=\"uagb-heading-text\">GARANZIA DEI RISULTATI<\/h4><p class=\"uagb-desc-text\">L&#8217;efficacia delle nostre s<strong>oluzioni biotecnologiche<\/strong> \u00e8 supportata dall&#8217;esperienza di tecnici e agricoltori che lavorano con loro.<br><br><strong>Abbiamo quasi il 100% di clienti soddisfatti.<\/strong><br><br><\/p><\/div>\n\n\n\n<figure class=\"wp-block-embed is-type-video is-provider-youtube wp-block-embed-youtube wp-embed-aspect-16-9 wp-has-aspect-ratio\"><div class=\"wp-block-embed__wrapper\">\n<iframe loading=\"lazy\" title=\"Impresiones sobre el PROCUAJE RADICULAR en tomate cherry\" width=\"500\" height=\"281\" src=\"https:\/\/www.youtube.com\/embed\/92X7OiByE2w?feature=oembed\" frameborder=\"0\" allow=\"accelerometer; autoplay; clipboard-write; encrypted-media; gyroscope; picture-in-picture; web-share\" referrerpolicy=\"strict-origin-when-cross-origin\" allowfullscreen><\/iframe>\n<\/div><\/figure>\n\n\n\n<figure class=\"wp-block-embed is-type-video is-provider-youtube wp-block-embed-youtube wp-embed-aspect-16-9 wp-has-aspect-ratio\"><div class=\"wp-block-embed__wrapper\">\n<iframe loading=\"lazy\" title=\"Genetista de Bertone de EDYFRUIT ARROZ en espa\u00f1ol\" width=\"500\" height=\"281\" src=\"https:\/\/www.youtube.com\/embed\/KcBTCN-ulFQ?feature=oembed\" frameborder=\"0\" allow=\"accelerometer; autoplay; clipboard-write; encrypted-media; gyroscope; picture-in-picture; web-share\" referrerpolicy=\"strict-origin-when-cross-origin\" allowfullscreen><\/iframe>\n<\/div><\/figure>\n<\/div>\n\n\n\n<div class=\"wp-block-column is-layout-flow wp-block-column-is-layout-flow\">\n<div class=\"wp-block-uagb-advanced-heading uagb-block-a89c0d41\" id=\"uagb-adv-heading-61a37e6c-19c5-40f4-83cf-3b1d81d1125d\"><h3 class=\"uagb-heading-text\">Attraverso la biotecnologia otteniamo risultati di altissima qualit\u00e0 e produzione<\/h3><p class=\"uagb-desc-text\"><\/p><\/div>\n\n\n\n<figure class=\"wp-block-embed is-type-video is-provider-youtube wp-block-embed-youtube wp-embed-aspect-16-9 wp-has-aspect-ratio\"><div class=\"wp-block-embed__wrapper\">\n<iframe loading=\"lazy\" title=\"Entrevista de Jos\u00e9 Rivera 26.10.2019\" width=\"500\" height=\"281\" src=\"https:\/\/www.youtube.com\/embed\/C5o_NiwZapY?feature=oembed\" frameborder=\"0\" allow=\"accelerometer; autoplay; clipboard-write; encrypted-media; gyroscope; picture-in-picture; web-share\" referrerpolicy=\"strict-origin-when-cross-origin\" allowfullscreen><\/iframe>\n<\/div><\/figure>\n\n\n\n<figure class=\"wp-block-embed is-type-video is-provider-youtube wp-block-embed-youtube wp-embed-aspect-16-9 wp-has-aspect-ratio\"><div class=\"wp-block-embed__wrapper\">\n<iframe loading=\"lazy\" title=\"Cristobal P\u00e9rez explicando el manejo de pimiento mediante biotecnolog\u00eda de EDYPRO 25 09 2019\" width=\"500\" height=\"281\" src=\"https:\/\/www.youtube.com\/embed\/AY7GeDnnTZE?feature=oembed\" frameborder=\"0\" allow=\"accelerometer; autoplay; clipboard-write; encrypted-media; gyroscope; picture-in-picture; web-share\" referrerpolicy=\"strict-origin-when-cross-origin\" allowfullscreen><\/iframe>\n<\/div><\/figure>\n<\/div>\n<\/div>\n<\/div><\/section>\n\n\n\n<section class=\"wp-block-uagb-section uagb-section__wrap uagb-section__background-color uagb-block-f0426c85\"><div class=\"uagb-section__overlay\"><\/div><div class=\"uagb-section__inner-wrap\">\n<div class=\"wp-block-columns has-2-columns is-layout-flex wp-container-core-columns-is-layout-28f84493 wp-block-columns-is-layout-flex\">\n<div class=\"wp-block-column is-layout-flow wp-block-column-is-layout-flow\">\n<div class=\"wp-block-uagb-advanced-heading uagb-block-a32db205\" id=\"uagb-adv-heading-e408c17b-035e-41df-bb4c-4a8361ad4f4e\"><h3 class=\"uagb-heading-text\"><br>Se vuoi saperne di pi\u00f9 sulle nostre soluzioni biotecnologiche<\/h3><p class=\"uagb-desc-text\"><\/p><\/div>\n<\/div>\n\n\n\n<div class=\"wp-block-column is-layout-flow wp-block-column-is-layout-flow\">\n<div style=\"height:20px\" aria-hidden=\"true\" class=\"wp-block-spacer\"><\/div>\n\n\n\n<div class=\"wp-block-uagb-buttons uagb-buttons__outer-wrap uagb-block-2a4d3bdc\"><div class=\"uagb-buttons__wrap uagb-buttons-layout-wrap\">\n<div class=\"wp-block-uagb-buttons-child uagb-buttons__outer-wrap uagb-block-fe3162e8\"><div class=\"uagb-button__wrapper\"><a class=\"uagb-buttons-repeater\" href=\"#\" rel=\"noopener noreferrer\" target=\"_self\"><div class=\"uagb-button__link\">Contattare<\/div><\/a><\/div><\/div>\n<\/div><\/div>\n<\/div>\n<\/div>\n<\/div><\/section>\n\n\n\n<p><\/p>","protected":false},"excerpt":{"rendered":"","protected":false},"author":1,"featured_media":0,"parent":353,"menu_order":0,"comment_status":"closed","ping_status":"closed","template":"","meta":{"_acf_changed":false,"_seopress_robots_primary_cat":"","_seopress_titles_title":"Empresa Biotecnolog\u00eda en Valencia | EDYPRO","_seopress_titles_desc":"En EDYPRO trabajamos la biotecnolog\u00eda en Valencia. Somos una empresa especialista en fertilizantes biotecnol\u00f3gicos en Valencia. Conoce nuestra biotecnolog\u00eda agr\u00edcola en Valencia. ","_seopress_robots_index":"","_uag_custom_page_level_css":"","site-sidebar-layout":"no-sidebar","site-content-layout":"page-builder","ast-site-content-layout":"default","site-content-style":"default","site-sidebar-style":"default","ast-global-header-display":"","ast-banner-title-visibility":"","ast-main-header-display":"","ast-hfb-above-header-display":"","ast-hfb-below-header-display":"","ast-hfb-mobile-header-display":"","site-post-title":"disabled","ast-breadcrumbs-content":"","ast-featured-img":"disabled","footer-sml-layout":"","ast-disable-related-posts":"","theme-transparent-header-meta":"enabled","adv-header-id-meta":"","stick-header-meta":"","header-above-stick-meta":"","header-main-stick-meta":"","header-below-stick-meta":"","astra-migrate-meta-layouts":"default","ast-page-background-enabled":"default","ast-page-background-meta":{"desktop":{"background-color":"","background-image":"","background-repeat":"repeat","background-position":"center center","background-size":"auto","background-attachment":"scroll","background-type":"","background-media":"","overlay-type":"","overlay-color":"","overlay-opacity":"","overlay-gradient":""},"tablet":{"background-color":"","background-image":"","background-repeat":"repeat","background-position":"center center","background-size":"auto","background-attachment":"scroll","background-type":"","background-media":"","overlay-type":"","overlay-color":"","overlay-opacity":"","overlay-gradient":""},"mobile":{"background-color":"","background-image":"","background-repeat":"repeat","background-position":"center center","background-size":"auto","background-attachment":"scroll","background-type":"","background-media":"","overlay-type":"","overlay-color":"","overlay-opacity":"","overlay-gradient":""}},"ast-content-background-meta":{"desktop":{"background-color":"var(--ast-global-color-5)","background-image":"","background-repeat":"repeat","background-position":"center center","background-size":"auto","background-attachment":"scroll","background-type":"","background-media":"","overlay-type":"","overlay-color":"","overlay-opacity":"","overlay-gradient":""},"tablet":{"background-color":"var(--ast-global-color-5)","background-image":"","background-repeat":"repeat","background-position":"center center","background-size":"auto","background-attachment":"scroll","background-type":"","background-media":"","overlay-type":"","overlay-color":"","overlay-opacity":"","overlay-gradient":""},"mobile":{"background-color":"var(--ast-global-color-5)","background-image":"","background-repeat":"repeat","background-position":"center center","background-size":"auto","background-attachment":"scroll","background-type":"","background-media":"","overlay-type":"","overlay-color":"","overlay-opacity":"","overlay-gradient":""}},"footnotes":""},"class_list":["post-35","page","type-page","status-publish","hentry"],"acf":[],"uagb_featured_image_src":{"full":false,"thumbnail":false,"medium":false,"medium_large":false,"large":false,"1536x1536":false,"2048x2048":false,"woocommerce_thumbnail":false,"woocommerce_single":false,"woocommerce_gallery_thumbnail":false,"web-stories-poster-portrait":false,"web-stories-publisher-logo":false,"web-stories-thumbnail":false,"dgwt-wcas-product-suggestion":false},"uagb_author_info":{"display_name":"a3p","author_link":"https:\/\/www.edypro-online.com\/it\/author\/a3p\/"},"uagb_comment_info":0,"uagb_excerpt":null,"_links":{"self":[{"href":"https:\/\/www.edypro-online.com\/it\/wp-json\/wp\/v2\/pages\/35","targetHints":{"allow":["GET"]}}],"collection":[{"href":"https:\/\/www.edypro-online.com\/it\/wp-json\/wp\/v2\/pages"}],"about":[{"href":"https:\/\/www.edypro-online.com\/it\/wp-json\/wp\/v2\/types\/page"}],"author":[{"embeddable":true,"href":"https:\/\/www.edypro-online.com\/it\/wp-json\/wp\/v2\/users\/1"}],"replies":[{"embeddable":true,"href":"https:\/\/www.edypro-online.com\/it\/wp-json\/wp\/v2\/comments?post=35"}],"version-history":[{"count":50,"href":"https:\/\/www.edypro-online.com\/it\/wp-json\/wp\/v2\/pages\/35\/revisions"}],"predecessor-version":[{"id":12544,"href":"https:\/\/www.edypro-online.com\/it\/wp-json\/wp\/v2\/pages\/35\/revisions\/12544"}],"up":[{"embeddable":true,"href":"https:\/\/www.edypro-online.com\/it\/wp-json\/wp\/v2\/pages\/353"}],"wp:attachment":[{"href":"https:\/\/www.edypro-online.com\/it\/wp-json\/wp\/v2\/media?parent=35"}],"curies":[{"name":"wp","href":"https:\/\/api.w.org\/{rel}","templated":true}]}}