{"id":1384,"date":"2020-07-17T06:54:53","date_gmt":"2020-07-17T06:54:53","guid":{"rendered":"https:\/\/www.edypro-online.com\/aviso-legal\/"},"modified":"2021-03-22T10:18:16","modified_gmt":"2021-03-22T10:18:16","slug":"aviso-legal","status":"publish","type":"page","link":"https:\/\/www.edypro-online.com\/it\/aviso-legal\/","title":{"rendered":"Avviso Legale"},"content":{"rendered":"<p><strong>INFORMATION SOCIETY SERVICES ACT (LSSI)<\/strong><\/p>\n\n\n\n<p>EDYPRO FERTILIZANTES, S. L., l`ente titolare del sito web, di seguito il TITOLARE, mette a disposizione degli utenti tale documento, sviluppato al rispetto degli obblighi previsti nela Lege 34\/2002 of 11 July, sui servizi della societ\u00e0 delle informazioni e il commercio elettronico&nbsp;(LSSICE), Gazzetta ufficiale dello Stato spagnolo n. \u00ba 166, oltre a informare tutti gli utenti del sito web delle condizioni di utilizzo.<\/p>\n\n\n\n<p>Chiunque acceda a questo sito web acquisisce la qualifica di utente, e come tale si impegna ad osservare scrupolosamente e ad attenersi alle disposizioni qui previste, nonch\u00e9 ad ogni altra clausola legale applicabile.<\/p>\n\n\n\n<p>EDYPRO FERTILIZANTES, S. L. si riserva il diritto di modificare qualsiasi tipo di informazione che possa apparire sul sito web, e non \u00e8 obbligata a dare preavviso o ad informare gli utenti di tali obblighi, con la pubblicazione sul sito web di EDYPRO FERTILIZANTES, S. L. essendo intesa come sufficiente.<\/p>\n\n\n\n<p><br><strong>1. IDENTIFICAZIONE DEL TITOLARE DEL SITO WEB<\/strong><\/p>\n\n\n\n<p>Nome di dominio:&nbsp;<a href=\"http:\/\/edypro-online.com\/\" target=\"_blank\" rel=\"noreferrer noopener\">edypro-online.com<\/a><\/p>\n\n\n\n<p>Nome commerciale: EDYPRO FERTILIZANTES, S. L.<\/p>\n\n\n\n<p>Ragione sociale: EDYPRO FERTILIZANTES, S. L.<\/p>\n\n\n\n<p>TIN: B97022867<\/p>\n\n\n\n<p>Indirizzo registrato: C \/ MAYOR 17, 46134 FOIOS (VALENCIA)<\/p>\n\n\n\n<p>Telefono: 961496085<\/p>\n\n\n\n<p>E-mail:&nbsp;<a href=\"mailto:administracion@edypro-online.com\" target=\"_blank\" rel=\"noreferrer noopener\">administracion@edypro-online.com<\/a><br>Registro Mercantil de VALENCIA T 6831, L 4135, F 23, S 8, H V 76176<\/p>\n\n\n\n<p><strong>2. DIRITTI DI PROPRIET\u00c0 INTELLETTUALE E INDUSTRIALE<\/strong><\/p>\n\n\n\n<p>Il sito Web, inclusi ma non limitato alla sua programmazione, edizione, compilazione e altri elementi necessari per il suo funzionamento, i disegni, i loghi, il testo e \/ o la grafica, sono di propriet\u00e0 del TITOLARE o, se applicabile, detiene espressamente una licenza o un espressa autorizzazione degli autori. Tutti i contenuti del sito sono debitamente protetti dalle leggi sulla propriet\u00e0 intellettuale e industriale e sono registrati nei corrispondenti registri pubblici.<\/p>\n\n\n\n<p>Indipendentemente dallo scopo previsto, la riproduzione, l&#8217;uso, lo sfruttamento, la distribuzione e la commercializzazione totali o parziali, richiede in ogni caso la preventiva autorizzazione scritta del TITOLARE. Qualsiasi utilizzo non autorizzato \u00e8 considerato una grave violazione dei diritti di propriet\u00e0 intellettuale o industriale dell&#8217;autore.<\/p>\n\n\n\n<p>I disegni, i loghi, i testi e \/ o la grafica non appartenenti al TITOLARE e che possono apparire sul sito web, appartengono ai rispettivi proprietari che sono responsabili di ogni possibile controversia che possa sorgere nei loro confronti. Il TITOLARE autorizza espressamente terze parti a reindirizzare al contenuto specifico del sito Web, e in ogni caso a reindirizzare al sito Web principale di&nbsp;<a href=\"http:\/\/edypro-online.com\/\" target=\"_blank\" rel=\"noreferrer noopener\">edypro-online.com<\/a>.<\/p>\n\n\n\n<p>Il TITOLARE riconosce i corrispondenti diritti di propriet\u00e0 intellettuale e industriale a favore dei loro proprietari, e qualsiasi menzione o apparizione sul sito web non implica l&#8217;esistenza di alcun diritto o responsabilit\u00e0 su di loro, n\u00e9 implica alcuna approvazione, sponsorizzazione o raccomandazione da parte del sito web.<\/p>\n\n\n\n<p>\u00c8 possibile inviare commenti in merito a qualsiasi possibile violazione dei diritti di propriet\u00e0 intellettuale o industriale, nonch\u00e9 ai contenuti del sito Web, contattando&nbsp;<a href=\"mailto:info@edypro-online.com\" target=\"_blank\" rel=\"noreferrer noopener\">info@edypro-online.com<\/a>.<\/p>\n\n\n\n<p><strong>3. ESONERO DI RESPONSABILIT\u00c0<\/strong><\/p>\n\n\n\n<p>Il TITOLARE \u00e8 esonerato da qualsiasi tipo di responsabilit\u00e0 derivante dalle informazioni pubblicate sul proprio sito web ogniqualvolta tali informazioni siano state manipolate o introdotte da una terza parte non correlata al TITOLARE.<\/p>\n\n\n\n<p><strong>Utilizzo<\/strong><strong>&nbsp;dei&nbsp;cookie<\/strong><\/p>\n\n\n\n<p>Questo sito utilizza cookie tecnici (piccoli file con le informazioni che il server invia al computer dell&#8217;utente del sito) per svolgere determinate funzioni ritenute necessarie per il corretto funzionamento e l&#8217;anteprima del sito. In ogni caso, i cookies utilizzati sono temporanei, con l&#8217;unico scopo di rendere pi\u00f9 efficiente la navigazione del sito, e svaniscono al termine della sessione dell&#8217;utente. In nessun caso questi cookie forniscono dati personali e non verranno utilizzati per la raccolta di tali dati.<\/p>\n\n\n\n<p>Tramite l&#8217;utilizzo dei cookie \u00e8 inoltre possibile per il server in cui si trova il sito riconoscere il browser utilizzato dall&#8217;utente in modo da rendere pi\u00f9 agevole la navigazione, consentendo, ad esempio, agli utenti che si sono precedentemente registrati di accedere ad aree, servizi, promozioni o concorsi riservati esclusivamente a loro senza doversi registrare ad ogni visita. Possono anche essere utilizzati per misurare l&#8217;audience oi parametri di traffico, monitorare l&#8217;andamento e il numero di voci, ecc. In questi casi, i cookie utilizzati sono tecnicamente non essenziali ma vantaggiosi per l&#8217;utente. Questo sito non installa cookie non essenziali senza il preventivo consenso dell&#8217;utente.<\/p>\n\n\n\n<p>Il browser pu\u00f2 essere configurato dall&#8217;utente per avvisarlo della ricezione di cookie e per impedirne l&#8217;installazione sul proprio computer. Per ulteriori informazioni consultare le istruzioni del proprio browser.<\/p>\n\n\n\n<p><strong>Politica dei link<\/strong><\/p>\n\n\n\n<p>L&#8217;utente di questo sito Web pu\u00f2 essere reindirizzato a contenuti di siti Web di terzi. Poich\u00e9 il TITOLARE non pu\u00f2 sempre controllare i contenuti dei siti web di terzi, non si assume alcun tipo di responsabilit\u00e0 rispetto a tali contenuti. In ogni caso, il TITOLARE rimuover\u00e0 immediatamente qualsiasi contenuto che possa violare le leggi nazionali o internazionali, la moralit\u00e0 o l&#8217;ordine pubblico e rimuover\u00e0 immediatamente il reindirizzamento a questo sito Web, informando le autorit\u00e0 competenti del contenuto in questione.<\/p>\n\n\n\n<p>Il TITOLARE non sar\u00e0 responsabile delle informazioni e dei contenuti trovati, inclusi ma non limitati a, in forum, chat, generatori di blog, commenti, social network o qualsiasi altro mezzo che consenta a terzi di pubblicare contenuti in modo indipendente sul sito web del TITOLARE. Tuttavia, e in conformit\u00e0 con gli Atti 11 e 16 della LSSICE, il contenuto di terze parti \u00e8 reso disponibile a tutti gli utenti, le autorit\u00e0 e le forze dell&#8217;ordine che collaborano direttamente al ritiro o al blocco di tutti i contenuti che possono influenzare o violare il diritto nazionale o internazionale, diritti di terzi o morale pubblica e ordine pubblico. Nel caso in cui l&#8217;utente ritenga che sul sito web siano presenti contenuti che potrebbero essere considerati tali, si prega di avvisare immediatamente l&#8217;amministratore del sito.<\/p>\n\n\n\n<p>Questo sito web \u00e8 stato rivisto e testato per consentirne il corretto funzionamento. In linea di principio, il corretto funzionamento pu\u00f2 essere garantito 365 giorni all&#8217;anno, 24 ore al giorno. Tuttavia, il TITOLARE non esclude la possibilit\u00e0 che si verifichino determinati errori di programmazione o che si verifichino cause di forza maggiore, disastri naturali, scioperi o circostanze simili che rendono impossibile l&#8217;accesso al sito web.<\/p>\n\n\n\n<p><strong>Indirizzi IP<\/strong><\/p>\n\n\n\n<p>I server del sito web possono rilevare automaticamente l&#8217;indirizzo IP e il nome di dominio utilizzati dall&#8217;utente. Un indirizzo IP \u00e8 un numero assegnato automaticamente a un computer quando \u00e8 connesso a Internet. Tutte queste informazioni vengono registrate in un log di sistema sul server che consente la successiva elaborazione dei dati al fine di ottenere solo misurazioni statistiche che ci mostrano il numero di visite alla pagina, il numero di visite effettuate ai server web, l&#8217;ordine di visite, il punto di accesso, ecc.<\/p>\n\n\n\n<p><strong>4. LEGGE APPLICABILE E GIURISDIZIONE<\/strong><\/p>\n\n\n\n<p>La legge spagnola, a cui le parti si sottomettono espressamente, si applicher\u00e0 a tutte le controversie o domande relative a questo sito web o alle attivit\u00e0 svolte su di esso, e le corti e i tribunali pi\u00f9 vicini a FOIOS saranno responsabili della risoluzione di tutti i conflitti derivanti o relativi al suo utilizzo.<\/p>","protected":false},"excerpt":{"rendered":"<p>INFORMATION SOCIETY SERVICES ACT (LSSI) EDYPRO FERTILIZANTES, S. L., l`ente titolare del sito web, di seguito il TITOLARE, mette a disposizione degli utenti tale documento, sviluppato al rispetto degli obblighi previsti nela Lege 34\/2002 of 11 July, sui servizi della societ\u00e0 delle informazioni e il commercio elettronico&nbsp;(LSSICE), Gazzetta ufficiale dello Stato spagnolo n. \u00ba 166, [&hellip;]<\/p>\n","protected":false},"author":1,"featured_media":0,"parent":0,"menu_order":0,"comment_status":"closed","ping_status":"closed","template":"","meta":{"_acf_changed":false,"_seopress_robots_primary_cat":"","_seopress_titles_title":"","_seopress_titles_desc":"","_seopress_robots_index":"","_uag_custom_page_level_css":"","site-sidebar-layout":"default","site-content-layout":"default","ast-site-content-layout":"default","site-content-style":"default","site-sidebar-style":"default","ast-global-header-display":"","ast-banner-title-visibility":"","ast-main-header-display":"","ast-hfb-above-header-display":"","ast-hfb-below-header-display":"","ast-hfb-mobile-header-display":"","site-post-title":"","ast-breadcrumbs-content":"","ast-featured-img":"","footer-sml-layout":"","ast-disable-related-posts":"","theme-transparent-header-meta":"default","adv-header-id-meta":"","stick-header-meta":"","header-above-stick-meta":"","header-main-stick-meta":"","header-below-stick-meta":"","astra-migrate-meta-layouts":"default","ast-page-background-enabled":"default","ast-page-background-meta":{"desktop":{"background-color":"","background-image":"","background-repeat":"repeat","background-position":"center center","background-size":"auto","background-attachment":"scroll","background-type":"","background-media":"","overlay-type":"","overlay-color":"","overlay-opacity":"","overlay-gradient":""},"tablet":{"background-color":"","background-image":"","background-repeat":"repeat","background-position":"center center","background-size":"auto","background-attachment":"scroll","background-type":"","background-media":"","overlay-type":"","overlay-color":"","overlay-opacity":"","overlay-gradient":""},"mobile":{"background-color":"","background-image":"","background-repeat":"repeat","background-position":"center center","background-size":"auto","background-attachment":"scroll","background-type":"","background-media":"","overlay-type":"","overlay-color":"","overlay-opacity":"","overlay-gradient":""}},"ast-content-background-meta":{"desktop":{"background-color":"var(--ast-global-color-5)","background-image":"","background-repeat":"repeat","background-position":"center center","background-size":"auto","background-attachment":"scroll","background-type":"","background-media":"","overlay-type":"","overlay-color":"","overlay-opacity":"","overlay-gradient":""},"tablet":{"background-color":"var(--ast-global-color-5)","background-image":"","background-repeat":"repeat","background-position":"center center","background-size":"auto","background-attachment":"scroll","background-type":"","background-media":"","overlay-type":"","overlay-color":"","overlay-opacity":"","overlay-gradient":""},"mobile":{"background-color":"var(--ast-global-color-5)","background-image":"","background-repeat":"repeat","background-position":"center center","background-size":"auto","background-attachment":"scroll","background-type":"","background-media":"","overlay-type":"","overlay-color":"","overlay-opacity":"","overlay-gradient":""}},"footnotes":""},"class_list":["post-1384","page","type-page","status-publish","hentry"],"acf":[],"uagb_featured_image_src":{"full":false,"thumbnail":false,"medium":false,"medium_large":false,"large":false,"1536x1536":false,"2048x2048":false,"woocommerce_thumbnail":false,"woocommerce_single":false,"woocommerce_gallery_thumbnail":false,"web-stories-poster-portrait":false,"web-stories-publisher-logo":false,"web-stories-thumbnail":false,"dgwt-wcas-product-suggestion":false},"uagb_author_info":{"display_name":"a3p","author_link":"https:\/\/www.edypro-online.com\/it\/author\/a3p\/"},"uagb_comment_info":0,"uagb_excerpt":"INFORMATION SOCIETY SERVICES ACT (LSSI) EDYPRO FERTILIZANTES, S. L., l`ente titolare del sito web, di seguito il TITOLARE, mette a disposizione degli utenti tale documento, sviluppato al rispetto degli obblighi previsti nela Lege 34\/2002 of 11 July, sui servizi della societ\u00e0 delle informazioni e il commercio elettronico&nbsp;(LSSICE), Gazzetta ufficiale dello Stato spagnolo n. \u00ba 166,&hellip;","_links":{"self":[{"href":"https:\/\/www.edypro-online.com\/it\/wp-json\/wp\/v2\/pages\/1384","targetHints":{"allow":["GET"]}}],"collection":[{"href":"https:\/\/www.edypro-online.com\/it\/wp-json\/wp\/v2\/pages"}],"about":[{"href":"https:\/\/www.edypro-online.com\/it\/wp-json\/wp\/v2\/types\/page"}],"author":[{"embeddable":true,"href":"https:\/\/www.edypro-online.com\/it\/wp-json\/wp\/v2\/users\/1"}],"replies":[{"embeddable":true,"href":"https:\/\/www.edypro-online.com\/it\/wp-json\/wp\/v2\/comments?post=1384"}],"version-history":[{"count":10,"href":"https:\/\/www.edypro-online.com\/it\/wp-json\/wp\/v2\/pages\/1384\/revisions"}],"predecessor-version":[{"id":12177,"href":"https:\/\/www.edypro-online.com\/it\/wp-json\/wp\/v2\/pages\/1384\/revisions\/12177"}],"wp:attachment":[{"href":"https:\/\/www.edypro-online.com\/it\/wp-json\/wp\/v2\/media?parent=1384"}],"curies":[{"name":"wp","href":"https:\/\/api.w.org\/{rel}","templated":true}]}}