{"id":11360,"date":"2022-01-05T16:18:46","date_gmt":"2022-01-05T16:18:46","guid":{"rendered":"https:\/\/www.edypro-online.com\/?page_id=11360"},"modified":"2022-11-13T17:32:53","modified_gmt":"2022-11-13T17:32:53","slug":"inicio-duplicado","status":"publish","type":"page","link":"https:\/\/www.edypro-online.com\/it\/inicio-duplicado\/","title":{"rendered":"Inizio"},"content":{"rendered":"<section class=\"wp-block-uagb-section uagb-section__wrap uagb-section__background-image uagb-block-f7957f98\"><div class=\"uagb-section__overlay\"><\/div><div class=\"uagb-section__inner-wrap\">\r\n<div class=\"wp-block-uagb-info-box uagb-infobox__outer-wrap uagb-block-33d93bdb\"><div class=\"uagb-infobox__content-wrap uagb-infobox uagb-infobox-has-icon uagb-infobox-icon-above-title uagb-infobox-image-valign-top uagb-infobox-enable-border-radius \"><div class=\"uagb-ifb-left-right-wrap\"><div class=\"uagb-ifb-content\"><div class=\"uagb-ifb-title-wrap\"><span class=\"uagb-ifb-title-prefix\"><strong>EDYPRO<\/strong> BIOTECNOLOG\u00cdA<\/span><h1 class=\"uagb-ifb-title\"> STUDIO E SVILUPPO DI FERTILIZANTI BIOTECNOLOGICI <\/h1><\/div><div class=\"uagb-ifb-text-wrap\"><div class=\"uagb-ifb-cta uagb-infobox-cta-link-style\"><div class=\"uagb-ifb-button-wrapper\"><a href=\"\/productos\" class=\"uagb-infobox-cta-link uagb-ifb-cta-button\" target=\"_self\" rel=\"noopener noreferrer\"><span class=\"uagb-ifb-button-icon uagb-ifb-align-icon-after\"><svg xmlns=\"http:\/\/www.w3.org\/2000\/svg\" viewbox=\"0 0 576 512\"><path d=\"M542.22 32.05c-54.8 3.11-163.72 14.43-230.96 55.59-4.64 2.84-7.27 7.89-7.27 13.17v363.87c0 11.55 12.63 18.85 23.28 13.49 69.18-34.82 169.23-44.32 218.7-46.92 16.89-.89 30.02-14.43 30.02-30.66V62.75c.01-17.71-15.35-31.74-33.77-30.7zM264.73 87.64C197.5 46.48 88.58 35.17 33.78 32.05 15.36 31.01 0 45.04 0 62.75V400.6c0 16.24 13.13 29.78 30.02 30.66 49.49 2.6 149.59 12.11 218.77 46.95 10.62 5.35 23.21-1.94 23.21-13.46V100.63c0-5.29-2.62-10.14-7.27-12.99z\"><\/path><\/svg><\/span><span class=\"uagb-ifb-cta-content-wrapper\"><span class=\"uagb-inline-editing \">Conosci le nostre soluzioni<\/span><\/span><\/a><\/div><\/div><\/div><\/div><\/div><\/div><\/div>\r\n<\/div><\/section>\r\n\r\n\r\n\r\n<section class=\"wp-block-uagb-section uagb-section__wrap uagb-section__background-color uagb-block-49e3f3e3\"><div class=\"uagb-section__overlay\"><\/div><div class=\"uagb-section__inner-wrap\">\r\n<section class=\"wp-block-uagb-section uagb-section__wrap uagb-section__background-undefined uagb-block-3b13e5b7\"><div class=\"uagb-section__overlay\"><\/div><div class=\"uagb-section__inner-wrap\">\r\n<h2 class=\"wp-block-heading\">Trova Prodotti e Soluzioni<\/h2>\r\n\r\n\r\n\r\n<div class=\"wp-block-uagb-wp-search uagb-wp-search__outer-wrap uagb-block-facd50e4 uagb-layout-input-button\"><form class=\"uagb-search-wrapper\" role=\"search\" action=\"https:\/\/www.edypro-online.com\" method=\"get\"><div class=\"uagb-search-form__container\" role=\"tablist\"><input placeholder=\"Scrivi una parola...\" class=\"uagb-search-form__input\" type=\"search\" name=\"s\" title=\"Search\"\/><button class=\"uagb-search-submit\" type=\"submit\"><span class=\"uagb-wp-search-button-icon-wrap\"><svg xmlns=\"http:\/\/www.w3.org\/2000\/svg\" viewbox=\"0 0 512 512\"><path d=\"M505 442.7L405.3 343c-4.5-4.5-10.6-7-17-7H372c27.6-35.3 44-79.7 44-128C416 93.1 322.9 0 208 0S0 93.1 0 208s93.1 208 208 208c48.3 0 92.7-16.4 128-44v16.3c0 6.4 2.5 12.5 7 17l99.7 99.7c9.4 9.4 24.6 9.4 33.9 0l28.3-28.3c9.4-9.4 9.4-24.6.1-34zM208 336c-70.7 0-128-57.2-128-128 0-70.7 57.2-128 128-128 70.7 0 128 57.2 128 128 0 70.7-57.2 128-128 128z\"><\/path><\/svg><\/span><\/button><\/div><\/form><\/div>\r\n<\/div><\/section>\r\n<\/div><\/section>\r\n\r\n\r\n\r\n<section class=\"wp-block-uagb-section uagb-section__wrap uagb-section__background-color uagb-block-a588fe97\"><div class=\"uagb-section__overlay\"><\/div><div class=\"uagb-section__inner-wrap\">\r\n<section class=\"wp-block-uagb-section uagb-section__wrap uagb-section__background-undefined uagb-block-89c75b43\"><div class=\"uagb-section__overlay\"><\/div><div class=\"uagb-section__inner-wrap\">\r\n<div class=\"wp-block-uagb-info-box uagb-infobox__outer-wrap uagb-block-e43f87a6\"><div class=\"uagb-infobox__content-wrap uagb-infobox uagb-infobox-has-icon uagb-infobox-icon-above-title uagb-infobox-image-valign-top uagb-infobox-enable-border-radius \"><div class=\"uagb-ifb-left-right-wrap\"><div class=\"uagb-ifb-content\"><div class=\"uagb-ifb-title-wrap\"><span class=\"uagb-ifb-title-prefix\"><strong>EDYPRO BIOTECNOLOGIA<\/strong><\/span><h3 class=\"uagb-ifb-title\"><strong>BIOTECNOLOGIA INTELLIGENTE PER UN&#8217;AGRICOLTURA DI FUTURO<\/strong><\/h3><\/div><div class=\"uagb-ifb-text-wrap\"><p class=\"uagb-ifb-desc\">In <strong>EDYPRO<\/strong> utilizziamo la biotecnologia per sviluppare soluzioni che attivano i sistemi naturali di autodifesa delle piante in modo di influenzare il miglioramento del loro sistema immunitario con l&#8217;obiettivo di ottenere la massima produzione e qualit\u00e0 nelle colture. Ci dedichiamo principalmente alla creazione di fertilizzanti biotecnologici.<br><br><strong>EDYPRO<\/strong> \u00e8 riuscita, con i suoi sforzi di ricerca e dedizione, a sostituire le sostanze ormonali, che da anni vengono utilizzate in agricoltura, con estratti vegetali, la cui resa \u00e8 uguale o superiore, e senza generare alcun tipo di residuo per la catena alimentare. Affidati a <strong>EDYPRO<\/strong>, la tua azienda esperta in biotecnologia per l`agricoltura. Ci impegniamo per un futuro migliore facendo affidamento sulla biotecnologia.<br><br><strong>EDYPRO<\/strong>, come azienda sostenibile, opera nel rispetto dell&#8217;ambiente e della qualit\u00e0 della produzione agricola. I nostri fertilizzanti biotecnologici sono costituiti da elementi minerali puri che prevengono la perdita di nutrienti e forniscono minerali essenziali per il sviluppo ottimale della coltura. L&#8217;applicazione delle nostre dinamiche biotecnologiche permette, allo stesso tempo, di aumentare l&#8217;autodifesa della pianta, riducendo la sensibilit\u00e0 a malattie e parassiti, che a sua volta comporta una minore necessit\u00e0 nell&#8217;utilizzo di prodotti fitosanitari. E cos\u00ec contribuiamo allo sviluppo di un&#8217;agricoltura sostenibile in modo che possa rimanere nel tempo.<br>Scopri di pi\u00f9<\/p><div class=\"uagb-ifb-cta uagb-infobox-cta-link-style\"><div class=\"uagb-ifb-button-wrapper\"><a href=\"\/quienes-somos\" class=\"uagb-infobox-cta-link uagb-ifb-cta-button\" target=\"_self\" rel=\"noopener noreferrer\"><span class=\"uagb-ifb-cta-content-wrapper\"><span class=\"uagb-inline-editing \">Scopri di pi\u00f9<\/span><\/span><\/a><\/div><\/div><\/div><\/div><\/div><\/div><\/div>\r\n<\/div><\/section>\r\n<\/div><\/section>\r\n\r\n\r\n\r\n<section class=\"wp-block-uagb-section uagb-section__wrap uagb-section__background-image uagb-block-be8aed45\"><div class=\"uagb-section__overlay\"><\/div><div class=\"uagb-section__inner-wrap\">\r\n<div class=\"wp-block-columns has-2-columns is-layout-flex wp-container-core-columns-is-layout-28f84493 wp-block-columns-is-layout-flex\">\r\n<div class=\"wp-block-column is-layout-flow wp-block-column-is-layout-flow\">\r\n<div class=\"wp-block-uagb-advanced-heading uagb-block-b2a0a7ee\" id=\"uagb-adv-heading-76fda997-766e-40b9-a10e-7756d6ec9907\"><h5 class=\"uagb-heading-text\"> <br>SOLUZIONI SPECIFICHE<br><\/h5><p class=\"uagb-desc-text\"><strong>Analizziamo ogni coltura e situazione per dare una risposta personalizzata e specifica alla nostra biotecnologia in ciascuna delle situazioni nelle colture.<\/strong><\/p><\/div>\r\n\r\n\r\n\r\n<div style=\"height:50px\" aria-hidden=\"true\" class=\"wp-block-spacer\"><\/div>\r\n\r\n\r\n\r\n<hr class=\"wp-block-separator is-style-wide\"\/>\r\n\r\n\r\n\r\n<div class=\"wp-block-uagb-advanced-heading uagb-block-d600b653\" id=\"uagb-adv-heading-1acb6cae-5be9-4b7a-ac24-54095720d5ce\"><h5 class=\"uagb-heading-text\">RISULTATI IN CAMPO <\/h5><p class=\"uagb-desc-text\"><strong>Studiamo ogni caso specifico per ottenere il risultato di produzione ottimale e la massima qualit\u00e0.&nbsp;<\/strong> <\/p><\/div>\r\n\r\n\r\n\r\n<hr class=\"wp-block-separator is-style-wide\"\/>\r\n\r\n\r\n\r\n<div class=\"wp-block-uagb-advanced-heading uagb-block-612b63a4\" id=\"uagb-adv-heading-9104973c-9b6c-439e-8d7e-3f09b6e1f9f5\"><h5 class=\"uagb-heading-text\">BIOTECNOLOGIA<\/h5><p class=\"uagb-desc-text\"><strong>In EDYPRO lavoriamo con la biotecnologia agricola per attivare i geni produttivi e di autodifesa delle colture.&nbsp;<\/strong> <\/p><\/div>\r\n\r\n\r\n\r\n<hr class=\"wp-block-separator is-style-wide\"\/>\r\n\r\n\r\n\r\n<div class=\"wp-block-uagb-advanced-heading uagb-block-877a11a2\" id=\"uagb-adv-heading-996f6efe-e0f0-4993-a967-fb767561dd7a\"><h5 class=\"uagb-heading-text\">RISPETTO PER L&#8217;AMBIENTE<\/h5><p class=\"uagb-desc-text\"><strong><strong>La nostra filosofia presuppone il massimo rispetto per la natura, per questo forniamo soluzioni per aumentare la fertilit\u00e0 del suolo e aumentare l&#8217;efficienza dei fertilizzanti convenzionali. Allo stesso tempo offriamo soluzioni per aumentare la resistenza delle colture a infezioni e parassiti. <\/strong><\/strong><\/p><\/div>\r\n\r\n\r\n\r\n<hr class=\"wp-block-separator is-style-wide\"\/>\r\n<\/div>\r\n\r\n\r\n\r\n<div class=\"wp-block-column is-layout-flow wp-block-column-is-layout-flow\">\r\n<div style=\"height:40px\" aria-hidden=\"true\" class=\"wp-block-spacer\"><\/div>\r\n\r\n\r\n\r\n<div class=\"wp-block-uagb-advanced-heading uagb-block-8de3a33b\" id=\"uagb-adv-heading-0442dd4c-333b-4490-9069-1606b833d9be\"><h2 class=\"uagb-heading-text\"><strong><em>NI NOSTRI PUNTI DI FORZA:<br>&#8211; Ricerca<br>&#8211; Innovazione<br>&#8211; Conoscenze tecniche<br>&#8211; Assistenza tecnica<br>&#8211; Capacit\u00e0 di produzione propria.<\/em><\/strong><\/h2><p class=\"uagb-desc-text\"><\/p><\/div>\r\n\r\n\r\n\r\n<p><\/p>\r\n<\/div>\r\n<\/div>\r\n\r\n\r\n\r\n<p><\/p>\r\n<\/div><\/section>\r\n\r\n\r\n\r\n<section class=\"wp-block-uagb-section uagb-section__wrap uagb-section__background-undefined uagb-block-62e77c75\"><div class=\"uagb-section__overlay\"><\/div><div class=\"uagb-section__inner-wrap\">\r\n<div class=\"wp-block-uagb-advanced-heading uagb-block-9ca3cd58\" id=\"uagb-adv-heading-87428d65-6317-4f39-92a3-7172110fd48f\"><h2 class=\"uagb-heading-text\"> <br><\/h2><p class=\"uagb-desc-text\"><img loading=\"lazy\" decoding=\"async\" width=\"3543\" height=\"1093\" class=\"wp-image-8917\" style=\"width: 800px\" src=\"https:\/\/www.edypro-online.com\/wp-content\/uploads\/2021\/02\/marca_actual_25Aniversario_Edypro_horizontal-reduces.png\" alt=\"\" srcset=\"https:\/\/www.edypro-online.com\/wp-content\/uploads\/2021\/02\/marca_actual_25Aniversario_Edypro_horizontal-reduces.png 3543w, https:\/\/www.edypro-online.com\/wp-content\/uploads\/2021\/02\/marca_actual_25Aniversario_Edypro_horizontal-reduces-300x93.png 300w, https:\/\/www.edypro-online.com\/wp-content\/uploads\/2021\/02\/marca_actual_25Aniversario_Edypro_horizontal-reduces-1024x316.png 1024w, https:\/\/www.edypro-online.com\/wp-content\/uploads\/2021\/02\/marca_actual_25Aniversario_Edypro_horizontal-reduces-768x237.png 768w, https:\/\/www.edypro-online.com\/wp-content\/uploads\/2021\/02\/marca_actual_25Aniversario_Edypro_horizontal-reduces-1536x474.png 1536w, https:\/\/www.edypro-online.com\/wp-content\/uploads\/2021\/02\/marca_actual_25Aniversario_Edypro_horizontal-reduces-2048x632.png 2048w, https:\/\/www.edypro-online.com\/wp-content\/uploads\/2021\/02\/marca_actual_25Aniversario_Edypro_horizontal-reduces-600x185.png 600w, https:\/\/www.edypro-online.com\/wp-content\/uploads\/2021\/02\/marca_actual_25Aniversario_Edypro_horizontal-reduces-64x20.png 64w\" sizes=\"auto, (max-width: 3543px) 100vw, 3543px\" \/><\/p><\/div>\r\n\r\n\r\n\r\n<div style=\"height:30px\" aria-hidden=\"true\" class=\"wp-block-spacer\"><\/div>\r\n\r\n\r\n\r\n<div class=\"wp-block-columns has-3-columns is-layout-flex wp-container-core-columns-is-layout-28f84493 wp-block-columns-is-layout-flex\">\r\n<div class=\"wp-block-column is-layout-flow wp-block-column-is-layout-flow\">\r\n<figure class=\"wp-block-gallery columns-1 is-cropped wp-block-gallery-5 is-layout-flex wp-block-gallery-is-layout-flex\"><ul class=\"blocks-gallery-grid\"><li class=\"blocks-gallery-item\"><figure><img loading=\"lazy\" decoding=\"async\" width=\"640\" height=\"1024\" src=\"https:\/\/www.edypro-online.com\/wp-content\/uploads\/2021\/02\/IMG_4946-2.jpg\" alt=\"\" data-id=\"8905\" data-full-url=\"https:\/\/www.edypro-online.com\/wp-content\/uploads\/2021\/02\/IMG_4946-2.jpg\" data-link=\"https:\/\/www.edypro-online.com\/inicio\/img_4946-2\/\" class=\"wp-image-8905\" srcset=\"https:\/\/www.edypro-online.com\/wp-content\/uploads\/2021\/02\/IMG_4946-2.jpg 640w, https:\/\/www.edypro-online.com\/wp-content\/uploads\/2021\/02\/IMG_4946-2-188x300.jpg 188w, https:\/\/www.edypro-online.com\/wp-content\/uploads\/2021\/02\/IMG_4946-2-600x960.jpg 600w, https:\/\/www.edypro-online.com\/wp-content\/uploads\/2021\/02\/IMG_4946-2-64x102.jpg 64w\" sizes=\"auto, (max-width: 640px) 100vw, 640px\" \/><\/figure><\/li><\/ul><\/figure>\r\n\r\n\r\n\r\n<div class=\"wp-block-uagb-advanced-heading uagb-block-296f022b\" id=\"uagb-adv-heading-4d8164ca-0bfa-49cd-8526-c88b988baae3\"><h4 class=\"uagb-heading-text\"><a href=\"\/it\/productos\" data-type=\"URL\" data-id=\"\/it\/productos\">CATALOGO DI PRODOTTI BIOTECNOLOGICI<\/a><\/h4><p class=\"uagb-desc-text\">Sviluppiamo <strong>fertilizzanti biotecnologici ad alto rendimento agronomico <\/strong><\/p><\/div>\r\n\r\n\r\n\r\n<p><\/p>\r\n<\/div>\r\n\r\n\r\n\r\n<div class=\"wp-block-column is-layout-flow wp-block-column-is-layout-flow\">\r\n<figure class=\"wp-block-gallery columns-1 is-cropped wp-block-gallery-6 is-layout-flex wp-block-gallery-is-layout-flex\"><ul class=\"blocks-gallery-grid\"><li class=\"blocks-gallery-item\"><figure><img loading=\"lazy\" decoding=\"async\" width=\"640\" height=\"1024\" src=\"https:\/\/www.edypro-online.com\/wp-content\/uploads\/2021\/02\/DSC_0419-2-640x1024.jpg\" alt=\"\" data-id=\"9170\" data-full-url=\"https:\/\/www.edypro-online.com\/wp-content\/uploads\/2021\/02\/DSC_0419-2.jpg\" data-link=\"https:\/\/www.edypro-online.com\/inicio\/dsc_0419-2\/\" class=\"wp-image-9170\" srcset=\"https:\/\/www.edypro-online.com\/wp-content\/uploads\/2021\/02\/DSC_0419-2-640x1024.jpg 640w, https:\/\/www.edypro-online.com\/wp-content\/uploads\/2021\/02\/DSC_0419-2-188x300.jpg 188w, https:\/\/www.edypro-online.com\/wp-content\/uploads\/2021\/02\/DSC_0419-2-768x1229.jpg 768w, https:\/\/www.edypro-online.com\/wp-content\/uploads\/2021\/02\/DSC_0419-2-960x1536.jpg 960w, https:\/\/www.edypro-online.com\/wp-content\/uploads\/2021\/02\/DSC_0419-2-1280x2048.jpg 1280w, https:\/\/www.edypro-online.com\/wp-content\/uploads\/2021\/02\/DSC_0419-2-600x960.jpg 600w, https:\/\/www.edypro-online.com\/wp-content\/uploads\/2021\/02\/DSC_0419-2-64x102.jpg 64w, https:\/\/www.edypro-online.com\/wp-content\/uploads\/2021\/02\/DSC_0419-2.jpg 1500w\" sizes=\"auto, (max-width: 640px) 100vw, 640px\" \/><\/figure><\/li><\/ul><\/figure>\r\n\r\n\r\n\r\n<div class=\"wp-block-uagb-advanced-heading uagb-block-c99d050a\" id=\"uagb-adv-heading-c6959329-c8ef-4d24-9fc4-67c2ec37d58f\"><h4 class=\"uagb-heading-text\"> <a href=\"https:\/\/www.edypro-online.com\/it\/soluciones\/\">SOLUZIONI PER LA CULTIVAZIONE<\/a><\/h4><p class=\"uagb-desc-text\"><strong>Soluzioni biotecnologiche <\/strong>su misura per le esigenze della tua coltura<\/p><\/div>\r\n\r\n\r\n\r\n<p><\/p>\r\n<\/div>\r\n\r\n\r\n\r\n<div class=\"wp-block-column is-layout-flow wp-block-column-is-layout-flow\">\r\n<div class=\"wp-block-uagb-advanced-heading uagb-block-e965483e\" id=\"uagb-adv-heading-c3475289-bbf9-4acf-a4ff-c22dfd42003a\"><h4 class=\"uagb-heading-text\"><img loading=\"lazy\" decoding=\"async\" width=\"818\" height=\"1308\" class=\"wp-image-8904\" style=\"width: 500px\" src=\"https:\/\/www.edypro-online.com\/wp-content\/uploads\/2021\/02\/IMG_5296.jpg\" alt=\"\" srcset=\"https:\/\/www.edypro-online.com\/wp-content\/uploads\/2021\/02\/IMG_5296.jpg 818w, https:\/\/www.edypro-online.com\/wp-content\/uploads\/2021\/02\/IMG_5296-188x300.jpg 188w, https:\/\/www.edypro-online.com\/wp-content\/uploads\/2021\/02\/IMG_5296-640x1024.jpg 640w, https:\/\/www.edypro-online.com\/wp-content\/uploads\/2021\/02\/IMG_5296-768x1228.jpg 768w, https:\/\/www.edypro-online.com\/wp-content\/uploads\/2021\/02\/IMG_5296-600x959.jpg 600w, https:\/\/www.edypro-online.com\/wp-content\/uploads\/2021\/02\/IMG_5296-64x102.jpg 64w\" sizes=\"auto, (max-width: 818px) 100vw, 818px\" \/> <br><br><a href=\"\/it\/noticias\" data-type=\"URL\">NOTIZIE EDYPRO <\/a><\/h4><p class=\"uagb-desc-text\">Ultime notizie sulla nostra azienda e sui nostri clienti e collaboratori<\/p><\/div>\r\n<\/div>\r\n<\/div>\r\n<\/div><\/section>\r\n\r\n\r\n\r\n<section class=\"wp-block-uagb-section uagb-section__wrap uagb-section__background-color uagb-block-ad5f79a4\"><div class=\"uagb-section__overlay\"><\/div><div class=\"uagb-section__inner-wrap\">\r\n<div class=\"wp-block-columns has-2-columns is-layout-flex wp-container-core-columns-is-layout-28f84493 wp-block-columns-is-layout-flex\">\r\n<div class=\"wp-block-column is-layout-flow wp-block-column-is-layout-flow\">\r\n<div class=\"wp-block-uagb-advanced-heading uagb-block-92104d92\" id=\"uagb-adv-heading-acdacfc3-1ede-482b-a592-dd35158a4701\"><h3 class=\"uagb-heading-text\"><br>Hai bisogno di soluzioni di qualit\u00e0 per la tua coltivazione?<\/h3><p class=\"uagb-desc-text\"><\/p><\/div>\r\n<\/div>\r\n\r\n\r\n\r\n<div class=\"wp-block-column is-layout-flow wp-block-column-is-layout-flow\">\r\n<div style=\"height:15px\" aria-hidden=\"true\" class=\"wp-block-spacer\"><\/div>\r\n\r\n\r\n\r\n<div class=\"wp-block-uagb-buttons uagb-buttons__outer-wrap uagb-block-8214362a\"><div class=\"uagb-buttons__wrap uagb-buttons-layout-wrap\">\r\n<div class=\"wp-block-uagb-buttons-child uagb-buttons__outer-wrap uagb-block-746790f9\"><div class=\"uagb-button__wrapper\"><a class=\"uagb-buttons-repeater\" href=\"https:\/\/wa.me\/message\/DVDI64TSSLCJC1\" rel=\"noopener noreferrer\" target=\"_self\"><div class=\"uagb-button__link\">Contattaci<\/div><\/a><\/div><\/div>\r\n<\/div><\/div>\r\n<\/div>\r\n<\/div>\r\n<\/div><\/section>","protected":false},"excerpt":{"rendered":"","protected":false},"author":1,"featured_media":0,"parent":0,"menu_order":0,"comment_status":"closed","ping_status":"closed","template":"","meta":{"_acf_changed":false,"_seopress_robots_primary_cat":"","_seopress_titles_title":"EDYPRO Biotecnolog\u00eda  | Fabricantes Fertilizantes | Fertilizantes Biotecnol\u00f3gicos ","_seopress_titles_desc":"","_seopress_robots_index":"","_uag_custom_page_level_css":"","site-sidebar-layout":"no-sidebar","site-content-layout":"page-builder","ast-site-content-layout":"default","site-content-style":"default","site-sidebar-style":"default","ast-global-header-display":"","ast-banner-title-visibility":"","ast-main-header-display":"","ast-hfb-above-header-display":"","ast-hfb-below-header-display":"","ast-hfb-mobile-header-display":"","site-post-title":"disabled","ast-breadcrumbs-content":"","ast-featured-img":"disabled","footer-sml-layout":"","ast-disable-related-posts":"","theme-transparent-header-meta":"enabled","adv-header-id-meta":"","stick-header-meta":"","header-above-stick-meta":"","header-main-stick-meta":"","header-below-stick-meta":"","astra-migrate-meta-layouts":"default","ast-page-background-enabled":"default","ast-page-background-meta":{"desktop":{"background-color":"","background-image":"","background-repeat":"repeat","background-position":"center center","background-size":"auto","background-attachment":"scroll","background-type":"","background-media":"","overlay-type":"","overlay-color":"","overlay-opacity":"","overlay-gradient":""},"tablet":{"background-color":"","background-image":"","background-repeat":"repeat","background-position":"center center","background-size":"auto","background-attachment":"scroll","background-type":"","background-media":"","overlay-type":"","overlay-color":"","overlay-opacity":"","overlay-gradient":""},"mobile":{"background-color":"","background-image":"","background-repeat":"repeat","background-position":"center center","background-size":"auto","background-attachment":"scroll","background-type":"","background-media":"","overlay-type":"","overlay-color":"","overlay-opacity":"","overlay-gradient":""}},"ast-content-background-meta":{"desktop":{"background-color":"var(--ast-global-color-5)","background-image":"","background-repeat":"repeat","background-position":"center center","background-size":"auto","background-attachment":"scroll","background-type":"","background-media":"","overlay-type":"","overlay-color":"","overlay-opacity":"","overlay-gradient":""},"tablet":{"background-color":"var(--ast-global-color-5)","background-image":"","background-repeat":"repeat","background-position":"center center","background-size":"auto","background-attachment":"scroll","background-type":"","background-media":"","overlay-type":"","overlay-color":"","overlay-opacity":"","overlay-gradient":""},"mobile":{"background-color":"var(--ast-global-color-5)","background-image":"","background-repeat":"repeat","background-position":"center center","background-size":"auto","background-attachment":"scroll","background-type":"","background-media":"","overlay-type":"","overlay-color":"","overlay-opacity":"","overlay-gradient":""}},"footnotes":""},"class_list":["post-11360","page","type-page","status-publish","hentry"],"acf":[],"uagb_featured_image_src":{"full":false,"thumbnail":false,"medium":false,"medium_large":false,"large":false,"1536x1536":false,"2048x2048":false,"woocommerce_thumbnail":false,"woocommerce_single":false,"woocommerce_gallery_thumbnail":false,"web-stories-poster-portrait":false,"web-stories-publisher-logo":false,"web-stories-thumbnail":false,"dgwt-wcas-product-suggestion":false},"uagb_author_info":{"display_name":"a3p","author_link":"https:\/\/www.edypro-online.com\/it\/author\/a3p\/"},"uagb_comment_info":0,"uagb_excerpt":null,"_links":{"self":[{"href":"https:\/\/www.edypro-online.com\/it\/wp-json\/wp\/v2\/pages\/11360","targetHints":{"allow":["GET"]}}],"collection":[{"href":"https:\/\/www.edypro-online.com\/it\/wp-json\/wp\/v2\/pages"}],"about":[{"href":"https:\/\/www.edypro-online.com\/it\/wp-json\/wp\/v2\/types\/page"}],"author":[{"embeddable":true,"href":"https:\/\/www.edypro-online.com\/it\/wp-json\/wp\/v2\/users\/1"}],"replies":[{"embeddable":true,"href":"https:\/\/www.edypro-online.com\/it\/wp-json\/wp\/v2\/comments?post=11360"}],"version-history":[{"count":7,"href":"https:\/\/www.edypro-online.com\/it\/wp-json\/wp\/v2\/pages\/11360\/revisions"}],"predecessor-version":[{"id":12044,"href":"https:\/\/www.edypro-online.com\/it\/wp-json\/wp\/v2\/pages\/11360\/revisions\/12044"}],"wp:attachment":[{"href":"https:\/\/www.edypro-online.com\/it\/wp-json\/wp\/v2\/media?parent=11360"}],"curies":[{"name":"wp","href":"https:\/\/api.w.org\/{rel}","templated":true}]}}