{"id":10808,"date":"2021-07-19T14:46:40","date_gmt":"2021-07-19T14:46:40","guid":{"rendered":"https:\/\/www.edypro-online.com\/?page_id=10808"},"modified":"2025-09-18T15:20:12","modified_gmt":"2025-09-18T15:20:12","slug":"inicio","status":"publish","type":"page","link":"https:\/\/www.edypro-online.com\/it\/inicio\/","title":{"rendered":"Copia de seguridad de Inicio"},"content":{"rendered":"<section class=\"wp-block-uagb-section uagb-section__wrap uagb-section__background-image uagb-block-52b56941\"><div class=\"uagb-section__overlay\"><\/div><div class=\"uagb-section__inner-wrap\">\n<div class=\"wp-block-uagb-info-box uagb-block-dc245190 uagb-infobox__content-wrap  uagb-infobox-icon-above-title uagb-infobox-image-valign-top uagb-infobox__outer-wrap\"><div class=\"uagb-ifb-content\"><div class=\"uagb-ifb-title-wrap\"><h1 class=\"uagb-ifb-title\"> STUDIO E SVILUPPO DI FERTILIZANTI BIOTECNOLOGICI <\/h1><\/div><div class=\"uagb-ifb-button-wrapper wp-block-button\"><a href=\"\/productos\" class=\"uagb-infobox-cta-link wp-block-button__link\" target=\"_self\" rel=\"noopener noreferrer\" onclick=\"return true;\" alt=\"\"><span class=\"uagb-inline-editing\">Conosci le nostre soluzioni<\/span><svg xmlns=\"https:\/\/www.w3.org\/2000\/svg\" viewBox=\"0 0 576 512\"><path d=\"M144.3 32.04C106.9 31.29 63.7 41.44 18.6 61.29c-11.42 5.026-18.6 16.67-18.6 29.15l0 357.6c0 11.55 11.99 19.55 22.45 14.65c126.3-59.14 219.8 11 223.8 14.01C249.1 478.9 252.5 480 256 480c12.4 0 16-11.38 16-15.98V80.04c0-5.203-2.531-10.08-6.781-13.08C263.3 65.58 216.7 33.35 144.3 32.04zM557.4 61.29c-45.11-19.79-88.48-29.61-125.7-29.26c-72.44 1.312-118.1 33.55-120.9 34.92C306.5 69.96 304 74.83 304 80.04v383.1C304 468.4 307.5 480 320 480c3.484 0 6.938-1.125 9.781-3.328c3.925-3.018 97.44-73.16 223.8-14c10.46 4.896 22.45-3.105 22.45-14.65l.0001-357.6C575.1 77.97 568.8 66.31 557.4 61.29z\"><\/path><\/svg><\/a><\/div><\/div><\/div>\n<\/div><\/section>\n\n\n\n<section class=\"wp-block-uagb-section uagb-section__wrap uagb-section__background-color uagb-block-b7ee2a23\"><div class=\"uagb-section__overlay\"><\/div><div class=\"uagb-section__inner-wrap\"><form role=\"search\" method=\"get\" action=\"https:\/\/www.edypro-online.com\/it\/\" class=\"wp-block-search__button-outside wp-block-search__text-button aligncenter wp-block-search\"    ><label class=\"wp-block-search__label screen-reader-text\" for=\"wp-block-search__input-4\" >Cerca<\/label><div class=\"wp-block-search__inside-wrapper\"  style=\"width: 50%\"><input class=\"wp-block-search__input\" id=\"wp-block-search__input-4\" placeholder=\"Cerca Prodotti...\" value=\"\" type=\"search\" name=\"s\" required \/><input type=\"hidden\" name=\"post_type\" value=\"product\" \/><button aria-label=\"Cerca\" class=\"wp-block-search__button wp-element-button\" type=\"submit\" >Cerca<\/button><\/div><\/form>\n\n\n<div style=\"height:65px\" aria-hidden=\"true\" class=\"wp-block-spacer\"><\/div>\n\n\n\n<section class=\"wp-block-uagb-section uagb-section__wrap uagb-section__background-undefined uagb-block-ae48c1cd\"><div class=\"uagb-section__overlay\"><\/div><div class=\"uagb-section__inner-wrap\">\n<div class=\"wp-block-uagb-info-box uagb-block-fc80a6af uagb-infobox__content-wrap  uagb-infobox-icon-above-title uagb-infobox-image-valign-top\"><div class=\"uagb-ifb-content\"><div class=\"uagb-ifb-title-wrap\"><span class=\"uagb-ifb-title-prefix\"><strong>EDYPRO BIOTECNOLOGIA<\/strong><\/span><h3 class=\"uagb-ifb-title\"><strong>BIOTECNOLOGIA INTELLIGENTE PER UN&#8217;AGRICOLTURA DI FUTURO<\/strong><\/h3><\/div><p class=\"uagb-ifb-desc\">In <strong>EDYPRO<\/strong> utilizziamo la biotecnologia per sviluppare soluzioni che attivano i sistemi naturali di autodifesa delle piante in modo di influenzare il miglioramento del loro sistema immunitario con l&#8217;obiettivo di ottenere la massima produzione e qualit\u00e0 nelle colture. Ci dedichiamo principalmente alla creazione di fertilizzanti biotecnologici.<br><br><strong>EDYPRO<\/strong> \u00e8 riuscita, con i suoi sforzi di ricerca e dedizione, a sostituire le sostanze ormonali, che da anni vengono utilizzate in agricoltura, con estratti vegetali, la cui resa \u00e8 uguale o superiore, e senza generare alcun tipo di residuo per la catena alimentare. Affidati a <strong>EDYPRO<\/strong>, la tua azienda esperta in biotecnologia per l`agricoltura. Ci impegniamo per un futuro migliore facendo affidamento sulla biotecnologia.<br><br><strong>EDYPRO<\/strong>, come azienda sostenibile, opera nel rispetto dell&#8217;ambiente e della qualit\u00e0 della produzione agricola. I nostri fertilizzanti biotecnologici sono costituiti da elementi minerali puri che prevengono la perdita di nutrienti e forniscono minerali essenziali per il sviluppo ottimale della coltura. L&#8217;applicazione delle nostre dinamiche biotecnologiche permette, allo stesso tempo, di aumentare l&#8217;autodifesa della pianta, riducendo la sensibilit\u00e0 a malattie e parassiti, che a sua volta comporta una minore necessit\u00e0 nell&#8217;utilizzo di prodotti fitosanitari. E cos\u00ec contribuiamo allo sviluppo di un&#8217;agricoltura sostenibile in modo che possa rimanere nel tempo.<br>Scopri di pi\u00f9<\/p><div class=\"uagb-ifb-button-wrapper wp-block-button\"><a href=\"\/quienes-somos\" class=\"uagb-infobox-cta-link wp-block-button__link\" target=\"_self\" rel=\"noopener noreferrer\" onclick=\"return true;\" alt=\"\"><span class=\"uagb-inline-editing\">Scopri di pi\u00f9<\/span><\/a><\/div><\/div><\/div>\n<\/div><\/section>\n<\/div><\/section>\n\n\n\n<section class=\"wp-block-uagb-section uagb-section__wrap uagb-section__background-image uagb-block-e1a24988\"><div class=\"uagb-section__overlay\"><\/div><div class=\"uagb-section__inner-wrap\">\n<div class=\"wp-block-columns has-2-columns is-layout-flex wp-container-core-columns-is-layout-28f84493 wp-block-columns-is-layout-flex\">\n<div class=\"wp-block-column is-layout-flow wp-block-column-is-layout-flow\">\n<div class=\"wp-block-uagb-advanced-heading uagb-block-59432921\" id=\"uagb-adv-heading-76fda997-766e-40b9-a10e-7756d6ec9907\"><h5 class=\"uagb-heading-text\"> <br>SOLUZIONI SPECIFICHE<br><\/h5><p class=\"uagb-desc-text\"><strong>Analizziamo ogni coltura e situazione per dare una risposta personalizzata e specifica alla nostra biotecnologia in ciascuna delle situazioni nelle colture.<\/strong><\/p><\/div>\n\n\n\n<div style=\"height:50px\" aria-hidden=\"true\" class=\"wp-block-spacer\"><\/div>\n\n\n\n<hr class=\"wp-block-separator has-css-opacity is-style-wide\"\/>\n\n\n\n<div class=\"wp-block-uagb-advanced-heading uagb-block-0a4caa54\" id=\"uagb-adv-heading-1acb6cae-5be9-4b7a-ac24-54095720d5ce\"><h5 class=\"uagb-heading-text\">RISULTATI IN CAMPO <\/h5><p class=\"uagb-desc-text\"><strong>Studiamo ogni caso specifico per ottenere il risultato di produzione ottimale e la massima qualit\u00e0.&nbsp;<\/strong> <\/p><\/div>\n\n\n\n<hr class=\"wp-block-separator has-css-opacity is-style-wide\"\/>\n\n\n\n<div class=\"wp-block-uagb-advanced-heading uagb-block-52e8e692\" id=\"uagb-adv-heading-9104973c-9b6c-439e-8d7e-3f09b6e1f9f5\"><h5 class=\"uagb-heading-text\">BIOTECNOLOGIA<\/h5><p class=\"uagb-desc-text\"><strong>In EDYPRO lavoriamo con la biotecnologia agricola per attivare i geni produttivi e di autodifesa delle colture.&nbsp;<\/strong> <\/p><\/div>\n\n\n\n<hr class=\"wp-block-separator has-css-opacity is-style-wide\"\/>\n\n\n\n<div class=\"wp-block-uagb-advanced-heading uagb-block-6a1ab1e7\" id=\"uagb-adv-heading-996f6efe-e0f0-4993-a967-fb767561dd7a\"><h5 class=\"uagb-heading-text\">RISPETTO PER L&#8217;AMBIENTE<\/h5><p class=\"uagb-desc-text\"><strong><strong>La nostra filosofia presuppone il massimo rispetto per la natura, per questo forniamo soluzioni per aumentare la fertilit\u00e0 del suolo e aumentare l&#8217;efficienza dei fertilizzanti convenzionali. Allo stesso tempo offriamo soluzioni per aumentare la resistenza delle colture a infezioni e parassiti. <\/strong><\/strong><\/p><\/div>\n\n\n\n<hr class=\"wp-block-separator has-css-opacity is-style-wide\"\/>\n<\/div>\n\n\n\n<div class=\"wp-block-column is-layout-flow wp-block-column-is-layout-flow\">\n<div style=\"height:40px\" aria-hidden=\"true\" class=\"wp-block-spacer\"><\/div>\n\n\n\n<div class=\"wp-block-uagb-advanced-heading uagb-block-8f641221\" id=\"uagb-adv-heading-0442dd4c-333b-4490-9069-1606b833d9be\"><h2 class=\"uagb-heading-text\"><strong><em>NI NOSTRI PUNTI DI FORZA:<br>&#8211; Ricerca<br>&#8211; Innovazione<br>&#8211; Conoscenze tecniche<br>&#8211; Assistenza tecnica<br>&#8211; Capacit\u00e0 di produzione propria.<\/em><\/strong><\/h2><\/div>\n\n\n\n<p><\/p>\n<\/div>\n<\/div>\n\n\n\n<p><\/p>\n<\/div><\/section>\n\n\n\n<section class=\"wp-block-uagb-section uagb-section__wrap uagb-section__background-undefined uagb-block-94298749\"><div class=\"uagb-section__overlay\"><\/div><div class=\"uagb-section__inner-wrap\">\n<div class=\"wp-block-uagb-advanced-heading uagb-block-2dd3dbb6\" id=\"uagb-adv-heading-87428d65-6317-4f39-92a3-7172110fd48f\"><h2 class=\"uagb-heading-text\"> <br><\/h2><p class=\"uagb-desc-text\"><img loading=\"lazy\" decoding=\"async\" width=\"3543\" height=\"1093\" class=\"wp-image-8917\" style=\"width: 800px\" src=\"https:\/\/www.edypro-online.com\/wp-content\/uploads\/2021\/02\/marca_actual_25Aniversario_Edypro_horizontal-reduces.png\" alt=\"\" srcset=\"https:\/\/www.edypro-online.com\/wp-content\/uploads\/2021\/02\/marca_actual_25Aniversario_Edypro_horizontal-reduces.png 3543w, https:\/\/www.edypro-online.com\/wp-content\/uploads\/2021\/02\/marca_actual_25Aniversario_Edypro_horizontal-reduces-300x93.png 300w, https:\/\/www.edypro-online.com\/wp-content\/uploads\/2021\/02\/marca_actual_25Aniversario_Edypro_horizontal-reduces-1024x316.png 1024w, https:\/\/www.edypro-online.com\/wp-content\/uploads\/2021\/02\/marca_actual_25Aniversario_Edypro_horizontal-reduces-768x237.png 768w, https:\/\/www.edypro-online.com\/wp-content\/uploads\/2021\/02\/marca_actual_25Aniversario_Edypro_horizontal-reduces-1536x474.png 1536w, https:\/\/www.edypro-online.com\/wp-content\/uploads\/2021\/02\/marca_actual_25Aniversario_Edypro_horizontal-reduces-2048x632.png 2048w, https:\/\/www.edypro-online.com\/wp-content\/uploads\/2021\/02\/marca_actual_25Aniversario_Edypro_horizontal-reduces-600x185.png 600w, https:\/\/www.edypro-online.com\/wp-content\/uploads\/2021\/02\/marca_actual_25Aniversario_Edypro_horizontal-reduces-64x20.png 64w\" sizes=\"auto, (max-width: 3543px) 100vw, 3543px\" \/><\/p><\/div>\n\n\n\n<div style=\"height:30px\" aria-hidden=\"true\" class=\"wp-block-spacer\"><\/div>\n\n\n\n<div class=\"wp-block-columns has-3-columns is-layout-flex wp-container-core-columns-is-layout-28f84493 wp-block-columns-is-layout-flex\">\n<div class=\"wp-block-column is-layout-flow wp-block-column-is-layout-flow\">\n<figure class=\"wp-block-gallery has-nested-images columns-default is-cropped wp-block-gallery-5 is-layout-flex wp-block-gallery-is-layout-flex\">\n<figure class=\"wp-block-image size-large\"><img loading=\"lazy\" decoding=\"async\" width=\"640\" height=\"1024\" data-id=\"8905\" src=\"https:\/\/www.edypro-online.com\/wp-content\/uploads\/2021\/02\/IMG_4946-2.jpg\" alt=\"\" class=\"wp-image-8905\" srcset=\"https:\/\/www.edypro-online.com\/wp-content\/uploads\/2021\/02\/IMG_4946-2.jpg 640w, https:\/\/www.edypro-online.com\/wp-content\/uploads\/2021\/02\/IMG_4946-2-188x300.jpg 188w, https:\/\/www.edypro-online.com\/wp-content\/uploads\/2021\/02\/IMG_4946-2-600x960.jpg 600w, https:\/\/www.edypro-online.com\/wp-content\/uploads\/2021\/02\/IMG_4946-2-64x102.jpg 64w\" sizes=\"auto, (max-width: 640px) 100vw, 640px\" \/><\/figure>\n<\/figure>\n\n\n\n<div class=\"wp-block-uagb-advanced-heading uagb-block-8de9d41c\" id=\"uagb-adv-heading-4d8164ca-0bfa-49cd-8526-c88b988baae3\"><h4 class=\"uagb-heading-text\"><a href=\"\/productos\" data-type=\"URL\" data-id=\"\/productos\">CATALOGO DI PRODOTTI BIOTECNOLOGICI<\/a><\/h4><p class=\"uagb-desc-text\">Sviluppiamo <strong>fertilizzanti biotecnologici ad alto rendimento agronomico <\/strong><\/p><\/div>\n\n\n\n<p><\/p>\n<\/div>\n\n\n\n<div class=\"wp-block-column is-layout-flow wp-block-column-is-layout-flow\">\n<figure class=\"wp-block-gallery has-nested-images columns-default is-cropped wp-block-gallery-6 is-layout-flex wp-block-gallery-is-layout-flex\">\n<figure class=\"wp-block-image size-large\"><img loading=\"lazy\" decoding=\"async\" width=\"640\" height=\"1024\" data-id=\"9170\" src=\"https:\/\/www.edypro-online.com\/wp-content\/uploads\/2021\/02\/DSC_0419-2-640x1024.jpg\" alt=\"\" class=\"wp-image-9170\" srcset=\"https:\/\/www.edypro-online.com\/wp-content\/uploads\/2021\/02\/DSC_0419-2-640x1024.jpg 640w, https:\/\/www.edypro-online.com\/wp-content\/uploads\/2021\/02\/DSC_0419-2-188x300.jpg 188w, https:\/\/www.edypro-online.com\/wp-content\/uploads\/2021\/02\/DSC_0419-2-768x1229.jpg 768w, https:\/\/www.edypro-online.com\/wp-content\/uploads\/2021\/02\/DSC_0419-2-960x1536.jpg 960w, https:\/\/www.edypro-online.com\/wp-content\/uploads\/2021\/02\/DSC_0419-2-1280x2048.jpg 1280w, https:\/\/www.edypro-online.com\/wp-content\/uploads\/2021\/02\/DSC_0419-2-600x960.jpg 600w, https:\/\/www.edypro-online.com\/wp-content\/uploads\/2021\/02\/DSC_0419-2-64x102.jpg 64w, https:\/\/www.edypro-online.com\/wp-content\/uploads\/2021\/02\/DSC_0419-2.jpg 1500w\" sizes=\"auto, (max-width: 640px) 100vw, 640px\" \/><\/figure>\n<\/figure>\n\n\n\n<div class=\"wp-block-uagb-advanced-heading uagb-block-d7c82ea8\" id=\"uagb-adv-heading-c6959329-c8ef-4d24-9fc4-67c2ec37d58f\"><h4 class=\"uagb-heading-text\"> <a href=\"#\">SOLUZIONI<\/a> <a href=\"https:\/\/www.edypro-online.com\/wp-admin\/post.php?post=353&amp;action=edit#\">PER LA CULTIVAZIONE<\/a><\/h4><p class=\"uagb-desc-text\"><strong>Soluzioni biotecnologiche <\/strong>su misura per le esigenze della tua coltura<\/p><\/div>\n\n\n\n<p><\/p>\n<\/div>\n\n\n\n<div class=\"wp-block-column is-layout-flow wp-block-column-is-layout-flow\">\n<div class=\"wp-block-uagb-advanced-heading uagb-block-3c0649c7\" id=\"uagb-adv-heading-c3475289-bbf9-4acf-a4ff-c22dfd42003a\"><h4 class=\"uagb-heading-text\"><img loading=\"lazy\" decoding=\"async\" width=\"818\" height=\"1308\" class=\"wp-image-8904\" style=\"width: 500px\" src=\"https:\/\/www.edypro-online.com\/wp-content\/uploads\/2021\/02\/IMG_5296.jpg\" alt=\"\" srcset=\"https:\/\/www.edypro-online.com\/wp-content\/uploads\/2021\/02\/IMG_5296.jpg 818w, https:\/\/www.edypro-online.com\/wp-content\/uploads\/2021\/02\/IMG_5296-188x300.jpg 188w, https:\/\/www.edypro-online.com\/wp-content\/uploads\/2021\/02\/IMG_5296-640x1024.jpg 640w, https:\/\/www.edypro-online.com\/wp-content\/uploads\/2021\/02\/IMG_5296-768x1228.jpg 768w, https:\/\/www.edypro-online.com\/wp-content\/uploads\/2021\/02\/IMG_5296-600x959.jpg 600w, https:\/\/www.edypro-online.com\/wp-content\/uploads\/2021\/02\/IMG_5296-64x102.jpg 64w\" sizes=\"auto, (max-width: 818px) 100vw, 818px\" \/> <br><br><a href=\"\/noticias\" data-type=\"URL\" data-id=\"\/noticias\">NOTIZIE EDYPRO<\/a> <\/h4><p class=\"uagb-desc-text\">Ultime notizie sulla nostra azienda e sui nostri clienti e collaboratori<\/p><\/div>\n<\/div>\n<\/div>\n<\/div><\/section>\n\n\n\n<section class=\"wp-block-uagb-section uagb-section__wrap uagb-section__background-color uagb-block-420e3c3f\"><div class=\"uagb-section__overlay\"><\/div><div class=\"uagb-section__inner-wrap\">\n<div class=\"wp-block-columns has-2-columns is-layout-flex wp-container-core-columns-is-layout-28f84493 wp-block-columns-is-layout-flex\">\n<div class=\"wp-block-column is-layout-flow wp-block-column-is-layout-flow\">\n<div class=\"wp-block-uagb-advanced-heading uagb-block-9f84a2f3\" id=\"uagb-adv-heading-acdacfc3-1ede-482b-a592-dd35158a4701\"><h3 class=\"uagb-heading-text\"><br>Hai bisogno di soluzioni di qualit\u00e0 per la tua coltivazione?<\/h3><\/div>\n<\/div>\n\n\n\n<div class=\"wp-block-column is-layout-flow wp-block-column-is-layout-flow\">\n<div style=\"height:15px\" aria-hidden=\"true\" class=\"wp-block-spacer\"><\/div>\n\n\n\n<div class=\"wp-block-uagb-buttons uagb-buttons__outer-wrap uagb-btn__default-btn uagb-btn-tablet__default-btn uagb-btn-mobile__default-btn uagb-block-7d0e9efd\"><div class=\"uagb-buttons__wrap uagb-buttons-layout-wrap\">\n<div class=\"wp-block-uagb-buttons-child uagb-buttons__outer-wrap uagb-block-46cc124c wp-block-button\"><div class=\"uagb-button__wrapper\"><a class=\"uagb-buttons-repeater wp-block-button__link has-background has-text-color\" href=\"https:\/\/wa.me\/message\/DVDI64TSSLCJC1\" onclick=\"return true;\" rel=\"follow noopener\" target=\"_self\"><div class=\"uagb-button__link\">Contattaci<\/div><\/a><\/div><\/div>\n<\/div><\/div>\n<\/div>\n<\/div>\n<\/div><\/section>","protected":false},"excerpt":{"rendered":"","protected":false},"author":1,"featured_media":0,"parent":0,"menu_order":0,"comment_status":"closed","ping_status":"closed","template":"","meta":{"_acf_changed":false,"_seopress_robots_primary_cat":"","_seopress_titles_title":"Biotecnolog\u00eda Agr\u00edcola Valencia | EDYPRO","_seopress_titles_desc":"Descubre c\u00f3mo la biotecnolog\u00eda en la agricultura est\u00e1 revolucionando el sector con t\u00e9cnicas innovadoras con EDYPRO. Biotecnolog\u00eda agr\u00edcola y su transformaci\u00f3n.","_seopress_robots_index":"","_uag_custom_page_level_css":"","site-sidebar-layout":"no-sidebar","site-content-layout":"page-builder","ast-site-content-layout":"full-width-container","site-content-style":"unboxed","site-sidebar-style":"unboxed","ast-global-header-display":"","ast-banner-title-visibility":"","ast-main-header-display":"","ast-hfb-above-header-display":"","ast-hfb-below-header-display":"","ast-hfb-mobile-header-display":"","site-post-title":"disabled","ast-breadcrumbs-content":"","ast-featured-img":"disabled","footer-sml-layout":"","ast-disable-related-posts":"","theme-transparent-header-meta":"enabled","adv-header-id-meta":"","stick-header-meta":"","header-above-stick-meta":"","header-main-stick-meta":"","header-below-stick-meta":"","astra-migrate-meta-layouts":"set","ast-page-background-enabled":"default","ast-page-background-meta":{"desktop":{"background-color":"","background-image":"","background-repeat":"repeat","background-position":"center center","background-size":"auto","background-attachment":"scroll","background-type":"","background-media":"","overlay-type":"","overlay-color":"","overlay-opacity":"","overlay-gradient":""},"tablet":{"background-color":"","background-image":"","background-repeat":"repeat","background-position":"center center","background-size":"auto","background-attachment":"scroll","background-type":"","background-media":"","overlay-type":"","overlay-color":"","overlay-opacity":"","overlay-gradient":""},"mobile":{"background-color":"","background-image":"","background-repeat":"repeat","background-position":"center center","background-size":"auto","background-attachment":"scroll","background-type":"","background-media":"","overlay-type":"","overlay-color":"","overlay-opacity":"","overlay-gradient":""}},"ast-content-background-meta":{"desktop":{"background-color":"var(--ast-global-color-5)","background-image":"","background-repeat":"repeat","background-position":"center center","background-size":"auto","background-attachment":"scroll","background-type":"","background-media":"","overlay-type":"","overlay-color":"","overlay-opacity":"","overlay-gradient":""},"tablet":{"background-color":"var(--ast-global-color-5)","background-image":"","background-repeat":"repeat","background-position":"center center","background-size":"auto","background-attachment":"scroll","background-type":"","background-media":"","overlay-type":"","overlay-color":"","overlay-opacity":"","overlay-gradient":""},"mobile":{"background-color":"var(--ast-global-color-5)","background-image":"","background-repeat":"repeat","background-position":"center center","background-size":"auto","background-attachment":"scroll","background-type":"","background-media":"","overlay-type":"","overlay-color":"","overlay-opacity":"","overlay-gradient":""}},"footnotes":""},"class_list":["post-10808","page","type-page","status-publish","hentry"],"acf":[],"uagb_featured_image_src":{"full":false,"thumbnail":false,"medium":false,"medium_large":false,"large":false,"1536x1536":false,"2048x2048":false,"woocommerce_thumbnail":false,"woocommerce_single":false,"woocommerce_gallery_thumbnail":false,"web-stories-poster-portrait":false,"web-stories-publisher-logo":false,"web-stories-thumbnail":false,"dgwt-wcas-product-suggestion":false},"uagb_author_info":{"display_name":"a3p","author_link":"https:\/\/www.edypro-online.com\/it\/author\/a3p\/"},"uagb_comment_info":0,"uagb_excerpt":null,"_links":{"self":[{"href":"https:\/\/www.edypro-online.com\/it\/wp-json\/wp\/v2\/pages\/10808","targetHints":{"allow":["GET"]}}],"collection":[{"href":"https:\/\/www.edypro-online.com\/it\/wp-json\/wp\/v2\/pages"}],"about":[{"href":"https:\/\/www.edypro-online.com\/it\/wp-json\/wp\/v2\/types\/page"}],"author":[{"embeddable":true,"href":"https:\/\/www.edypro-online.com\/it\/wp-json\/wp\/v2\/users\/1"}],"replies":[{"embeddable":true,"href":"https:\/\/www.edypro-online.com\/it\/wp-json\/wp\/v2\/comments?post=10808"}],"version-history":[{"count":28,"href":"https:\/\/www.edypro-online.com\/it\/wp-json\/wp\/v2\/pages\/10808\/revisions"}],"predecessor-version":[{"id":12545,"href":"https:\/\/www.edypro-online.com\/it\/wp-json\/wp\/v2\/pages\/10808\/revisions\/12545"}],"wp:attachment":[{"href":"https:\/\/www.edypro-online.com\/it\/wp-json\/wp\/v2\/media?parent=10808"}],"curies":[{"name":"wp","href":"https:\/\/api.w.org\/{rel}","templated":true}]}}