{"id":1858,"date":"2020-07-21T19:03:44","date_gmt":"2020-07-21T19:03:44","guid":{"rendered":"https:\/\/www.edypro-online.com\/producto\/sin%20categor\u00eda\/pro-control\/"},"modified":"2025-03-11T08:18:25","modified_gmt":"2025-03-11T08:18:25","slug":"pro-control-1","status":"publish","type":"product","link":"https:\/\/www.edypro-online.com\/en\/producto\/biotecnologia-de-control\/pro-control-1\/","title":{"rendered":"PRO-CONTROL"},"content":{"rendered":"<p><\/p>\n<p style=\"text-align: justify\"><strong>PRO-CONTROL\u00a0<\/strong>is a product made with a special combination of amino acids in the form assimilable to the crop.<\/p>\n<p style=\"text-align: justify\">The application of\u00a0<strong>PRO-CONTROL<\/strong>\u00a0provides a special balance between the vital and growing nutritional functions that allow you to adequately\u00a0conclude the crop cycle.<\/p>\n<p>&nbsp;<\/p>\n<p><strong>ADVANTAGES AND BENEFITS:<\/strong><\/p>\n<ul>\n<li>Regulator of vegetative development without hormones.<\/li>\n<li>Regulates the elongation of the stem during the tillering phase until the beginning of the embarrassment.<\/li>\n<\/ul>\n<p><\/p>","protected":false},"excerpt":{"rendered":"<p>Vegetative growth regulator product.<\/p>\n<p>Amino acids N 5,2.<\/p>\n<p><img decoding=\"async\" src=\"\/images\/iconos\/Residuo cero2.png\" alt=\"residuo cero\" width=\"60\" \/><\/p>\n","protected":false},"featured_media":10570,"comment_status":"open","ping_status":"closed","template":"","meta":{"_acf_changed":false,"_seopress_robots_primary_cat":"none","_seopress_titles_title":"PRO-CONTROL | Biotecnolog\u00eda de Control","_seopress_titles_desc":"Pro-control es un producto elaborado con una especial combinaci\u00f3n de amino\u00e1cidos en forma asimilable para el cultivo.","_seopress_robots_index":"","_uag_custom_page_level_css":"","site-sidebar-layout":"default","site-content-layout":"default","ast-site-content-layout":"default","site-content-style":"default","site-sidebar-style":"default","ast-global-header-display":"","ast-banner-title-visibility":"","ast-main-header-display":"","ast-hfb-above-header-display":"","ast-hfb-below-header-display":"","ast-hfb-mobile-header-display":"","site-post-title":"","ast-breadcrumbs-content":"","ast-featured-img":"","footer-sml-layout":"","ast-disable-related-posts":"","theme-transparent-header-meta":"default","adv-header-id-meta":"","stick-header-meta":"","header-above-stick-meta":"","header-main-stick-meta":"","header-below-stick-meta":"","astra-migrate-meta-layouts":"set","ast-page-background-enabled":"default","ast-page-background-meta":{"desktop":{"background-color":"","background-image":"","background-repeat":"repeat","background-position":"center center","background-size":"auto","background-attachment":"scroll","background-type":"","background-media":"","overlay-type":"","overlay-color":"","overlay-opacity":"","overlay-gradient":""},"tablet":{"background-color":"","background-image":"","background-repeat":"repeat","background-position":"center center","background-size":"auto","background-attachment":"scroll","background-type":"","background-media":"","overlay-type":"","overlay-color":"","overlay-opacity":"","overlay-gradient":""},"mobile":{"background-color":"","background-image":"","background-repeat":"repeat","background-position":"center center","background-size":"auto","background-attachment":"scroll","background-type":"","background-media":"","overlay-type":"","overlay-color":"","overlay-opacity":"","overlay-gradient":""}},"ast-content-background-meta":{"desktop":{"background-color":"var(--ast-global-color-5)","background-image":"","background-repeat":"repeat","background-position":"center center","background-size":"auto","background-attachment":"scroll","background-type":"","background-media":"","overlay-type":"","overlay-color":"","overlay-opacity":"","overlay-gradient":""},"tablet":{"background-color":"var(--ast-global-color-5)","background-image":"","background-repeat":"repeat","background-position":"center center","background-size":"auto","background-attachment":"scroll","background-type":"","background-media":"","overlay-type":"","overlay-color":"","overlay-opacity":"","overlay-gradient":""},"mobile":{"background-color":"var(--ast-global-color-5)","background-image":"","background-repeat":"repeat","background-position":"center center","background-size":"auto","background-attachment":"scroll","background-type":"","background-media":"","overlay-type":"","overlay-color":"","overlay-opacity":"","overlay-gradient":""}}},"product_brand":[],"product_cat":[177],"product_tag":[197,198,207],"class_list":{"0":"post-1858","1":"product","2":"type-product","3":"status-publish","4":"has-post-thumbnail","6":"product_cat-biotecnologia-de-control","7":"product_tag-foliar","8":"product_tag-radicular","9":"product_tag-residuo-cero","10":"desktop-align-left","11":"tablet-align-left","12":"mobile-align-left","13":"ast-product-gallery-layout-horizontal","14":"ast-product-single-variable","15":"ast-product-tabs-layout-vertical","17":"first","18":"instock","19":"shipping-taxable","20":"product-type-variable"},"acf":[],"uagb_featured_image_src":{"full":["https:\/\/www.edypro-online.com\/wp-content\/uploads\/2020\/07\/Pro-control-it-1.jpg",1760,1125,false],"thumbnail":["https:\/\/www.edypro-online.com\/wp-content\/uploads\/2020\/07\/Pro-control-it-1-150x150.jpg",150,150,true],"medium":["https:\/\/www.edypro-online.com\/wp-content\/uploads\/2020\/07\/Pro-control-it-1-300x192.jpg",300,192,true],"medium_large":["https:\/\/www.edypro-online.com\/wp-content\/uploads\/2020\/07\/Pro-control-it-1-768x491.jpg",768,491,true],"large":["https:\/\/www.edypro-online.com\/wp-content\/uploads\/2020\/07\/Pro-control-it-1-1024x655.jpg",1024,655,true],"1536x1536":["https:\/\/www.edypro-online.com\/wp-content\/uploads\/2020\/07\/Pro-control-it-1-1536x982.jpg",1536,982,true],"2048x2048":["https:\/\/www.edypro-online.com\/wp-content\/uploads\/2020\/07\/Pro-control-it-1.jpg",1760,1125,false],"woocommerce_thumbnail":["https:\/\/www.edypro-online.com\/wp-content\/uploads\/2020\/07\/Pro-control-it-1-300x300.jpg",300,300,true],"woocommerce_single":["https:\/\/www.edypro-online.com\/wp-content\/uploads\/2020\/07\/Pro-control-it-1-600x384.jpg",600,384,true],"woocommerce_gallery_thumbnail":["https:\/\/www.edypro-online.com\/wp-content\/uploads\/2020\/07\/Pro-control-it-1-100x100.jpg",100,100,true],"web-stories-poster-portrait":["https:\/\/www.edypro-online.com\/wp-content\/uploads\/2020\/07\/Pro-control-it-1.jpg",640,409,false],"web-stories-publisher-logo":["https:\/\/www.edypro-online.com\/wp-content\/uploads\/2020\/07\/Pro-control-it-1.jpg",96,61,false],"web-stories-thumbnail":["https:\/\/www.edypro-online.com\/wp-content\/uploads\/2020\/07\/Pro-control-it-1.jpg",150,96,false],"dgwt-wcas-product-suggestion":["https:\/\/www.edypro-online.com\/wp-content\/uploads\/2020\/07\/Pro-control-it-1-64x41.jpg",64,41,true]},"uagb_author_info":{"display_name":"a3p","author_link":"https:\/\/www.edypro-online.com\/en\/author\/"},"uagb_comment_info":0,"uagb_excerpt":"Vegetative growth regulator product. Amino acids N 5,2.","_links":{"self":[{"href":"https:\/\/www.edypro-online.com\/en\/wp-json\/wp\/v2\/product\/1858","targetHints":{"allow":["GET"]}}],"collection":[{"href":"https:\/\/www.edypro-online.com\/en\/wp-json\/wp\/v2\/product"}],"about":[{"href":"https:\/\/www.edypro-online.com\/en\/wp-json\/wp\/v2\/types\/product"}],"replies":[{"embeddable":true,"href":"https:\/\/www.edypro-online.com\/en\/wp-json\/wp\/v2\/comments?post=1858"}],"wp:featuredmedia":[{"embeddable":true,"href":"https:\/\/www.edypro-online.com\/en\/wp-json\/wp\/v2\/media\/10570"}],"wp:attachment":[{"href":"https:\/\/www.edypro-online.com\/en\/wp-json\/wp\/v2\/media?parent=1858"}],"wp:term":[{"taxonomy":"product_brand","embeddable":true,"href":"https:\/\/www.edypro-online.com\/en\/wp-json\/wp\/v2\/product_brand?post=1858"},{"taxonomy":"product_cat","embeddable":true,"href":"https:\/\/www.edypro-online.com\/en\/wp-json\/wp\/v2\/product_cat?post=1858"},{"taxonomy":"product_tag","embeddable":true,"href":"https:\/\/www.edypro-online.com\/en\/wp-json\/wp\/v2\/product_tag?post=1858"}],"curies":[{"name":"wp","href":"https:\/\/api.w.org\/{rel}","templated":true}]}}