{"id":1838,"date":"2020-07-21T19:03:40","date_gmt":"2020-07-21T19:03:40","guid":{"rendered":"https:\/\/www.edypro-online.com\/producto\/sin%20categor\u00eda\/a-rice-vigor\/"},"modified":"2024-11-25T15:00:45","modified_gmt":"2024-11-25T15:00:45","slug":"rice-vigor","status":"publish","type":"product","link":"https:\/\/www.edypro-online.com\/en\/producto\/biotecnologia-de-precision\/rice-vigor\/","title":{"rendered":"RICE VIGOR"},"content":{"rendered":"<p>The application of herbicides causes phytotoxicity and important losses of the root system in rice plants. This situation is one of the main causes of production loss in the crop..<\/p>\n<p><strong>RICE VIGOR<\/strong> is an antidote that activates the vegetative development of the rice crop to prevent and overcome the phytotoxicity provoked by herbicides. It achieves a strong stomatal opening in the plant, which allows the herbicide molecules accumulated in the tissues to be volatized through conductance.<\/p>\n<p><strong>RICE VIGOR<\/strong> acts by activating the development of plant tissue, facilitating the assimilation of potassium, an essential element for grain filling and increasing specific weight. Its application is associated with one of the weed control passes or first Pyricularia control passes.<\/p>","protected":false},"excerpt":{"rendered":"<p>Amino acids N 4 with microelements for foliar application.<\/p>\n<p>Fertilizer usable in Organic Agriculture according to UNE 142500 Standard.<\/p>\n<p><img loading=\"lazy\" decoding=\"async\" class=\"alignnone size-thumbnail wp-image-11709\" src=\"https:\/\/www.edypro-online.com\/wp-content\/uploads\/2020\/07\/logo-CAAE-INSUMOS-UNE-142500-01-150x150.png\" alt=\"\" width=\"150\" height=\"150\" srcset=\"https:\/\/www.edypro-online.com\/wp-content\/uploads\/2020\/07\/logo-CAAE-INSUMOS-UNE-142500-01-150x150.png 150w, https:\/\/www.edypro-online.com\/wp-content\/uploads\/2020\/07\/logo-CAAE-INSUMOS-UNE-142500-01-300x300.png 300w, https:\/\/www.edypro-online.com\/wp-content\/uploads\/2020\/07\/logo-CAAE-INSUMOS-UNE-142500-01-100x100.png 100w, https:\/\/www.edypro-online.com\/wp-content\/uploads\/2020\/07\/logo-CAAE-INSUMOS-UNE-142500-01-96x96.png 96w, https:\/\/www.edypro-online.com\/wp-content\/uploads\/2020\/07\/logo-CAAE-INSUMOS-UNE-142500-01-64x64.png 64w, https:\/\/www.edypro-online.com\/wp-content\/uploads\/2020\/07\/logo-CAAE-INSUMOS-UNE-142500-01.png 591w\" sizes=\"auto, (max-width: 150px) 100vw, 150px\" \/><\/p>\n<p>&nbsp;<\/p>\n","protected":false},"featured_media":1839,"comment_status":"open","ping_status":"closed","template":"","meta":{"_acf_changed":false,"_seopress_robots_primary_cat":"none","_seopress_titles_title":"RICE VIGOR | Biotecnolog\u00eda Precisi\u00f3n | Activaci\u00f3n del Cultivo","_seopress_titles_desc":"","_seopress_robots_index":"","_uag_custom_page_level_css":"","site-sidebar-layout":"default","site-content-layout":"default","ast-site-content-layout":"default","site-content-style":"default","site-sidebar-style":"default","ast-global-header-display":"","ast-banner-title-visibility":"","ast-main-header-display":"","ast-hfb-above-header-display":"","ast-hfb-below-header-display":"","ast-hfb-mobile-header-display":"","site-post-title":"","ast-breadcrumbs-content":"","ast-featured-img":"","footer-sml-layout":"","ast-disable-related-posts":"","theme-transparent-header-meta":"default","adv-header-id-meta":"","stick-header-meta":"","header-above-stick-meta":"","header-main-stick-meta":"","header-below-stick-meta":"","astra-migrate-meta-layouts":"set","ast-page-background-enabled":"default","ast-page-background-meta":{"desktop":{"background-color":"","background-image":"","background-repeat":"repeat","background-position":"center center","background-size":"auto","background-attachment":"scroll","background-type":"","background-media":"","overlay-type":"","overlay-color":"","overlay-opacity":"","overlay-gradient":""},"tablet":{"background-color":"","background-image":"","background-repeat":"repeat","background-position":"center center","background-size":"auto","background-attachment":"scroll","background-type":"","background-media":"","overlay-type":"","overlay-color":"","overlay-opacity":"","overlay-gradient":""},"mobile":{"background-color":"","background-image":"","background-repeat":"repeat","background-position":"center center","background-size":"auto","background-attachment":"scroll","background-type":"","background-media":"","overlay-type":"","overlay-color":"","overlay-opacity":"","overlay-gradient":""}},"ast-content-background-meta":{"desktop":{"background-color":"var(--ast-global-color-5)","background-image":"","background-repeat":"repeat","background-position":"center center","background-size":"auto","background-attachment":"scroll","background-type":"","background-media":"","overlay-type":"","overlay-color":"","overlay-opacity":"","overlay-gradient":""},"tablet":{"background-color":"var(--ast-global-color-5)","background-image":"","background-repeat":"repeat","background-position":"center center","background-size":"auto","background-attachment":"scroll","background-type":"","background-media":"","overlay-type":"","overlay-color":"","overlay-opacity":"","overlay-gradient":""},"mobile":{"background-color":"var(--ast-global-color-5)","background-image":"","background-repeat":"repeat","background-position":"center center","background-size":"auto","background-attachment":"scroll","background-type":"","background-media":"","overlay-type":"","overlay-color":"","overlay-opacity":"","overlay-gradient":""}}},"product_brand":[],"product_cat":[180],"product_tag":[206,197],"class_list":{"0":"post-1838","1":"product","2":"type-product","3":"status-publish","4":"has-post-thumbnail","6":"product_cat-biotecnologia-de-precision","7":"product_tag-ecologico","8":"product_tag-foliar","9":"desktop-align-left","10":"tablet-align-left","11":"mobile-align-left","12":"ast-product-gallery-layout-horizontal","13":"ast-product-single-variable","14":"ast-product-tabs-layout-vertical","16":"first","17":"instock","18":"shipping-taxable","19":"product-type-variable"},"acf":[],"uagb_featured_image_src":{"full":["https:\/\/www.edypro-online.com\/wp-content\/uploads\/\/images\/productos\/Imagen2_3.jpg",363,277,false],"thumbnail":["https:\/\/www.edypro-online.com\/wp-content\/uploads\/\/images\/productos\/Imagen2_3.jpg",150,114,false],"medium":["https:\/\/www.edypro-online.com\/wp-content\/uploads\/\/images\/productos\/Imagen2_3.jpg",300,229,false],"medium_large":["https:\/\/www.edypro-online.com\/wp-content\/uploads\/\/images\/productos\/Imagen2_3.jpg",363,277,false],"large":["https:\/\/www.edypro-online.com\/wp-content\/uploads\/\/images\/productos\/Imagen2_3.jpg",363,277,false],"1536x1536":["https:\/\/www.edypro-online.com\/wp-content\/uploads\/\/images\/productos\/Imagen2_3.jpg",363,277,false],"2048x2048":["https:\/\/www.edypro-online.com\/wp-content\/uploads\/\/images\/productos\/Imagen2_3.jpg",363,277,false],"woocommerce_thumbnail":["https:\/\/www.edypro-online.com\/wp-content\/uploads\/\/images\/productos\/Imagen2_3.jpg",300,229,false],"woocommerce_single":["https:\/\/www.edypro-online.com\/wp-content\/uploads\/\/images\/productos\/Imagen2_3.jpg",363,277,false],"woocommerce_gallery_thumbnail":["https:\/\/www.edypro-online.com\/wp-content\/uploads\/\/images\/productos\/Imagen2_3.jpg",100,76,false],"web-stories-poster-portrait":["https:\/\/www.edypro-online.com\/wp-content\/uploads\/\/images\/productos\/Imagen2_3.jpg",363,277,false],"web-stories-publisher-logo":["https:\/\/www.edypro-online.com\/wp-content\/uploads\/\/images\/productos\/Imagen2_3.jpg",96,73,false],"web-stories-thumbnail":["https:\/\/www.edypro-online.com\/wp-content\/uploads\/\/images\/productos\/Imagen2_3.jpg",150,114,false],"dgwt-wcas-product-suggestion":["https:\/\/www.edypro-online.com\/wp-content\/uploads\/\/images\/productos\/Imagen2_3.jpg",64,49,false]},"uagb_author_info":{"display_name":"a3p","author_link":"https:\/\/www.edypro-online.com\/en\/author\/"},"uagb_comment_info":7,"uagb_excerpt":"Amino acids N 4 with microelements for foliar application. Fertilizer usable in Organic Agriculture according to UNE 142500 Standard. &nbsp;","_links":{"self":[{"href":"https:\/\/www.edypro-online.com\/en\/wp-json\/wp\/v2\/product\/1838","targetHints":{"allow":["GET"]}}],"collection":[{"href":"https:\/\/www.edypro-online.com\/en\/wp-json\/wp\/v2\/product"}],"about":[{"href":"https:\/\/www.edypro-online.com\/en\/wp-json\/wp\/v2\/types\/product"}],"replies":[{"embeddable":true,"href":"https:\/\/www.edypro-online.com\/en\/wp-json\/wp\/v2\/comments?post=1838"}],"wp:featuredmedia":[{"embeddable":true,"href":"https:\/\/www.edypro-online.com\/en\/wp-json\/wp\/v2\/media\/1839"}],"wp:attachment":[{"href":"https:\/\/www.edypro-online.com\/en\/wp-json\/wp\/v2\/media?parent=1838"}],"wp:term":[{"taxonomy":"product_brand","embeddable":true,"href":"https:\/\/www.edypro-online.com\/en\/wp-json\/wp\/v2\/product_brand?post=1838"},{"taxonomy":"product_cat","embeddable":true,"href":"https:\/\/www.edypro-online.com\/en\/wp-json\/wp\/v2\/product_cat?post=1838"},{"taxonomy":"product_tag","embeddable":true,"href":"https:\/\/www.edypro-online.com\/en\/wp-json\/wp\/v2\/product_tag?post=1838"}],"curies":[{"name":"wp","href":"https:\/\/api.w.org\/{rel}","templated":true}]}}