{"id":1817,"date":"2020-07-21T19:03:36","date_gmt":"2020-07-21T19:03:36","guid":{"rendered":"https:\/\/www.edypro-online.com\/producto\/sin%20categor\u00eda\/root-rice\/"},"modified":"2024-11-25T15:02:48","modified_gmt":"2024-11-25T15:02:48","slug":"root-rice","status":"publish","type":"product","link":"https:\/\/www.edypro-online.com\/en\/producto\/biotecnologia-de-precision\/root-rice\/","title":{"rendered":"ROOT RICE"},"content":{"rendered":"<p><\/p>\n<p style=\"text-align: justify;\"><strong>ROOT RICE<\/strong> belongs to a new generation of specific nutrients, for without waste and is the essential base for high performance and avoid the marras nacencia and lack of rooting. Incorporation helps germination in adverse weather conditions caused by lack of temperature and other unfavorable climatic conditions, as for example the lack of light. It also favours the fixation of atmospheric nitrogen by nitrogen-fixing bacteria, increasing crop yields.<\/p>\n<p style=\"text-align: justify;\"><strong>ROOT RICE <\/strong>provides the necessary nutrients for the seed to start the germination process strongly.\u00a0In its action, it standardises the vegetative development of the crop in its early stages.<span style=\"font-size: 16px;\">\u00a0<\/span><strong style=\"font-size: 16px;\">ROOT RICE<\/strong><span style=\"font-size: 16px;\"> is essential in the <\/span><strong style=\"font-size: 16px;\">PRECISION AGRICULTURE<\/strong><span style=\"font-size: 16px;\"> of present and future.<\/span><\/p>\n<p style=\"text-align: center;\"><span style=\"text-decoration: underline;\"><strong>ADVANTAGES AND BENEFITS OF ROOT RICE<\/strong><\/span><strong style=\"font-size: 16px;\">:<\/strong><\/p>\n<ul>\n<li><strong>ROOT RICE<\/strong>\u00a0requires a 20% reduction in the volume of seed \/ ha. to avoid excessive density of plants per m<sup>2<\/sup>.<\/li>\n<li>Optimizes the energetic capacity of the seed\u00b4s germplasm.<\/li>\n<li>Promotes the germination under adverse weather conditions caused by law\u00a0temperatures and other unfavorable climatic factors such as the lack of light.<\/li>\n<li><strong>ROOT RICE<\/strong>\u00a0provides a rapid and great development of the root system that allows plants to be fixed to the ground without being affected by winds (which just pulls many plants and prevents its establishment).<\/li>\n<li>With the rapid germination the plot is covered in a few days and waterfowls stop seeing the water, tending to pass over the applied areas.<\/li>\n<li>In early sowings with\u00a0<strong>ROOT RICE<\/strong>\u00a0plants\u00b4 rapid development is achieved and when comes the time Chironomidae attacks, the plant is already in an advanced growth stage without the risk of being attacked.<\/li>\n<li><strong>ROOT RICE<\/strong>\u00a0is the most effective way to increase performance and production in rice cultivation, and if combined with\u00a0<a href=\"http:\/\/www.rice-solutions.com\/solutions\/edyfuit-rice\"><strong>EDYFRUIT ARROZ<\/strong><\/a>\u00a0increases very significant crop\u00b4s physiological improvements.<\/li>\n<\/ul>\n<p><strong>IMPORTANT<\/strong>:\u00a0<em>Applying\u00a0<\/em><strong>ROOT RICE<\/strong><em>\u00a0provides a continuous and constant root and leaf development of the rice plant, reaching a similar to weeds\u00b4 growth. It allows us to anticipate the application of the first herbicides to control weeds in an early stage. It also ensures that the rice plant supports better the phytotoxicity caused by herbicides that can destroy the part of the root system.<\/em><\/p>","protected":false},"excerpt":{"rendered":"<p>Fertiliser with Amino Acids and Liquid Mixture of Mineral Micronutrients.<\/p>\n<p>Fertilizer usable in Organic Agriculture according to UNE 142500 Standard.<\/p>\n<p><img loading=\"lazy\" decoding=\"async\" class=\"alignnone size-thumbnail wp-image-11709\" src=\"https:\/\/www.edypro-online.com\/wp-content\/uploads\/2020\/07\/logo-CAAE-INSUMOS-UNE-142500-01-150x150.png\" alt=\"\" width=\"150\" height=\"150\" srcset=\"https:\/\/www.edypro-online.com\/wp-content\/uploads\/2020\/07\/logo-CAAE-INSUMOS-UNE-142500-01-150x150.png 150w, https:\/\/www.edypro-online.com\/wp-content\/uploads\/2020\/07\/logo-CAAE-INSUMOS-UNE-142500-01-300x300.png 300w, https:\/\/www.edypro-online.com\/wp-content\/uploads\/2020\/07\/logo-CAAE-INSUMOS-UNE-142500-01-100x100.png 100w, https:\/\/www.edypro-online.com\/wp-content\/uploads\/2020\/07\/logo-CAAE-INSUMOS-UNE-142500-01-96x96.png 96w, https:\/\/www.edypro-online.com\/wp-content\/uploads\/2020\/07\/logo-CAAE-INSUMOS-UNE-142500-01-64x64.png 64w, https:\/\/www.edypro-online.com\/wp-content\/uploads\/2020\/07\/logo-CAAE-INSUMOS-UNE-142500-01.png 591w\" sizes=\"auto, (max-width: 150px) 100vw, 150px\" \/><\/p>\n","protected":false},"featured_media":1818,"comment_status":"open","ping_status":"closed","template":"","meta":{"_acf_changed":false,"_seopress_robots_primary_cat":"none","_seopress_titles_title":"Root Rice | Biotecnolog\u00eda Precisi\u00f3n | Activaci\u00f3n del Cultivo","_seopress_titles_desc":"","_seopress_robots_index":"","_uag_custom_page_level_css":"","site-sidebar-layout":"default","site-content-layout":"default","ast-site-content-layout":"default","site-content-style":"default","site-sidebar-style":"default","ast-global-header-display":"","ast-banner-title-visibility":"","ast-main-header-display":"","ast-hfb-above-header-display":"","ast-hfb-below-header-display":"","ast-hfb-mobile-header-display":"","site-post-title":"","ast-breadcrumbs-content":"","ast-featured-img":"","footer-sml-layout":"","ast-disable-related-posts":"","theme-transparent-header-meta":"default","adv-header-id-meta":"","stick-header-meta":"","header-above-stick-meta":"","header-main-stick-meta":"","header-below-stick-meta":"","astra-migrate-meta-layouts":"set","ast-page-background-enabled":"default","ast-page-background-meta":{"desktop":{"background-color":"","background-image":"","background-repeat":"repeat","background-position":"center center","background-size":"auto","background-attachment":"scroll","background-type":"","background-media":"","overlay-type":"","overlay-color":"","overlay-opacity":"","overlay-gradient":""},"tablet":{"background-color":"","background-image":"","background-repeat":"repeat","background-position":"center center","background-size":"auto","background-attachment":"scroll","background-type":"","background-media":"","overlay-type":"","overlay-color":"","overlay-opacity":"","overlay-gradient":""},"mobile":{"background-color":"","background-image":"","background-repeat":"repeat","background-position":"center center","background-size":"auto","background-attachment":"scroll","background-type":"","background-media":"","overlay-type":"","overlay-color":"","overlay-opacity":"","overlay-gradient":""}},"ast-content-background-meta":{"desktop":{"background-color":"var(--ast-global-color-5)","background-image":"","background-repeat":"repeat","background-position":"center center","background-size":"auto","background-attachment":"scroll","background-type":"","background-media":"","overlay-type":"","overlay-color":"","overlay-opacity":"","overlay-gradient":""},"tablet":{"background-color":"var(--ast-global-color-5)","background-image":"","background-repeat":"repeat","background-position":"center center","background-size":"auto","background-attachment":"scroll","background-type":"","background-media":"","overlay-type":"","overlay-color":"","overlay-opacity":"","overlay-gradient":""},"mobile":{"background-color":"var(--ast-global-color-5)","background-image":"","background-repeat":"repeat","background-position":"center center","background-size":"auto","background-attachment":"scroll","background-type":"","background-media":"","overlay-type":"","overlay-color":"","overlay-opacity":"","overlay-gradient":""}}},"product_brand":[],"product_cat":[180,204],"product_tag":[206,205],"class_list":{"0":"post-1817","1":"product","2":"type-product","3":"status-publish","4":"has-post-thumbnail","6":"product_cat-biotecnologia-de-precision","7":"product_cat-tratamiento-de-semillas","8":"product_tag-ecologico","9":"product_tag-tratamiento-semilla","10":"desktop-align-left","11":"tablet-align-left","12":"mobile-align-left","13":"ast-product-gallery-layout-horizontal","14":"ast-product-single-variable","15":"ast-product-tabs-layout-vertical","17":"first","18":"instock","19":"shipping-taxable","20":"product-type-variable"},"acf":[],"uagb_featured_image_src":{"full":["https:\/\/www.edypro-online.com\/wp-content\/uploads\/\/images\/productos\/TratadoconrootriceHatoBlancoSevilla.jpg",800,600,false],"thumbnail":["https:\/\/www.edypro-online.com\/wp-content\/uploads\/\/images\/productos\/TratadoconrootriceHatoBlancoSevilla.jpg",150,113,false],"medium":["https:\/\/www.edypro-online.com\/wp-content\/uploads\/\/images\/productos\/TratadoconrootriceHatoBlancoSevilla.jpg",300,225,false],"medium_large":["https:\/\/www.edypro-online.com\/wp-content\/uploads\/\/images\/productos\/TratadoconrootriceHatoBlancoSevilla.jpg",768,576,false],"large":["https:\/\/www.edypro-online.com\/wp-content\/uploads\/\/images\/productos\/TratadoconrootriceHatoBlancoSevilla.jpg",800,600,false],"1536x1536":["https:\/\/www.edypro-online.com\/wp-content\/uploads\/\/images\/productos\/TratadoconrootriceHatoBlancoSevilla.jpg",800,600,false],"2048x2048":["https:\/\/www.edypro-online.com\/wp-content\/uploads\/\/images\/productos\/TratadoconrootriceHatoBlancoSevilla.jpg",800,600,false],"woocommerce_thumbnail":["https:\/\/www.edypro-online.com\/wp-content\/uploads\/\/images\/productos\/TratadoconrootriceHatoBlancoSevilla.jpg",300,225,false],"woocommerce_single":["https:\/\/www.edypro-online.com\/wp-content\/uploads\/\/images\/productos\/TratadoconrootriceHatoBlancoSevilla.jpg",600,450,false],"woocommerce_gallery_thumbnail":["https:\/\/www.edypro-online.com\/wp-content\/uploads\/\/images\/productos\/TratadoconrootriceHatoBlancoSevilla.jpg",100,75,false],"web-stories-poster-portrait":["https:\/\/www.edypro-online.com\/wp-content\/uploads\/\/images\/productos\/TratadoconrootriceHatoBlancoSevilla.jpg",640,480,false],"web-stories-publisher-logo":["https:\/\/www.edypro-online.com\/wp-content\/uploads\/\/images\/productos\/TratadoconrootriceHatoBlancoSevilla.jpg",96,72,false],"web-stories-thumbnail":["https:\/\/www.edypro-online.com\/wp-content\/uploads\/\/images\/productos\/TratadoconrootriceHatoBlancoSevilla.jpg",150,113,false],"dgwt-wcas-product-suggestion":["https:\/\/www.edypro-online.com\/wp-content\/uploads\/\/images\/productos\/TratadoconrootriceHatoBlancoSevilla.jpg",64,48,false]},"uagb_author_info":{"display_name":"a3p","author_link":"https:\/\/www.edypro-online.com\/en\/author\/"},"uagb_comment_info":4,"uagb_excerpt":"Fertiliser with Amino Acids and Liquid Mixture of Mineral Micronutrients. Fertilizer usable in Organic Agriculture according to UNE 142500 Standard.","_links":{"self":[{"href":"https:\/\/www.edypro-online.com\/en\/wp-json\/wp\/v2\/product\/1817","targetHints":{"allow":["GET"]}}],"collection":[{"href":"https:\/\/www.edypro-online.com\/en\/wp-json\/wp\/v2\/product"}],"about":[{"href":"https:\/\/www.edypro-online.com\/en\/wp-json\/wp\/v2\/types\/product"}],"replies":[{"embeddable":true,"href":"https:\/\/www.edypro-online.com\/en\/wp-json\/wp\/v2\/comments?post=1817"}],"wp:featuredmedia":[{"embeddable":true,"href":"https:\/\/www.edypro-online.com\/en\/wp-json\/wp\/v2\/media\/1818"}],"wp:attachment":[{"href":"https:\/\/www.edypro-online.com\/en\/wp-json\/wp\/v2\/media?parent=1817"}],"wp:term":[{"taxonomy":"product_brand","embeddable":true,"href":"https:\/\/www.edypro-online.com\/en\/wp-json\/wp\/v2\/product_brand?post=1817"},{"taxonomy":"product_cat","embeddable":true,"href":"https:\/\/www.edypro-online.com\/en\/wp-json\/wp\/v2\/product_cat?post=1817"},{"taxonomy":"product_tag","embeddable":true,"href":"https:\/\/www.edypro-online.com\/en\/wp-json\/wp\/v2\/product_tag?post=1817"}],"curies":[{"name":"wp","href":"https:\/\/api.w.org\/{rel}","templated":true}]}}