{"id":1717,"date":"2020-07-21T19:03:13","date_gmt":"2020-07-21T19:03:13","guid":{"rendered":"https:\/\/www.edypro-online.com\/producto\/sin%20categor\u00eda\/edyfruit-arroz\/"},"modified":"2024-11-25T15:06:14","modified_gmt":"2024-11-25T15:06:14","slug":"edyfruit-arroz","status":"publish","type":"product","link":"https:\/\/www.edypro-online.com\/en\/producto\/biotecnologia-de-precision\/edyfruit-arroz\/","title":{"rendered":"EDYFRUIT ARROZ"},"content":{"rendered":"<p><strong>EDYFRUIT ARROZ<\/strong>\u00a0stimulates the productivity factors of the plant, leading it to a correct development rhythm for it to maximize its productive potential. It has rooting effect and increases the number of fertile tillers per plant.<\/p>\n<p><strong>EDYFRUIT ARROZ<\/strong>\u00a0consists of natural substances that balance the vegetative development avoiding the misconduct in development, such as:<\/p>\n<ul>\n<li>Lack of tillering.<\/li>\n<li>Poorly growing of the stem.<\/li>\n<li>Incomplete fertilization of panicles.<\/li>\n<li>Failed, or medium-sized grains.<\/li>\n<li>Pre-harvest flattening.<\/li>\n<\/ul>\n<p><strong>EDYFRUIT ARROZ<\/strong> boosts the synthesis of proteins and carbohydrates. Also induces fertilization and accumulation of reserves in the ear during the grain filling and ripening. Acts as\u00a0an activator of the physiological processes that regulates the development of the crop avoiding that declines to vegetative development and maintaining the plant in adequate productive balance.<\/p>\n<p>Through this magnificent combination associated with plant extracts precursors, favors the obtaining of well-configured grains of large size and good configuration, the percentage of whole grains, industrial and culinary quality increases.<\/p>\n<p><strong>EDYFRUIT ARROZ<\/strong>\u00a0has foliar and radicular assimilation.<\/p>\n<p>&nbsp;<\/p>\n<p style=\"text-align: center;\"><strong>ADVANTAGES AND BENEFITS:<\/strong><\/p>\n<ul>\n<li><strong>Activator of the productive factors of the rice plant.<\/strong><\/li>\n<li>Product with\u00a0<strong>Radicular<\/strong>\u00a0and\u00a0<strong>Foliar<\/strong>\u00a0assimilation.<\/li>\n<li><strong>EDYFRUIT ARROZ<\/strong>\u00a0<strong>multiplies the root system<\/strong>\u00a0generating new powerful roots and with a high level of absorbent hair.<\/li>\n<li>Increases\u00a0<strong>the number of fertile\u00a0tillers per plant<\/strong>\u00a0uniforming their development and behavior.<\/li>\n<li>Inhanses\u00a0<strong>the set of the assimilation rate of the fertilizers<\/strong>\u00a0used.<\/li>\n<li>Strengthens the physiological evolution of the crop by standardizing the appearance of the spikes and their fertilization.<\/li>\n<li><strong>Intensifies daily photosynthesis<\/strong>, increasing the formation of carbohydrates by the plant.<\/li>\n<li>Increases the size of the grains and improves the specific weight.<\/li>\n<li><strong>EDYFRUIT ARROZ<\/strong>\u00a0<strong>lengthens and potentiates the life of the plant in the rippening\u00a0phase<\/strong>, reducing the number of small sized and poorly configured grains.<\/li>\n<li>Uniforms the maturation of the grains and the panicles.<\/li>\n<\/ul>\n<p style=\"text-align: center;\"><strong>If what you are looking for is a good final result your best ally is\u00a0EDYFRUIT ARROZ.<\/strong><\/p>\n<div class=\"ast-oembed-container \" style=\"height: 100%;\"><iframe loading=\"lazy\" title=\"Geneticist of Bertone Sementi explainig EDYFRUIT ARROZ treatment in his variety Arpa\" width=\"500\" height=\"281\" src=\"https:\/\/www.youtube.com\/embed\/z9mwv01Gm1U?feature=oembed\" frameborder=\"0\" allow=\"accelerometer; autoplay; clipboard-write; encrypted-media; gyroscope; picture-in-picture; web-share\" referrerpolicy=\"strict-origin-when-cross-origin\" allowfullscreen><\/iframe><\/div>","protected":false},"excerpt":{"rendered":"<p>3,3 AMINO ACIDS WITH MICROELEMENTS FOR FOLIAR APPLICATION.<\/p>\n<p>SPECIAL PRODUCT THAT BIOREGULATES RICE DEVELOPMENT.<\/p>\n<p>BIOREGULATING SUBSTANCES OF NATURAL ORIGIN.<\/p>\n<p>Fertiliser that can be used in Organic Agriculture according to UNE 142500 Standard.<\/p>\n<p class=\"MsoNormal\"><img loading=\"lazy\" decoding=\"async\" class=\"alignnone size-thumbnail wp-image-11709\" src=\"https:\/\/www.edypro-online.com\/wp-content\/uploads\/2020\/07\/logo-CAAE-INSUMOS-UNE-142500-01-150x150.png\" alt=\"\" width=\"150\" height=\"150\" srcset=\"https:\/\/www.edypro-online.com\/wp-content\/uploads\/2020\/07\/logo-CAAE-INSUMOS-UNE-142500-01-150x150.png 150w, https:\/\/www.edypro-online.com\/wp-content\/uploads\/2020\/07\/logo-CAAE-INSUMOS-UNE-142500-01-300x300.png 300w, https:\/\/www.edypro-online.com\/wp-content\/uploads\/2020\/07\/logo-CAAE-INSUMOS-UNE-142500-01-100x100.png 100w, https:\/\/www.edypro-online.com\/wp-content\/uploads\/2020\/07\/logo-CAAE-INSUMOS-UNE-142500-01-96x96.png 96w, https:\/\/www.edypro-online.com\/wp-content\/uploads\/2020\/07\/logo-CAAE-INSUMOS-UNE-142500-01-64x64.png 64w, https:\/\/www.edypro-online.com\/wp-content\/uploads\/2020\/07\/logo-CAAE-INSUMOS-UNE-142500-01.png 591w\" sizes=\"auto, (max-width: 150px) 100vw, 150px\" \/><\/p>\n<ul>\n<li style=\"list-style-type: none;\">\n<ul>\n<li style=\"list-style-type: none;\">\n<ul>\n<li style=\"list-style-type: none;\">\n<ul>\n<li style=\"list-style-type: none;\">\n<ul>\n<li style=\"list-style-type: none;\">\n<ul>\n<li class=\"MsoNormal\">Increases daily photosyntesis.<\/li>\n<li class=\"MsoNormal\">Improves production in kg per surface.<\/li>\n<li class=\"MsoNormal\">Increases the consistency and weight of the grains.<\/li>\n<li class=\"MsoNormal\">Reduces the &#8220;flattening&#8221;.<\/li>\n<li class=\"MsoNormal\">Uniforms the maturation of all the grains of the panicles.<\/li>\n<\/ul>\n<\/li>\n<\/ul>\n<\/li>\n<\/ul>\n<\/li>\n<\/ul>\n<\/li>\n<\/ul>\n<\/li>\n<\/ul>\n","protected":false},"featured_media":1718,"comment_status":"open","ping_status":"closed","template":"","meta":{"_acf_changed":false,"_seopress_robots_primary_cat":"none","_seopress_titles_title":"EDYFRUIT ARROZ | Biotecnolog\u00eda Precisi\u00f3n | Activaci\u00f3n del Cultivo","_seopress_titles_desc":"","_seopress_robots_index":"","_uag_custom_page_level_css":"","site-sidebar-layout":"default","site-content-layout":"default","ast-site-content-layout":"default","site-content-style":"default","site-sidebar-style":"default","ast-global-header-display":"","ast-banner-title-visibility":"","ast-main-header-display":"","ast-hfb-above-header-display":"","ast-hfb-below-header-display":"","ast-hfb-mobile-header-display":"","site-post-title":"","ast-breadcrumbs-content":"","ast-featured-img":"","footer-sml-layout":"","ast-disable-related-posts":"","theme-transparent-header-meta":"default","adv-header-id-meta":"","stick-header-meta":"","header-above-stick-meta":"","header-main-stick-meta":"","header-below-stick-meta":"","astra-migrate-meta-layouts":"set","ast-page-background-enabled":"default","ast-page-background-meta":{"desktop":{"background-color":"","background-image":"","background-repeat":"repeat","background-position":"center center","background-size":"auto","background-attachment":"scroll","background-type":"","background-media":"","overlay-type":"","overlay-color":"","overlay-opacity":"","overlay-gradient":""},"tablet":{"background-color":"","background-image":"","background-repeat":"repeat","background-position":"center center","background-size":"auto","background-attachment":"scroll","background-type":"","background-media":"","overlay-type":"","overlay-color":"","overlay-opacity":"","overlay-gradient":""},"mobile":{"background-color":"","background-image":"","background-repeat":"repeat","background-position":"center center","background-size":"auto","background-attachment":"scroll","background-type":"","background-media":"","overlay-type":"","overlay-color":"","overlay-opacity":"","overlay-gradient":""}},"ast-content-background-meta":{"desktop":{"background-color":"var(--ast-global-color-5)","background-image":"","background-repeat":"repeat","background-position":"center center","background-size":"auto","background-attachment":"scroll","background-type":"","background-media":"","overlay-type":"","overlay-color":"","overlay-opacity":"","overlay-gradient":""},"tablet":{"background-color":"var(--ast-global-color-5)","background-image":"","background-repeat":"repeat","background-position":"center center","background-size":"auto","background-attachment":"scroll","background-type":"","background-media":"","overlay-type":"","overlay-color":"","overlay-opacity":"","overlay-gradient":""},"mobile":{"background-color":"var(--ast-global-color-5)","background-image":"","background-repeat":"repeat","background-position":"center center","background-size":"auto","background-attachment":"scroll","background-type":"","background-media":"","overlay-type":"","overlay-color":"","overlay-opacity":"","overlay-gradient":""}}},"product_brand":[],"product_cat":[180],"product_tag":[206,197],"class_list":{"0":"post-1717","1":"product","2":"type-product","3":"status-publish","4":"has-post-thumbnail","6":"product_cat-biotecnologia-de-precision","7":"product_tag-ecologico","8":"product_tag-foliar","9":"desktop-align-left","10":"tablet-align-left","11":"mobile-align-left","12":"ast-product-gallery-layout-horizontal","13":"ast-product-single-variable","14":"ast-product-tabs-layout-vertical","16":"first","17":"instock","18":"shipping-taxable","19":"product-type-variable"},"acf":[],"uagb_featured_image_src":{"full":["https:\/\/www.edypro-online.com\/wp-content\/uploads\/\/images\/productos\/MomentoXXptimoaplicaciXXn.jpg",800,600,false],"thumbnail":["https:\/\/www.edypro-online.com\/wp-content\/uploads\/\/images\/productos\/MomentoXXptimoaplicaciXXn.jpg",150,113,false],"medium":["https:\/\/www.edypro-online.com\/wp-content\/uploads\/\/images\/productos\/MomentoXXptimoaplicaciXXn.jpg",300,225,false],"medium_large":["https:\/\/www.edypro-online.com\/wp-content\/uploads\/\/images\/productos\/MomentoXXptimoaplicaciXXn.jpg",768,576,false],"large":["https:\/\/www.edypro-online.com\/wp-content\/uploads\/\/images\/productos\/MomentoXXptimoaplicaciXXn.jpg",800,600,false],"1536x1536":["https:\/\/www.edypro-online.com\/wp-content\/uploads\/\/images\/productos\/MomentoXXptimoaplicaciXXn.jpg",800,600,false],"2048x2048":["https:\/\/www.edypro-online.com\/wp-content\/uploads\/\/images\/productos\/MomentoXXptimoaplicaciXXn.jpg",800,600,false],"woocommerce_thumbnail":["https:\/\/www.edypro-online.com\/wp-content\/uploads\/\/images\/productos\/MomentoXXptimoaplicaciXXn.jpg",300,225,false],"woocommerce_single":["https:\/\/www.edypro-online.com\/wp-content\/uploads\/\/images\/productos\/MomentoXXptimoaplicaciXXn.jpg",600,450,false],"woocommerce_gallery_thumbnail":["https:\/\/www.edypro-online.com\/wp-content\/uploads\/\/images\/productos\/MomentoXXptimoaplicaciXXn.jpg",100,75,false],"web-stories-poster-portrait":["https:\/\/www.edypro-online.com\/wp-content\/uploads\/\/images\/productos\/MomentoXXptimoaplicaciXXn.jpg",640,480,false],"web-stories-publisher-logo":["https:\/\/www.edypro-online.com\/wp-content\/uploads\/\/images\/productos\/MomentoXXptimoaplicaciXXn.jpg",96,72,false],"web-stories-thumbnail":["https:\/\/www.edypro-online.com\/wp-content\/uploads\/\/images\/productos\/MomentoXXptimoaplicaciXXn.jpg",150,113,false],"dgwt-wcas-product-suggestion":["https:\/\/www.edypro-online.com\/wp-content\/uploads\/\/images\/productos\/MomentoXXptimoaplicaciXXn.jpg",64,48,false]},"uagb_author_info":{"display_name":"a3p","author_link":"https:\/\/www.edypro-online.com\/en\/author\/"},"uagb_comment_info":2,"uagb_excerpt":"3,3 AMINO ACIDS WITH MICROELEMENTS FOR FOLIAR APPLICATION. SPECIAL PRODUCT THAT BIOREGULATES RICE DEVELOPMENT. BIOREGULATING SUBSTANCES OF NATURAL ORIGIN. Fertiliser that can be used in Organic Agriculture according to UNE 142500 Standard. Increases daily photosyntesis. Improves production in kg per surface. Increases the consistency and weight of the grains. Reduces the \"flattening\". Uniforms the maturation&hellip;","_links":{"self":[{"href":"https:\/\/www.edypro-online.com\/en\/wp-json\/wp\/v2\/product\/1717","targetHints":{"allow":["GET"]}}],"collection":[{"href":"https:\/\/www.edypro-online.com\/en\/wp-json\/wp\/v2\/product"}],"about":[{"href":"https:\/\/www.edypro-online.com\/en\/wp-json\/wp\/v2\/types\/product"}],"replies":[{"embeddable":true,"href":"https:\/\/www.edypro-online.com\/en\/wp-json\/wp\/v2\/comments?post=1717"}],"wp:featuredmedia":[{"embeddable":true,"href":"https:\/\/www.edypro-online.com\/en\/wp-json\/wp\/v2\/media\/1718"}],"wp:attachment":[{"href":"https:\/\/www.edypro-online.com\/en\/wp-json\/wp\/v2\/media?parent=1717"}],"wp:term":[{"taxonomy":"product_brand","embeddable":true,"href":"https:\/\/www.edypro-online.com\/en\/wp-json\/wp\/v2\/product_brand?post=1717"},{"taxonomy":"product_cat","embeddable":true,"href":"https:\/\/www.edypro-online.com\/en\/wp-json\/wp\/v2\/product_cat?post=1717"},{"taxonomy":"product_tag","embeddable":true,"href":"https:\/\/www.edypro-online.com\/en\/wp-json\/wp\/v2\/product_tag?post=1717"}],"curies":[{"name":"wp","href":"https:\/\/api.w.org\/{rel}","templated":true}]}}