{"id":1566,"date":"2020-07-21T19:02:41","date_gmt":"2020-07-21T19:02:41","guid":{"rendered":"https:\/\/www.edypro-online.com\/producto\/sin%20categor\u00eda\/algatron\/"},"modified":"2025-04-11T09:36:37","modified_gmt":"2025-04-11T09:36:37","slug":"algatron","status":"publish","type":"product","link":"https:\/\/www.edypro-online.com\/en\/producto\/nutricion-especifica\/algatron\/","title":{"rendered":"ALGATRON"},"content":{"rendered":"<p><strong>ALGATRON <\/strong>favors the physiological processes of the plant essential for the correct development of the crop, flowering, fertilization, fruit setting, as well as the quality of the final production.<\/p>\n<p><strong>ALGATRON <\/strong>is indicated for all those crops in which it is desired to increase their growth, increase the production, consistency and uniformity of the fruits.<\/p>\n<p><strong>ALGATRON <\/strong>has been carefully developed in the form of a <strong>concentrated cream<\/strong> to preserve the qualities of seaweed, thus ensuring that its beneficial effects reach the user unaltered. The algae with which <strong>ALGATRON <\/strong>has been configured belong to the genus <em>Ascophyllum nodosum<\/em>.<\/p>\n<p><em><strong>Alginic Acid<\/strong><\/em>, which is only found in algae, has the ability to directly affect <strong>physiological processes such as the synthesis of hormones and the absorption and translocation of nutrients, it activates metabolic pathways linked to cell protection.<\/strong> <em><strong>Alginic Acid<\/strong> <\/em>plays a decisive role in<strong> hydric balance<\/strong> and in the physiological response to abiotic stress.<\/p>\n<p><em><strong>Mannitol<\/strong> <\/em>is a polyol synthesized by <em>Ascophyllum nodosum<\/em> that, in addition to acting as an osmoprotector, behaves as an <strong>effective antioxidant<\/strong> by blocking reactive oxygen and thus <strong>avoiding metabolic alterations.<\/strong> Maintains proper harmony in vegetative functions and consequently <strong>prevents behavioral disorders.<\/strong><\/p>","protected":false},"excerpt":{"rendered":"<p><span id=\"result_box\" lang=\"en\">Liquid seaweed extract NK 5 &#8211; 8 for foliar and radiculat application.<\/span><\/p>\n<p><span lang=\"en\"><img decoding=\"async\" src=\"\/images\/iconos\/Residuo cero2.png\" alt=\"residuo cero\" width=\"60\" \/><\/span><\/p>\n<p>&nbsp;<\/p>\n","protected":false},"featured_media":11523,"comment_status":"open","ping_status":"closed","template":"","meta":{"_acf_changed":false,"_seopress_robots_primary_cat":"none","_seopress_titles_title":"Algatron | Nutrici\u00f3n Espec\u00edfica - Edypro","_seopress_titles_desc":"ALGATRON es un producto de nutrici\u00f3n espec\u00edfica que favorece los procesos fisiol\u00f3gicos de la planta para el correcto desarrollo del cultivo.","_seopress_robots_index":"","_uag_custom_page_level_css":"","site-sidebar-layout":"default","site-content-layout":"default","ast-site-content-layout":"default","site-content-style":"default","site-sidebar-style":"default","ast-global-header-display":"","ast-banner-title-visibility":"","ast-main-header-display":"","ast-hfb-above-header-display":"","ast-hfb-below-header-display":"","ast-hfb-mobile-header-display":"","site-post-title":"","ast-breadcrumbs-content":"","ast-featured-img":"","footer-sml-layout":"","ast-disable-related-posts":"","theme-transparent-header-meta":"default","adv-header-id-meta":"","stick-header-meta":"","header-above-stick-meta":"","header-main-stick-meta":"","header-below-stick-meta":"","astra-migrate-meta-layouts":"set","ast-page-background-enabled":"default","ast-page-background-meta":{"desktop":{"background-color":"","background-image":"","background-repeat":"repeat","background-position":"center center","background-size":"auto","background-attachment":"scroll","background-type":"","background-media":"","overlay-type":"","overlay-color":"","overlay-opacity":"","overlay-gradient":""},"tablet":{"background-color":"","background-image":"","background-repeat":"repeat","background-position":"center center","background-size":"auto","background-attachment":"scroll","background-type":"","background-media":"","overlay-type":"","overlay-color":"","overlay-opacity":"","overlay-gradient":""},"mobile":{"background-color":"","background-image":"","background-repeat":"repeat","background-position":"center center","background-size":"auto","background-attachment":"scroll","background-type":"","background-media":"","overlay-type":"","overlay-color":"","overlay-opacity":"","overlay-gradient":""}},"ast-content-background-meta":{"desktop":{"background-color":"var(--ast-global-color-5)","background-image":"","background-repeat":"repeat","background-position":"center center","background-size":"auto","background-attachment":"scroll","background-type":"","background-media":"","overlay-type":"","overlay-color":"","overlay-opacity":"","overlay-gradient":""},"tablet":{"background-color":"var(--ast-global-color-5)","background-image":"","background-repeat":"repeat","background-position":"center center","background-size":"auto","background-attachment":"scroll","background-type":"","background-media":"","overlay-type":"","overlay-color":"","overlay-opacity":"","overlay-gradient":""},"mobile":{"background-color":"var(--ast-global-color-5)","background-image":"","background-repeat":"repeat","background-position":"center center","background-size":"auto","background-attachment":"scroll","background-type":"","background-media":"","overlay-type":"","overlay-color":"","overlay-opacity":"","overlay-gradient":""}}},"product_brand":[],"product_cat":[182],"product_tag":[197,198,207],"class_list":{"0":"post-1566","1":"product","2":"type-product","3":"status-publish","4":"has-post-thumbnail","6":"product_cat-nutricion-especifica","7":"product_tag-foliar","8":"product_tag-radicular","9":"product_tag-residuo-cero","10":"desktop-align-left","11":"tablet-align-left","12":"mobile-align-left","13":"ast-product-gallery-layout-horizontal","14":"ast-product-single-variable","15":"ast-product-tabs-layout-vertical","17":"first","18":"instock","19":"shipping-taxable","20":"product-type-variable"},"acf":[],"uagb_featured_image_src":{"full":["https:\/\/www.edypro-online.com\/wp-content\/uploads\/2020\/07\/EsbalX17X.jpg",800,600,false],"thumbnail":["https:\/\/www.edypro-online.com\/wp-content\/uploads\/2020\/07\/EsbalX17X-150x150.jpg",150,150,true],"medium":["https:\/\/www.edypro-online.com\/wp-content\/uploads\/2020\/07\/EsbalX17X-300x225.jpg",300,225,true],"medium_large":["https:\/\/www.edypro-online.com\/wp-content\/uploads\/2020\/07\/EsbalX17X-768x576.jpg",768,576,true],"large":["https:\/\/www.edypro-online.com\/wp-content\/uploads\/2020\/07\/EsbalX17X.jpg",800,600,false],"1536x1536":["https:\/\/www.edypro-online.com\/wp-content\/uploads\/2020\/07\/EsbalX17X.jpg",800,600,false],"2048x2048":["https:\/\/www.edypro-online.com\/wp-content\/uploads\/2020\/07\/EsbalX17X.jpg",800,600,false],"woocommerce_thumbnail":["https:\/\/www.edypro-online.com\/wp-content\/uploads\/2020\/07\/EsbalX17X-300x300.jpg",300,300,true],"woocommerce_single":["https:\/\/www.edypro-online.com\/wp-content\/uploads\/2020\/07\/EsbalX17X-600x450.jpg",600,450,true],"woocommerce_gallery_thumbnail":["https:\/\/www.edypro-online.com\/wp-content\/uploads\/2020\/07\/EsbalX17X-100x100.jpg",100,100,true],"web-stories-poster-portrait":["https:\/\/www.edypro-online.com\/wp-content\/uploads\/2020\/07\/EsbalX17X-640x600.jpg",640,600,true],"web-stories-publisher-logo":["https:\/\/www.edypro-online.com\/wp-content\/uploads\/2020\/07\/EsbalX17X-96x96.jpg",96,96,true],"web-stories-thumbnail":["https:\/\/www.edypro-online.com\/wp-content\/uploads\/2020\/07\/EsbalX17X-150x113.jpg",150,113,true],"dgwt-wcas-product-suggestion":["https:\/\/www.edypro-online.com\/wp-content\/uploads\/2020\/07\/EsbalX17X-64x48.jpg",64,48,true]},"uagb_author_info":{"display_name":"a3p","author_link":"https:\/\/www.edypro-online.com\/en\/author\/"},"uagb_comment_info":6,"uagb_excerpt":"Liquid seaweed extract NK 5 - 8 for foliar and radiculat application. &nbsp;","_links":{"self":[{"href":"https:\/\/www.edypro-online.com\/en\/wp-json\/wp\/v2\/product\/1566","targetHints":{"allow":["GET"]}}],"collection":[{"href":"https:\/\/www.edypro-online.com\/en\/wp-json\/wp\/v2\/product"}],"about":[{"href":"https:\/\/www.edypro-online.com\/en\/wp-json\/wp\/v2\/types\/product"}],"replies":[{"embeddable":true,"href":"https:\/\/www.edypro-online.com\/en\/wp-json\/wp\/v2\/comments?post=1566"}],"wp:featuredmedia":[{"embeddable":true,"href":"https:\/\/www.edypro-online.com\/en\/wp-json\/wp\/v2\/media\/11523"}],"wp:attachment":[{"href":"https:\/\/www.edypro-online.com\/en\/wp-json\/wp\/v2\/media?parent=1566"}],"wp:term":[{"taxonomy":"product_brand","embeddable":true,"href":"https:\/\/www.edypro-online.com\/en\/wp-json\/wp\/v2\/product_brand?post=1566"},{"taxonomy":"product_cat","embeddable":true,"href":"https:\/\/www.edypro-online.com\/en\/wp-json\/wp\/v2\/product_cat?post=1566"},{"taxonomy":"product_tag","embeddable":true,"href":"https:\/\/www.edypro-online.com\/en\/wp-json\/wp\/v2\/product_tag?post=1566"}],"curies":[{"name":"wp","href":"https:\/\/api.w.org\/{rel}","templated":true}]}}