{"id":1528,"date":"2020-07-21T19:02:34","date_gmt":"2020-07-21T19:02:34","guid":{"rendered":"https:\/\/www.edypro-online.com\/producto\/sin%20categor\u00eda\/edyfruit-engorde-radicular\/"},"modified":"2025-03-11T09:20:59","modified_gmt":"2025-03-11T09:20:59","slug":"edyfruit-engorde-radicular","status":"publish","type":"product","link":"https:\/\/www.edypro-online.com\/en\/producto\/biotecnologia-de-precision\/edyfruit-engorde-radicular\/","title":{"rendered":"EDYFRUIT ENGORDE RADICULAR"},"content":{"rendered":"<p><strong>EDYFRUIT ENGORDE RADICULAR<\/strong> is a biotechnological product specially formulated to increase the size of the fruit during the thickening phase.<\/p>\n<p>Its action allows the plant to increase the formation of carbohydrates and other metabolites that are accumulated in the fruit.<\/p>\n<p><strong>EDYFRUIT ENGORDE RADICULAR<\/strong> affects both size and quality factors (colour, consistency, sugar content, gloss) that determine the success of the harvest. It activates the assimilation of potassium by ensuring that it is deposited in the fruit that is in the thickening phase.<\/p>\n<p><strong>EDYFRUIT ENGORDE RADICULAR<\/strong> increases fruit weight.<\/p>","protected":false},"excerpt":{"rendered":"<p>THE BEST FATTENING WITHOUT HORMONES<\/p>\n<p>Liquid mixture of mineral micronutrients: Boron (B), Manganese (Mn), Molybdenum (Mo).<\/p>\n<p>Water-soluble fertilizer.<\/p>\n<p>Fertilizer usable in Organic Agriculture according to UNE 142500 Standard.<\/p>\n<p><img loading=\"lazy\" decoding=\"async\" class=\"alignnone size-thumbnail wp-image-11709\" src=\"https:\/\/www.edypro-online.com\/wp-content\/uploads\/2020\/07\/logo-CAAE-INSUMOS-UNE-142500-01-150x150.png\" alt=\"\" width=\"150\" height=\"150\" srcset=\"https:\/\/www.edypro-online.com\/wp-content\/uploads\/2020\/07\/logo-CAAE-INSUMOS-UNE-142500-01-150x150.png 150w, https:\/\/www.edypro-online.com\/wp-content\/uploads\/2020\/07\/logo-CAAE-INSUMOS-UNE-142500-01-300x300.png 300w, https:\/\/www.edypro-online.com\/wp-content\/uploads\/2020\/07\/logo-CAAE-INSUMOS-UNE-142500-01-100x100.png 100w, https:\/\/www.edypro-online.com\/wp-content\/uploads\/2020\/07\/logo-CAAE-INSUMOS-UNE-142500-01-96x96.png 96w, https:\/\/www.edypro-online.com\/wp-content\/uploads\/2020\/07\/logo-CAAE-INSUMOS-UNE-142500-01-64x64.png 64w, https:\/\/www.edypro-online.com\/wp-content\/uploads\/2020\/07\/logo-CAAE-INSUMOS-UNE-142500-01.png 591w\" sizes=\"auto, (max-width: 150px) 100vw, 150px\" \/><\/p>\n","protected":false},"featured_media":1784,"comment_status":"open","ping_status":"closed","template":"","meta":{"_acf_changed":false,"_seopress_robots_primary_cat":"none","_seopress_titles_title":"Edyfruit Engorde Radicular | Biotecnolog\u00eda Precisi\u00f3n | Activaci\u00f3n del Cultivo","_seopress_titles_desc":"En EDYPRO puedes encontrar Engorde Radicular, un fertilizante sin hormonas para tu cultivo. \u00a1Compra ya nuestro producto Engorde Radicular y obt\u00e9n una cosecha de \u00e9xito!","_seopress_robots_index":"","_uag_custom_page_level_css":"","site-sidebar-layout":"default","site-content-layout":"default","ast-site-content-layout":"default","site-content-style":"default","site-sidebar-style":"default","ast-global-header-display":"","ast-banner-title-visibility":"","ast-main-header-display":"","ast-hfb-above-header-display":"","ast-hfb-below-header-display":"","ast-hfb-mobile-header-display":"","site-post-title":"","ast-breadcrumbs-content":"","ast-featured-img":"","footer-sml-layout":"","ast-disable-related-posts":"","theme-transparent-header-meta":"default","adv-header-id-meta":"","stick-header-meta":"","header-above-stick-meta":"","header-main-stick-meta":"","header-below-stick-meta":"","astra-migrate-meta-layouts":"set","ast-page-background-enabled":"default","ast-page-background-meta":{"desktop":{"background-color":"","background-image":"","background-repeat":"repeat","background-position":"center center","background-size":"auto","background-attachment":"scroll","background-type":"","background-media":"","overlay-type":"","overlay-color":"","overlay-opacity":"","overlay-gradient":""},"tablet":{"background-color":"","background-image":"","background-repeat":"repeat","background-position":"center center","background-size":"auto","background-attachment":"scroll","background-type":"","background-media":"","overlay-type":"","overlay-color":"","overlay-opacity":"","overlay-gradient":""},"mobile":{"background-color":"","background-image":"","background-repeat":"repeat","background-position":"center center","background-size":"auto","background-attachment":"scroll","background-type":"","background-media":"","overlay-type":"","overlay-color":"","overlay-opacity":"","overlay-gradient":""}},"ast-content-background-meta":{"desktop":{"background-color":"var(--ast-global-color-5)","background-image":"","background-repeat":"repeat","background-position":"center center","background-size":"auto","background-attachment":"scroll","background-type":"","background-media":"","overlay-type":"","overlay-color":"","overlay-opacity":"","overlay-gradient":""},"tablet":{"background-color":"var(--ast-global-color-5)","background-image":"","background-repeat":"repeat","background-position":"center center","background-size":"auto","background-attachment":"scroll","background-type":"","background-media":"","overlay-type":"","overlay-color":"","overlay-opacity":"","overlay-gradient":""},"mobile":{"background-color":"var(--ast-global-color-5)","background-image":"","background-repeat":"repeat","background-position":"center center","background-size":"auto","background-attachment":"scroll","background-type":"","background-media":"","overlay-type":"","overlay-color":"","overlay-opacity":"","overlay-gradient":""}}},"product_brand":[],"product_cat":[180],"product_tag":[206,198],"class_list":{"0":"post-1528","1":"product","2":"type-product","3":"status-publish","4":"has-post-thumbnail","6":"product_cat-biotecnologia-de-precision","7":"product_tag-ecologico","8":"product_tag-radicular","9":"desktop-align-left","10":"tablet-align-left","11":"mobile-align-left","12":"ast-product-gallery-layout-horizontal","13":"ast-product-single-variable","14":"ast-product-tabs-layout-vertical","16":"first","17":"instock","18":"shipping-taxable","19":"product-type-variable"},"acf":[],"uagb_featured_image_src":{"full":["https:\/\/www.edypro-online.com\/wp-content\/uploads\/\/images\/productos\/SandXXaEDYFRUITENGORDERADICULAR_1.jpg",800,600,false],"thumbnail":["https:\/\/www.edypro-online.com\/wp-content\/uploads\/\/images\/productos\/SandXXaEDYFRUITENGORDERADICULAR_1.jpg",150,113,false],"medium":["https:\/\/www.edypro-online.com\/wp-content\/uploads\/\/images\/productos\/SandXXaEDYFRUITENGORDERADICULAR_1.jpg",300,225,false],"medium_large":["https:\/\/www.edypro-online.com\/wp-content\/uploads\/\/images\/productos\/SandXXaEDYFRUITENGORDERADICULAR_1.jpg",768,576,false],"large":["https:\/\/www.edypro-online.com\/wp-content\/uploads\/\/images\/productos\/SandXXaEDYFRUITENGORDERADICULAR_1.jpg",800,600,false],"1536x1536":["https:\/\/www.edypro-online.com\/wp-content\/uploads\/\/images\/productos\/SandXXaEDYFRUITENGORDERADICULAR_1.jpg",800,600,false],"2048x2048":["https:\/\/www.edypro-online.com\/wp-content\/uploads\/\/images\/productos\/SandXXaEDYFRUITENGORDERADICULAR_1.jpg",800,600,false],"woocommerce_thumbnail":["https:\/\/www.edypro-online.com\/wp-content\/uploads\/\/images\/productos\/SandXXaEDYFRUITENGORDERADICULAR_1.jpg",300,225,false],"woocommerce_single":["https:\/\/www.edypro-online.com\/wp-content\/uploads\/\/images\/productos\/SandXXaEDYFRUITENGORDERADICULAR_1.jpg",600,450,false],"woocommerce_gallery_thumbnail":["https:\/\/www.edypro-online.com\/wp-content\/uploads\/\/images\/productos\/SandXXaEDYFRUITENGORDERADICULAR_1.jpg",100,75,false],"web-stories-poster-portrait":["https:\/\/www.edypro-online.com\/wp-content\/uploads\/\/images\/productos\/SandXXaEDYFRUITENGORDERADICULAR_1.jpg",640,480,false],"web-stories-publisher-logo":["https:\/\/www.edypro-online.com\/wp-content\/uploads\/\/images\/productos\/SandXXaEDYFRUITENGORDERADICULAR_1.jpg",96,72,false],"web-stories-thumbnail":["https:\/\/www.edypro-online.com\/wp-content\/uploads\/\/images\/productos\/SandXXaEDYFRUITENGORDERADICULAR_1.jpg",150,113,false],"dgwt-wcas-product-suggestion":["https:\/\/www.edypro-online.com\/wp-content\/uploads\/\/images\/productos\/SandXXaEDYFRUITENGORDERADICULAR_1.jpg",64,48,false]},"uagb_author_info":{"display_name":"a3p","author_link":"https:\/\/www.edypro-online.com\/en\/author\/"},"uagb_comment_info":1,"uagb_excerpt":"THE BEST FATTENING WITHOUT HORMONES Liquid mixture of mineral micronutrients: Boron (B), Manganese (Mn), Molybdenum (Mo). Water-soluble fertilizer. Fertilizer usable in Organic Agriculture according to UNE 142500 Standard.","_links":{"self":[{"href":"https:\/\/www.edypro-online.com\/en\/wp-json\/wp\/v2\/product\/1528","targetHints":{"allow":["GET"]}}],"collection":[{"href":"https:\/\/www.edypro-online.com\/en\/wp-json\/wp\/v2\/product"}],"about":[{"href":"https:\/\/www.edypro-online.com\/en\/wp-json\/wp\/v2\/types\/product"}],"replies":[{"embeddable":true,"href":"https:\/\/www.edypro-online.com\/en\/wp-json\/wp\/v2\/comments?post=1528"}],"wp:featuredmedia":[{"embeddable":true,"href":"https:\/\/www.edypro-online.com\/en\/wp-json\/wp\/v2\/media\/1784"}],"wp:attachment":[{"href":"https:\/\/www.edypro-online.com\/en\/wp-json\/wp\/v2\/media?parent=1528"}],"wp:term":[{"taxonomy":"product_brand","embeddable":true,"href":"https:\/\/www.edypro-online.com\/en\/wp-json\/wp\/v2\/product_brand?post=1528"},{"taxonomy":"product_cat","embeddable":true,"href":"https:\/\/www.edypro-online.com\/en\/wp-json\/wp\/v2\/product_cat?post=1528"},{"taxonomy":"product_tag","embeddable":true,"href":"https:\/\/www.edypro-online.com\/en\/wp-json\/wp\/v2\/product_tag?post=1528"}],"curies":[{"name":"wp","href":"https:\/\/api.w.org\/{rel}","templated":true}]}}