{"id":12200,"date":"2024-01-11T09:33:26","date_gmt":"2024-01-11T09:33:26","guid":{"rendered":"https:\/\/www.edypro-online.com\/?post_type=product&#038;p=12200"},"modified":"2025-03-11T08:51:50","modified_gmt":"2025-03-11T08:51:50","slug":"acramil","status":"publish","type":"product","link":"https:\/\/www.edypro-online.com\/en\/producto\/biotecnologia-de-control\/acramil\/","title":{"rendered":"ACRAMIL"},"content":{"rendered":"<p class=\"qtranxs-available-languages-message qtranxs-available-languages-message-en\">Sorry, this entry is only available in <a href=\"https:\/\/www.edypro-online.com\/es\/wp-json\/wp\/v2\/product\/12200\" class=\"qtranxs-available-language-link qtranxs-available-language-link-es\" title=\"Espa\u00f1ol\">Espa\u00f1ol<\/a>.<\/p><p><strong>ACRAMIL<\/strong> es un formulado capaz de motivar en el cultivo las acciones fisiol\u00f3gicas adecuadas para aumentar la transpiraci\u00f3n del mismo y, en consecuencia, lograr que la epidermis del floema se encuentre m\u00e1s hidratada y con una mejor conducta vegetativa.<\/p>\n<p>En las horas de buena luminosidad y temperaturas \u00f3ptimas es cuando la planta capta mayor nivel de CO<sub>2<\/sub> retorna a la atm\u00f3sfera un alto nivel de ox\u00edgeno facilitando de este modo la evoluci\u00f3n vital de la planta.<\/p>","protected":false},"excerpt":{"rendered":"<p class=\"qtranxs-available-languages-message qtranxs-available-languages-message-en\">Sorry, this entry is only available in <a href=\"https:\/\/www.edypro-online.com\/es\/wp-json\/wp\/v2\/product\/12200\" class=\"qtranxs-available-language-link qtranxs-available-language-link-es\" title=\"Espa\u00f1ol\">Espa\u00f1ol<\/a>.<\/p>\n<p>Amino\u00e1cidos N0,9 para aplicaci\u00f3n foliar.<\/p>\n","protected":false},"featured_media":12230,"comment_status":"closed","ping_status":"closed","template":"","meta":{"_acf_changed":false,"_seopress_robots_primary_cat":"none","_seopress_titles_title":"ACRAMIL | Biotecnolog\u00eda de Control","_seopress_titles_desc":"Acramil  es un formulado capaz de motivar en el cultivo las acciones fisiol\u00f3gicas adecuadas para aumentar la transpiraci\u00f3n del mismo.","_seopress_robots_index":"","_uag_custom_page_level_css":"","site-sidebar-layout":"default","site-content-layout":"","ast-site-content-layout":"default","site-content-style":"default","site-sidebar-style":"default","ast-global-header-display":"","ast-banner-title-visibility":"","ast-main-header-display":"","ast-hfb-above-header-display":"","ast-hfb-below-header-display":"","ast-hfb-mobile-header-display":"","site-post-title":"","ast-breadcrumbs-content":"","ast-featured-img":"","footer-sml-layout":"","ast-disable-related-posts":"","theme-transparent-header-meta":"default","adv-header-id-meta":"","stick-header-meta":"","header-above-stick-meta":"","header-main-stick-meta":"","header-below-stick-meta":"","astra-migrate-meta-layouts":"set","ast-page-background-enabled":"default","ast-page-background-meta":{"desktop":{"background-color":"","background-image":"","background-repeat":"repeat","background-position":"center center","background-size":"auto","background-attachment":"scroll","background-type":"","background-media":"","overlay-type":"","overlay-color":"","overlay-opacity":"","overlay-gradient":""},"tablet":{"background-color":"","background-image":"","background-repeat":"repeat","background-position":"center center","background-size":"auto","background-attachment":"scroll","background-type":"","background-media":"","overlay-type":"","overlay-color":"","overlay-opacity":"","overlay-gradient":""},"mobile":{"background-color":"","background-image":"","background-repeat":"repeat","background-position":"center center","background-size":"auto","background-attachment":"scroll","background-type":"","background-media":"","overlay-type":"","overlay-color":"","overlay-opacity":"","overlay-gradient":""}},"ast-content-background-meta":{"desktop":{"background-color":"var(--ast-global-color-5)","background-image":"","background-repeat":"repeat","background-position":"center center","background-size":"auto","background-attachment":"scroll","background-type":"","background-media":"","overlay-type":"","overlay-color":"","overlay-opacity":"","overlay-gradient":""},"tablet":{"background-color":"var(--ast-global-color-5)","background-image":"","background-repeat":"repeat","background-position":"center center","background-size":"auto","background-attachment":"scroll","background-type":"","background-media":"","overlay-type":"","overlay-color":"","overlay-opacity":"","overlay-gradient":""},"mobile":{"background-color":"var(--ast-global-color-5)","background-image":"","background-repeat":"repeat","background-position":"center center","background-size":"auto","background-attachment":"scroll","background-type":"","background-media":"","overlay-type":"","overlay-color":"","overlay-opacity":"","overlay-gradient":""}}},"product_brand":[],"product_cat":[177],"product_tag":[197],"class_list":{"0":"post-12200","1":"product","2":"type-product","3":"status-publish","4":"has-post-thumbnail","6":"product_cat-biotecnologia-de-control","7":"product_tag-foliar","8":"desktop-align-left","9":"tablet-align-left","10":"mobile-align-left","11":"ast-product-gallery-layout-horizontal","12":"ast-product-gallery-with-no-image","13":"ast-product-single-variable","14":"ast-product-tabs-layout-vertical","16":"first","17":"instock","18":"shipping-taxable","19":"product-type-variable"},"acf":[],"uagb_featured_image_src":{"full":["https:\/\/www.edypro-online.com\/wp-content\/uploads\/2024\/01\/ACRAMIL-foto-centro-2.jpg",640,480,false],"thumbnail":["https:\/\/www.edypro-online.com\/wp-content\/uploads\/2024\/01\/ACRAMIL-foto-centro-2-150x150.jpg",150,150,true],"medium":["https:\/\/www.edypro-online.com\/wp-content\/uploads\/2024\/01\/ACRAMIL-foto-centro-2-300x225.jpg",300,225,true],"medium_large":["https:\/\/www.edypro-online.com\/wp-content\/uploads\/2024\/01\/ACRAMIL-foto-centro-2.jpg",640,480,false],"large":["https:\/\/www.edypro-online.com\/wp-content\/uploads\/2024\/01\/ACRAMIL-foto-centro-2.jpg",640,480,false],"1536x1536":["https:\/\/www.edypro-online.com\/wp-content\/uploads\/2024\/01\/ACRAMIL-foto-centro-2.jpg",640,480,false],"2048x2048":["https:\/\/www.edypro-online.com\/wp-content\/uploads\/2024\/01\/ACRAMIL-foto-centro-2.jpg",640,480,false],"woocommerce_thumbnail":["https:\/\/www.edypro-online.com\/wp-content\/uploads\/2024\/01\/ACRAMIL-foto-centro-2-300x300.jpg",300,300,true],"woocommerce_single":["https:\/\/www.edypro-online.com\/wp-content\/uploads\/2024\/01\/ACRAMIL-foto-centro-2-600x450.jpg",600,450,true],"woocommerce_gallery_thumbnail":["https:\/\/www.edypro-online.com\/wp-content\/uploads\/2024\/01\/ACRAMIL-foto-centro-2-100x100.jpg",100,100,true],"web-stories-poster-portrait":["https:\/\/www.edypro-online.com\/wp-content\/uploads\/2024\/01\/ACRAMIL-foto-centro-2.jpg",640,480,false],"web-stories-publisher-logo":["https:\/\/www.edypro-online.com\/wp-content\/uploads\/2024\/01\/ACRAMIL-foto-centro-2-96x96.jpg",96,96,true],"web-stories-thumbnail":["https:\/\/www.edypro-online.com\/wp-content\/uploads\/2024\/01\/ACRAMIL-foto-centro-2-150x113.jpg",150,113,true],"dgwt-wcas-product-suggestion":["https:\/\/www.edypro-online.com\/wp-content\/uploads\/2024\/01\/ACRAMIL-foto-centro-2-64x48.jpg",64,48,true]},"uagb_author_info":{"display_name":"Arina Vovk","author_link":"https:\/\/www.edypro-online.com\/en\/author\/"},"uagb_comment_info":0,"uagb_excerpt":"Sorry, this entry is only available in Espa\u00f1ol.Amino\u00e1cidos N0,9 para aplicaci\u00f3n foliar.","_links":{"self":[{"href":"https:\/\/www.edypro-online.com\/en\/wp-json\/wp\/v2\/product\/12200","targetHints":{"allow":["GET"]}}],"collection":[{"href":"https:\/\/www.edypro-online.com\/en\/wp-json\/wp\/v2\/product"}],"about":[{"href":"https:\/\/www.edypro-online.com\/en\/wp-json\/wp\/v2\/types\/product"}],"replies":[{"embeddable":true,"href":"https:\/\/www.edypro-online.com\/en\/wp-json\/wp\/v2\/comments?post=12200"}],"wp:featuredmedia":[{"embeddable":true,"href":"https:\/\/www.edypro-online.com\/en\/wp-json\/wp\/v2\/media\/12230"}],"wp:attachment":[{"href":"https:\/\/www.edypro-online.com\/en\/wp-json\/wp\/v2\/media?parent=12200"}],"wp:term":[{"taxonomy":"product_brand","embeddable":true,"href":"https:\/\/www.edypro-online.com\/en\/wp-json\/wp\/v2\/product_brand?post=12200"},{"taxonomy":"product_cat","embeddable":true,"href":"https:\/\/www.edypro-online.com\/en\/wp-json\/wp\/v2\/product_cat?post=12200"},{"taxonomy":"product_tag","embeddable":true,"href":"https:\/\/www.edypro-online.com\/en\/wp-json\/wp\/v2\/product_tag?post=12200"}],"curies":[{"name":"wp","href":"https:\/\/api.w.org\/{rel}","templated":true}]}}