{"id":12197,"date":"2024-01-09T16:07:00","date_gmt":"2024-01-09T16:07:00","guid":{"rendered":"https:\/\/www.edypro-online.com\/?post_type=product&#038;p=12197"},"modified":"2025-03-11T07:53:46","modified_gmt":"2025-03-11T07:53:46","slug":"tutanium","status":"publish","type":"product","link":"https:\/\/www.edypro-online.com\/en\/producto\/biotecnologia-de-control\/tutanium\/","title":{"rendered":"TUTANIUM"},"content":{"rendered":"<p class=\"qtranxs-available-languages-message qtranxs-available-languages-message-en\">Sorry, this entry is only available in <a href=\"https:\/\/www.edypro-online.com\/es\/wp-json\/wp\/v2\/product\/12197\" class=\"qtranxs-available-language-link qtranxs-available-language-link-es\" title=\"Espa\u00f1ol\">Espa\u00f1ol<\/a>.<\/p><p><strong>TUTANIUM<\/strong> ha sido formulado de modo muy cuidadoso para obtener una combinaci\u00f3n de extractos naturales que tengan beneficios colaterales en el cultivo.<\/p>\n<p>Los cultivos se ven, en ciertos momentos, alterados en su evoluci\u00f3n diaria a causa de la presencia de par\u00e1sitos, cuya acci\u00f3n dificulta la vida y acaba empeorando la calidad de los frutos.<\/p>\n<p>Con la realizaci\u00f3n de aplicaciones continuadas de <strong>TUTANIUM<\/strong> logramos que el cultivo avance de modo adecuado, que su morfolog\u00eda sea la \u00f3ptima y a la vez que est\u00e9 poco receptivo a los par\u00e1sitos.<\/p>","protected":false},"excerpt":{"rendered":"<p class=\"qtranxs-available-languages-message qtranxs-available-languages-message-en\">Sorry, this entry is only available in <a href=\"https:\/\/www.edypro-online.com\/es\/wp-json\/wp\/v2\/product\/12197\" class=\"qtranxs-available-language-link qtranxs-available-language-link-es\" title=\"Espa\u00f1ol\">Espa\u00f1ol<\/a>.<\/p>\n<p>Amino\u00e1cidos N1 para aplicaci\u00f3n foliar y radicular.<\/p>\n","protected":false},"featured_media":12228,"comment_status":"closed","ping_status":"closed","template":"","meta":{"_acf_changed":false,"_seopress_robots_primary_cat":"none","_seopress_titles_title":"TUTANIUM | Biotecnolog\u00eda de Control","_seopress_titles_desc":"Tutanium ha sido formulado de modo muy cuidadoso para obtener una combinaci\u00f3n de extractos naturales que tengan beneficios colaterales en el cultivo.","_seopress_robots_index":"","_uag_custom_page_level_css":"","site-sidebar-layout":"default","site-content-layout":"","ast-site-content-layout":"default","site-content-style":"default","site-sidebar-style":"default","ast-global-header-display":"","ast-banner-title-visibility":"","ast-main-header-display":"","ast-hfb-above-header-display":"","ast-hfb-below-header-display":"","ast-hfb-mobile-header-display":"","site-post-title":"","ast-breadcrumbs-content":"","ast-featured-img":"","footer-sml-layout":"","ast-disable-related-posts":"","theme-transparent-header-meta":"default","adv-header-id-meta":"","stick-header-meta":"","header-above-stick-meta":"","header-main-stick-meta":"","header-below-stick-meta":"","astra-migrate-meta-layouts":"set","ast-page-background-enabled":"default","ast-page-background-meta":{"desktop":{"background-color":"","background-image":"","background-repeat":"repeat","background-position":"center center","background-size":"auto","background-attachment":"scroll","background-type":"","background-media":"","overlay-type":"","overlay-color":"","overlay-opacity":"","overlay-gradient":""},"tablet":{"background-color":"","background-image":"","background-repeat":"repeat","background-position":"center center","background-size":"auto","background-attachment":"scroll","background-type":"","background-media":"","overlay-type":"","overlay-color":"","overlay-opacity":"","overlay-gradient":""},"mobile":{"background-color":"","background-image":"","background-repeat":"repeat","background-position":"center center","background-size":"auto","background-attachment":"scroll","background-type":"","background-media":"","overlay-type":"","overlay-color":"","overlay-opacity":"","overlay-gradient":""}},"ast-content-background-meta":{"desktop":{"background-color":"var(--ast-global-color-5)","background-image":"","background-repeat":"repeat","background-position":"center center","background-size":"auto","background-attachment":"scroll","background-type":"","background-media":"","overlay-type":"","overlay-color":"","overlay-opacity":"","overlay-gradient":""},"tablet":{"background-color":"var(--ast-global-color-5)","background-image":"","background-repeat":"repeat","background-position":"center center","background-size":"auto","background-attachment":"scroll","background-type":"","background-media":"","overlay-type":"","overlay-color":"","overlay-opacity":"","overlay-gradient":""},"mobile":{"background-color":"var(--ast-global-color-5)","background-image":"","background-repeat":"repeat","background-position":"center center","background-size":"auto","background-attachment":"scroll","background-type":"","background-media":"","overlay-type":"","overlay-color":"","overlay-opacity":"","overlay-gradient":""}}},"product_brand":[],"product_cat":[177],"product_tag":[197,198],"class_list":{"0":"post-12197","1":"product","2":"type-product","3":"status-publish","4":"has-post-thumbnail","6":"product_cat-biotecnologia-de-control","7":"product_tag-foliar","8":"product_tag-radicular","9":"desktop-align-left","10":"tablet-align-left","11":"mobile-align-left","12":"ast-product-gallery-layout-horizontal","13":"ast-product-gallery-with-no-image","14":"ast-product-single-variable","15":"ast-product-tabs-layout-vertical","17":"first","18":"instock","19":"shipping-taxable","20":"product-type-variable"},"acf":[],"uagb_featured_image_src":{"full":["https:\/\/www.edypro-online.com\/wp-content\/uploads\/2024\/01\/Tutanium-fondo-scaled.jpg",2560,1788,false],"thumbnail":["https:\/\/www.edypro-online.com\/wp-content\/uploads\/2024\/01\/Tutanium-fondo-150x150.jpg",150,150,true],"medium":["https:\/\/www.edypro-online.com\/wp-content\/uploads\/2024\/01\/Tutanium-fondo-300x210.jpg",300,210,true],"medium_large":["https:\/\/www.edypro-online.com\/wp-content\/uploads\/2024\/01\/Tutanium-fondo-768x536.jpg",768,536,true],"large":["https:\/\/www.edypro-online.com\/wp-content\/uploads\/2024\/01\/Tutanium-fondo-1024x715.jpg",1024,715,true],"1536x1536":["https:\/\/www.edypro-online.com\/wp-content\/uploads\/2024\/01\/Tutanium-fondo-1536x1073.jpg",1536,1073,true],"2048x2048":["https:\/\/www.edypro-online.com\/wp-content\/uploads\/2024\/01\/Tutanium-fondo-2048x1430.jpg",2048,1430,true],"woocommerce_thumbnail":["https:\/\/www.edypro-online.com\/wp-content\/uploads\/2024\/01\/Tutanium-fondo-300x300.jpg",300,300,true],"woocommerce_single":["https:\/\/www.edypro-online.com\/wp-content\/uploads\/2024\/01\/Tutanium-fondo-600x419.jpg",600,419,true],"woocommerce_gallery_thumbnail":["https:\/\/www.edypro-online.com\/wp-content\/uploads\/2024\/01\/Tutanium-fondo-100x100.jpg",100,100,true],"web-stories-poster-portrait":["https:\/\/www.edypro-online.com\/wp-content\/uploads\/2024\/01\/Tutanium-fondo-640x853.jpg",640,853,true],"web-stories-publisher-logo":["https:\/\/www.edypro-online.com\/wp-content\/uploads\/2024\/01\/Tutanium-fondo-96x96.jpg",96,96,true],"web-stories-thumbnail":["https:\/\/www.edypro-online.com\/wp-content\/uploads\/2024\/01\/Tutanium-fondo-150x105.jpg",150,105,true],"dgwt-wcas-product-suggestion":["https:\/\/www.edypro-online.com\/wp-content\/uploads\/2024\/01\/Tutanium-fondo-64x45.jpg",64,45,true]},"uagb_author_info":{"display_name":"Arina Vovk","author_link":"https:\/\/www.edypro-online.com\/en\/author\/"},"uagb_comment_info":0,"uagb_excerpt":"Sorry, this entry is only available in Espa\u00f1ol.Amino\u00e1cidos N1 para aplicaci\u00f3n foliar y radicular.","_links":{"self":[{"href":"https:\/\/www.edypro-online.com\/en\/wp-json\/wp\/v2\/product\/12197","targetHints":{"allow":["GET"]}}],"collection":[{"href":"https:\/\/www.edypro-online.com\/en\/wp-json\/wp\/v2\/product"}],"about":[{"href":"https:\/\/www.edypro-online.com\/en\/wp-json\/wp\/v2\/types\/product"}],"replies":[{"embeddable":true,"href":"https:\/\/www.edypro-online.com\/en\/wp-json\/wp\/v2\/comments?post=12197"}],"wp:featuredmedia":[{"embeddable":true,"href":"https:\/\/www.edypro-online.com\/en\/wp-json\/wp\/v2\/media\/12228"}],"wp:attachment":[{"href":"https:\/\/www.edypro-online.com\/en\/wp-json\/wp\/v2\/media?parent=12197"}],"wp:term":[{"taxonomy":"product_brand","embeddable":true,"href":"https:\/\/www.edypro-online.com\/en\/wp-json\/wp\/v2\/product_brand?post=12197"},{"taxonomy":"product_cat","embeddable":true,"href":"https:\/\/www.edypro-online.com\/en\/wp-json\/wp\/v2\/product_cat?post=12197"},{"taxonomy":"product_tag","embeddable":true,"href":"https:\/\/www.edypro-online.com\/en\/wp-json\/wp\/v2\/product_tag?post=12197"}],"curies":[{"name":"wp","href":"https:\/\/api.w.org\/{rel}","templated":true}]}}