{"id":35,"date":"2018-11-26T12:45:57","date_gmt":"2018-11-26T12:45:57","guid":{"rendered":"https:\/\/www.edypro-online.com\/about\/"},"modified":"2023-05-24T15:17:02","modified_gmt":"2023-05-24T15:17:02","slug":"quienes-somos-biotecnologia-en-valencia","status":"publish","type":"page","link":"https:\/\/www.edypro-online.com\/en\/biotecnologiaagricola\/quienes-somos-biotecnologia-en-valencia\/","title":{"rendered":"About Us"},"content":{"rendered":"<section class=\"wp-block-uagb-section uagb-section__wrap uagb-section__background-image uagb-block-5a36627d\"><div class=\"uagb-section__overlay\"><\/div><div class=\"uagb-section__inner-wrap\">\n<div class=\"wp-block-uagb-advanced-heading uagb-block-4c3a8356\" id=\"uagb-adv-heading-7fe9f17f-61ef-4e2a-b721-3f6feb0cd267\"><h1 class=\"uagb-heading-text\">ABOUT EDYPRO<\/h1><p class=\"uagb-desc-text\"><\/p><\/div>\n<\/div><\/section>\n\n\n\n<section class=\"wp-block-uagb-section uagb-section__wrap uagb-section__background-undefined uagb-block-369cbb3a\"><div class=\"uagb-section__overlay\"><\/div><div class=\"uagb-section__inner-wrap\">\n<div class=\"wp-block-columns has-2-columns is-layout-flex wp-container-core-columns-is-layout-28f84493 wp-block-columns-is-layout-flex\">\n<div class=\"wp-block-column is-layout-flow wp-block-column-is-layout-flow\">\n<div class=\"wp-block-uagb-advanced-heading uagb-block-1f65c15a\" id=\"uagb-adv-heading-0c7487a0-0afc-4444-8f2a-925578a9b55d\"><h4 class=\"uagb-heading-text\">VANGUARD AGRICULTURE <\/h4><p class=\"uagb-desc-text\"><strong>One touch of nature makes the whole world kin<\/strong><\/p><\/div>\n\n\n\n<div class=\"wp-block-uagb-advanced-heading uagb-block-ffc3b0a8\" id=\"uagb-adv-heading-c677bda1-e7fd-49e8-b533-14ffd4516f57\"><h3 class=\"uagb-heading-text\"><strong>Committed to creating well-being for humanity <\/strong> <\/h3><p class=\"uagb-desc-text\"><\/p><\/div>\n\n\n\n<p><\/p>\n<\/div>\n\n\n\n<div class=\"wp-block-column is-layout-flow wp-block-column-is-layout-flow\">\n<div class=\"wp-block-uagb-advanced-heading uagb-block-e5267461\" id=\"uagb-adv-heading-227e6b34-e242-4fa2-8d43-2e5ee0625cfc\"><h3 class=\"uagb-heading-text\">Since 1996 EDYPRO is dedicated to the study, development and production of biotechnological fertilizers <\/h3><p class=\"uagb-desc-text\"> <br>Since its birth in 1996, EDYPRO is a company located in Valencia (Spain) and dedicated to the research, development and manufacture of biotechnology products for use in cutting-edge agriculture. We distribute our products in Spain, Portugal, France and Italy.<br><br><strong>Our Mission: EDYPRO<\/strong> is a company dedicated to the Study (E), Development (D) and Production (Pro) of biotechnological fertilizers with high agronomic performance for vanguard agriculture.<br><br>O<strong>ur Vision:<\/strong> To be a reference organization in biotechnological research for agriculture without residues \/ ecological agriculture at a national and international level.<\/p><\/div>\n<\/div>\n<\/div>\n<\/div><\/section>\n\n\n\n<section class=\"wp-block-uagb-section uagb-section__wrap uagb-section__background-color uagb-block-926f2587\"><div class=\"uagb-section__overlay\"><\/div><div class=\"uagb-section__inner-wrap\">\n<div class=\"wp-block-columns has-4-columns is-layout-flex wp-container-core-columns-is-layout-28f84493 wp-block-columns-is-layout-flex\">\n<div class=\"wp-block-column is-layout-flow wp-block-column-is-layout-flow\">\n<div class=\"wp-block-uagb-advanced-heading uagb-block-276e7830\" id=\"uagb-adv-heading-adb2c479-213a-43b6-883d-121928bb0887\"><h4 class=\"uagb-heading-text\"><strong>SOME NUMBERS<\/strong><\/h4><p class=\"uagb-desc-text\"><br><\/p><\/div>\n\n\n\n<div class=\"wp-block-uagb-advanced-heading uagb-block-91886d22\" id=\"uagb-adv-heading-e3680824-6d7c-4d1a-b8ec-e4bd8d87a9f8\"><h3 class=\"uagb-heading-text\"><strong>EDYPRO has<\/strong> <\/h3><p class=\"uagb-desc-text\"><\/p><\/div>\n<\/div>\n\n\n\n<div class=\"wp-block-column is-layout-flow wp-block-column-is-layout-flow\">\n<div class=\"wp-block-uagb-advanced-heading uagb-block-22b0c5a9\" id=\"uagb-adv-heading-0c39d734-f7c2-47fe-9e4d-8ac6f210b6f4\"><h1 class=\"uagb-heading-text\">2<\/h1><p class=\"uagb-desc-text\"> Research Labs <\/p><\/div>\n\n\n\n<p><\/p>\n<\/div>\n\n\n\n<div class=\"wp-block-column is-layout-flow wp-block-column-is-layout-flow\">\n<div class=\"wp-block-uagb-advanced-heading uagb-block-bcca21eb\" id=\"uagb-adv-heading-d72c6c75-1c74-45e3-ac7b-c169cfd9b351\"><h1 class=\"uagb-heading-text\">2<\/h1><p class=\"uagb-desc-text\"> Production Centers <\/p><\/div>\n<\/div>\n\n\n\n<div class=\"wp-block-column is-layout-flow wp-block-column-is-layout-flow\">\n<div class=\"wp-block-uagb-advanced-heading uagb-block-be247d7d\" id=\"uagb-adv-heading-5cebc623-3783-4a69-9d5e-436b572076a7\"><h1 class=\"uagb-heading-text\">3<\/h1><p class=\"uagb-desc-text\">Testing and Experimentation Fields<\/p><\/div>\n<\/div>\n<\/div>\n\n\n\n<hr class=\"wp-block-separator is-style-wide\"\/>\n\n\n\n<div class=\"wp-block-uagb-advanced-heading uagb-block-e083fee8\" id=\"uagb-adv-heading-d5089d02-3bb7-4fe8-aff9-6467523a9ecc\"><h3 class=\"uagb-heading-text\"> <br>At EDYPRO we are specialists in plant physiology. We investigate the causes of the inappropriate attitude of the crop to anticipate, avoid or redirect it   <\/h3><p class=\"uagb-desc-text\"><\/p><\/div>\n\n\n\n<div style=\"height:50px\" aria-hidden=\"true\" class=\"wp-block-spacer\"><\/div>\n\n\n\n<div class=\"wp-block-columns has-3-columns is-layout-flex wp-container-core-columns-is-layout-28f84493 wp-block-columns-is-layout-flex\">\n<div class=\"wp-block-column is-layout-flow wp-block-column-is-layout-flow\">\n<div class=\"wp-block-uagb-advanced-heading uagb-block-3d5a05bf\" id=\"uagb-adv-heading-f448937a-ab2f-4dc3-af0a-c9bfb0ed2d8e\"><h4 class=\"uagb-heading-text\">QUALITY IN THE WHOLE PROCESS <\/h4><p class=\"uagb-desc-text\"><strong>EDYPRO<\/strong> works to achieve the best possible quality in the entire production process. From the moment the product is conceived, going through the laboratory or production phase, quality always governs all its phases.<br><br>In addition to the quality of our products and its effectiveness, we are concerned about the impact that the activity may have on the environment. And that is why our biotechnological solutions are respectful with the environment and with high agronomic performance.    <\/p><\/div>\n<\/div>\n\n\n\n<div class=\"wp-block-column is-layout-flow wp-block-column-is-layout-flow\">\n<div class=\"wp-block-uagb-advanced-heading uagb-block-8a6e6e48\" id=\"uagb-adv-heading-0aa53000-cd1d-4dca-9a46-524bba50ed77\"><h4 class=\"uagb-heading-text\">RESULTS GUARANTEE<\/h4><p class=\"uagb-desc-text\">The <strong>effectiveness of our biotechnological solutions<\/strong> is supported by the experience of technicians and farmers who work with them.<br><strong>We have almost 100% satisfied customers.<\/strong><br><br><\/p><\/div>\n\n\n\n<figure class=\"wp-block-embed is-type-video is-provider-youtube wp-block-embed-youtube wp-embed-aspect-16-9 wp-has-aspect-ratio\"><div class=\"wp-block-embed__wrapper\">\n<iframe loading=\"lazy\" title=\"Impresiones sobre el PROCUAJE RADICULAR en tomate cherry\" width=\"500\" height=\"281\" src=\"https:\/\/www.youtube.com\/embed\/92X7OiByE2w?feature=oembed\" frameborder=\"0\" allow=\"accelerometer; autoplay; clipboard-write; encrypted-media; gyroscope; picture-in-picture; web-share\" referrerpolicy=\"strict-origin-when-cross-origin\" allowfullscreen><\/iframe>\n<\/div><\/figure>\n\n\n\n<figure class=\"wp-block-embed is-type-video is-provider-youtube wp-block-embed-youtube wp-embed-aspect-16-9 wp-has-aspect-ratio\"><div class=\"wp-block-embed__wrapper\">\n<iframe loading=\"lazy\" title=\"Geneticist of Bertone Sementi explainig EDYFRUIT ARROZ treatment in his variety Arpa\" width=\"500\" height=\"281\" src=\"https:\/\/www.youtube.com\/embed\/z9mwv01Gm1U?start=55&#038;feature=oembed\" frameborder=\"0\" allow=\"accelerometer; autoplay; clipboard-write; encrypted-media; gyroscope; picture-in-picture; web-share\" referrerpolicy=\"strict-origin-when-cross-origin\" allowfullscreen><\/iframe>\n<\/div><\/figure>\n<\/div>\n\n\n\n<div class=\"wp-block-column is-layout-flow wp-block-column-is-layout-flow\">\n<div class=\"wp-block-uagb-advanced-heading uagb-block-26f8812c\" id=\"uagb-adv-heading-61a37e6c-19c5-40f4-83cf-3b1d81d1125d\"><h3 class=\"uagb-heading-text\">Through biotechnology we achieve results of the highest quality and production<\/h3><p class=\"uagb-desc-text\"><\/p><\/div>\n\n\n\n<figure class=\"wp-block-embed is-type-video is-provider-youtube wp-block-embed-youtube wp-embed-aspect-16-9 wp-has-aspect-ratio\"><div class=\"wp-block-embed__wrapper\">\n<iframe loading=\"lazy\" title=\"Entrevista de Jos\u00e9 Rivera 26.10.2019\" width=\"500\" height=\"281\" src=\"https:\/\/www.youtube.com\/embed\/C5o_NiwZapY?feature=oembed\" frameborder=\"0\" allow=\"accelerometer; autoplay; clipboard-write; encrypted-media; gyroscope; picture-in-picture; web-share\" referrerpolicy=\"strict-origin-when-cross-origin\" allowfullscreen><\/iframe>\n<\/div><\/figure>\n\n\n\n<figure class=\"wp-block-embed is-type-video is-provider-youtube wp-block-embed-youtube wp-embed-aspect-16-9 wp-has-aspect-ratio\"><div class=\"wp-block-embed__wrapper\">\n<iframe loading=\"lazy\" title=\"Cristobal P\u00e9rez explicando el manejo de pimiento mediante biotecnolog\u00eda de EDYPRO 25 09 2019\" width=\"500\" height=\"281\" src=\"https:\/\/www.youtube.com\/embed\/AY7GeDnnTZE?feature=oembed\" frameborder=\"0\" allow=\"accelerometer; autoplay; clipboard-write; encrypted-media; gyroscope; picture-in-picture; web-share\" referrerpolicy=\"strict-origin-when-cross-origin\" allowfullscreen><\/iframe>\n<\/div><\/figure>\n<\/div>\n<\/div>\n<\/div><\/section>\n\n\n\n<section class=\"wp-block-uagb-section uagb-section__wrap uagb-section__background-color uagb-block-6a55c404\"><div class=\"uagb-section__overlay\"><\/div><div class=\"uagb-section__inner-wrap\">\n<div class=\"wp-block-columns has-2-columns is-layout-flex wp-container-core-columns-is-layout-28f84493 wp-block-columns-is-layout-flex\">\n<div class=\"wp-block-column is-layout-flow wp-block-column-is-layout-flow\">\n<div class=\"wp-block-uagb-advanced-heading uagb-block-4c1395ba\" id=\"uagb-adv-heading-e408c17b-035e-41df-bb4c-4a8361ad4f4e\"><h3 class=\"uagb-heading-text\"><br>If you want to know more about our biotechnological solutions<\/h3><p class=\"uagb-desc-text\"><\/p><\/div>\n<\/div>\n\n\n\n<div class=\"wp-block-column is-layout-flow wp-block-column-is-layout-flow\">\n<div style=\"height:20px\" aria-hidden=\"true\" class=\"wp-block-spacer\"><\/div>\n\n\n\n<div class=\"wp-block-uagb-buttons uagb-buttons__outer-wrap uagb-block-e635d447\"><div class=\"uagb-buttons__wrap uagb-buttons-layout-wrap\">\n<div class=\"wp-block-uagb-buttons-child uagb-buttons__outer-wrap uagb-block-99dfd166\"><div class=\"uagb-button__wrapper\"><a class=\"uagb-buttons-repeater\" href=\"#\" rel=\"noopener noreferrer\" target=\"_self\"><div class=\"uagb-button__link\">Contact Us<\/div><\/a><\/div><\/div>\n<\/div><\/div>\n<\/div>\n<\/div>\n<\/div><\/section>\n\n\n\n<p><\/p>","protected":false},"excerpt":{"rendered":"","protected":false},"author":1,"featured_media":0,"parent":353,"menu_order":0,"comment_status":"closed","ping_status":"closed","template":"","meta":{"_acf_changed":false,"_seopress_robots_primary_cat":"","_seopress_titles_title":"Empresa Biotecnolog\u00eda en Valencia | EDYPRO","_seopress_titles_desc":"En EDYPRO trabajamos la biotecnolog\u00eda en Valencia. Somos una empresa especialista en fertilizantes biotecnol\u00f3gicos en Valencia. Conoce nuestra biotecnolog\u00eda agr\u00edcola en Valencia. ","_seopress_robots_index":"","_uag_custom_page_level_css":"","site-sidebar-layout":"no-sidebar","site-content-layout":"page-builder","ast-site-content-layout":"default","site-content-style":"default","site-sidebar-style":"default","ast-global-header-display":"","ast-banner-title-visibility":"","ast-main-header-display":"","ast-hfb-above-header-display":"","ast-hfb-below-header-display":"","ast-hfb-mobile-header-display":"","site-post-title":"disabled","ast-breadcrumbs-content":"","ast-featured-img":"disabled","footer-sml-layout":"","ast-disable-related-posts":"","theme-transparent-header-meta":"enabled","adv-header-id-meta":"","stick-header-meta":"","header-above-stick-meta":"","header-main-stick-meta":"","header-below-stick-meta":"","astra-migrate-meta-layouts":"default","ast-page-background-enabled":"default","ast-page-background-meta":{"desktop":{"background-color":"","background-image":"","background-repeat":"repeat","background-position":"center center","background-size":"auto","background-attachment":"scroll","background-type":"","background-media":"","overlay-type":"","overlay-color":"","overlay-opacity":"","overlay-gradient":""},"tablet":{"background-color":"","background-image":"","background-repeat":"repeat","background-position":"center center","background-size":"auto","background-attachment":"scroll","background-type":"","background-media":"","overlay-type":"","overlay-color":"","overlay-opacity":"","overlay-gradient":""},"mobile":{"background-color":"","background-image":"","background-repeat":"repeat","background-position":"center center","background-size":"auto","background-attachment":"scroll","background-type":"","background-media":"","overlay-type":"","overlay-color":"","overlay-opacity":"","overlay-gradient":""}},"ast-content-background-meta":{"desktop":{"background-color":"var(--ast-global-color-5)","background-image":"","background-repeat":"repeat","background-position":"center center","background-size":"auto","background-attachment":"scroll","background-type":"","background-media":"","overlay-type":"","overlay-color":"","overlay-opacity":"","overlay-gradient":""},"tablet":{"background-color":"var(--ast-global-color-5)","background-image":"","background-repeat":"repeat","background-position":"center center","background-size":"auto","background-attachment":"scroll","background-type":"","background-media":"","overlay-type":"","overlay-color":"","overlay-opacity":"","overlay-gradient":""},"mobile":{"background-color":"var(--ast-global-color-5)","background-image":"","background-repeat":"repeat","background-position":"center center","background-size":"auto","background-attachment":"scroll","background-type":"","background-media":"","overlay-type":"","overlay-color":"","overlay-opacity":"","overlay-gradient":""}},"footnotes":""},"class_list":["post-35","page","type-page","status-publish","hentry"],"acf":[],"uagb_featured_image_src":{"full":false,"thumbnail":false,"medium":false,"medium_large":false,"large":false,"1536x1536":false,"2048x2048":false,"woocommerce_thumbnail":false,"woocommerce_single":false,"woocommerce_gallery_thumbnail":false,"web-stories-poster-portrait":false,"web-stories-publisher-logo":false,"web-stories-thumbnail":false,"dgwt-wcas-product-suggestion":false},"uagb_author_info":{"display_name":"a3p","author_link":"https:\/\/www.edypro-online.com\/en\/author\/a3p\/"},"uagb_comment_info":0,"uagb_excerpt":null,"_links":{"self":[{"href":"https:\/\/www.edypro-online.com\/en\/wp-json\/wp\/v2\/pages\/35","targetHints":{"allow":["GET"]}}],"collection":[{"href":"https:\/\/www.edypro-online.com\/en\/wp-json\/wp\/v2\/pages"}],"about":[{"href":"https:\/\/www.edypro-online.com\/en\/wp-json\/wp\/v2\/types\/page"}],"author":[{"embeddable":true,"href":"https:\/\/www.edypro-online.com\/en\/wp-json\/wp\/v2\/users\/1"}],"replies":[{"embeddable":true,"href":"https:\/\/www.edypro-online.com\/en\/wp-json\/wp\/v2\/comments?post=35"}],"version-history":[{"count":50,"href":"https:\/\/www.edypro-online.com\/en\/wp-json\/wp\/v2\/pages\/35\/revisions"}],"predecessor-version":[{"id":12544,"href":"https:\/\/www.edypro-online.com\/en\/wp-json\/wp\/v2\/pages\/35\/revisions\/12544"}],"up":[{"embeddable":true,"href":"https:\/\/www.edypro-online.com\/en\/wp-json\/wp\/v2\/pages\/353"}],"wp:attachment":[{"href":"https:\/\/www.edypro-online.com\/en\/wp-json\/wp\/v2\/media?parent=35"}],"curies":[{"name":"wp","href":"https:\/\/api.w.org\/{rel}","templated":true}]}}